{"id":996,"date":"2026-01-13T13:13:18","date_gmt":"2026-01-13T12:13:18","guid":{"rendered":"https:\/\/www.polski360.com\/?page_id=996"},"modified":"2026-01-13T13:13:45","modified_gmt":"2026-01-13T12:13:45","slug":"polityka-prywatnosci-cookies","status":"publish","type":"page","link":"https:\/\/www.polski360.com\/pl\/polityka-prywatnosci-cookies\/","title":{"rendered":"Polityka prywatno\u015bci cookies"},"content":{"rendered":"\n<div class=\"wp-block-columns is-layout-flex wp-container-core-columns-is-layout-28f84493 wp-block-columns-is-layout-flex\">\n<div class=\"wp-block-column !mx-auto main-wrapper px-5 is-layout-flow wp-block-column-is-layout-flow\">\n<h3 style=\"font-size:1.5em;margin-bottom:1em;\">Polityka prywatno\u015bci strony internetowej oraz plik\u00f3w cookies<\/h3>\n<p style=\"margin-bottom:1em;\">Poni\u017cej przedstawiamy aktualn\u0105 polityk\u0119 plik\u00f3w prywatno\u015bci strony internetowej oraz plik\u00f3w cookies. Niniejsza polityka mo\u017ce ulec zmianie. Aktualna wersja zamieszczana jest na naszej stronie internetowej.<\/p><br \/>\n<div style=\"width: 100%; overflow-x: auto;\">\n\t<table style=\"width: 100%;border-collapse: collapse;margin-bottom: 20px;\">\n\t\t<tr>\n\t\t\t<td style=\"font-weight: bold; border: 1px solid #ddd;padding: 10px;\">\n\t\t\t\tOkre\u015blenie administratora danych osobowych\n\t\t\t<\/td>\n\t\t\t<td style=\" border: 1px solid #ddd;padding: 10px;\">\n\t\t\t\tPe\u0142na nazwa przedsi\u0119biorcy ze wskazaniem formy prawnej Adres siedziby (KRS) lub sta\u0142ego miejsca wykonywania dzia\u0142alno\u015bci gospodarczej (CEiDG)\n\t\t\t<\/td>\n\t\t<\/tr>\n\t\t<tr>\n\t\t\t<td style=\"font-weight: bold; border: 1px solid #ddd;padding: 10px;\">\n\t\t\t\tDane kontaktowe administratora danych osobowych\n\t\t\t<\/td>\n\t\t\t<td style=\" border: 1px solid #ddd;padding: 10px;\">\n\t\t\t\t<p>Adres do korespondencji tradycyjnej:<\/p>\n\t\t\t\t<p>Polski360 Gabriela Pasek, ul.Le\u015bna 70A, 42-300 Myszk\u00f3w<\/p>\n\t\t\t\t<p>e-mail: biuro@polski360.com<\/p>\n\t\t\t<\/td>\n\t\t<\/tr>\n\t\t<tr>\n\t\t\t<td rowspan=\"5\" style=\"font-weight: bold; border: 1px solid #ddd;padding: 10px;\">\n\t\t\t\tWskazanie celu i podstawy prawnej przetwarzania danych\n\t\t\t<\/td>\n\t\t\t<td style=\"border: 1px solid #ddd;padding: 10px;\">\n\t\t\t\tOptymalizacja funkcjonalno\u015bci witryny internetowej Administratora (art. 6 ust. 1 lit. f RODO)\n\t\t\t<\/td>\n\t\t<\/tr>\n\t\t<tr>\n\t\t\t<td style=\"border: 1px solid #ddd;padding: 10px;\">\n\t\t\t\tAnaliza i statystyka dotycz\u0105ce korzystania przez u\u017cytkownik\u00f3w z witryny internetowej Administratora (art. 6 ust. 1 lit. f RODO)\n\t\t\t<\/td>\n\t\t<\/tr>\n\t\t<tr>\n\t\t\t<td style=\"border: 1px solid #ddd;padding: 10px;\">\n\t\t\t\tRealizacja prawnie uzasadnionego interesu Administratora polegaj\u0105cego na analizie czynno\u015bci u\u017cytkownika, a nast\u0119pnie wykorzystywanie danych analitycznych do remarketingu (tj. wy\u015bwietlania reklam skorelowanych z zainteresowaniami u\u017cytkownika) (art. 6 ust. 1 lit. f RODO)\n\t\t\t<\/td>\n\t\t<\/tr>\n\t\t<tr>\n\t\t\t<td style=\" border: 1px solid #ddd;padding: 10px;\">\n\t\t\t\tW przypadku wyra\u017cenia odr\u0119bnej zgody na przetwarzanie danych osobowych, cel wskazany w tre\u015bci zgody (art. 6 ust. 1 lit. a RODO)\n\t\t\t<\/td>\n\t\t<\/tr>\n\t\t<tr>\n\t\t\t<td style=\"border: 1px solid #ddd;padding: 10px;\">\n\t\t\t\tRealizacja obowi\u0105zk\u00f3w wynikaj\u0105cych z przepis\u00f3w prawa powszechnie obowi\u0105zuj\u0105cego, w szczeg\u00f3lno\u015bci Prawa telekomunikacyjnego oraz ustawy o \u015bwiadczeniu us\u0142ug drog\u0105 elektroniczn\u0105 (art. 6 ust. 1 lit. c RODO)\n\t\t\t<\/td>\n\t\t<\/tr>\n\t\t<tr>\n\t\t\t<td style=\"font-weight: bold; border: 1px solid #ddd;padding: 10px;\">\n\t\t\t\tWskazanie okresu przetwarzania danych\n\t\t\t<\/td>\n\t\t\t<td style=\"border: 1px solid #ddd;padding: 10px;\">\n\t\t\t\tDane b\u0119d\u0105 przetwarzane do czasu wyga\u015bni\u0119cia obowi\u0105zku przetwarzania danych wynikaj\u0105cego z w\u0142a\u015bciwych przepis\u00f3w, w szczeg\u00f3lno\u015bci Prawa telekomunikacyjnego oraz ustawy o \u015bwiadczeniu us\u0142ug drog\u0105 elektroniczn\u0105. Dane przetwarzane na podstawie prawnie uzasadnionego interesu Administratora (art. 6 ust. 1 lit. f RODO) przetwarzane b\u0119d\u0105 do momentu uwzgl\u0119dnienia uzasadnionego sprzeciwu wobec przetwarzania, Dane przetwarzane na podstawie wyra\u017conej zgody (art. 6 ust. 1 lit. a RODO) przetwarzane b\u0119d\u0105 do momentu cofni\u0119cia zgody na przetwarzanie.\n\t\t\t<\/td>\n\t\t<\/tr>\n\t\t<tr>\n\t\t\t<td style=\"font-weight: bold; border: 1px solid #ddd;padding: 10px;\">\n\t\t\t\tWskazanie rodzaju przetwarzanych danych\n\t\t\t<\/td>\n\t\t\t<td style=\"border: 1px solid #ddd;padding: 10px;\">\n\t\t\t\tAdres IP, wszelkie informacje zapisane w plikach cookies lub pochodz\u0105ce z innych technologii \u015bledz\u0105cych, takie jak np. informacje o urz\u0105dzeniu, z kt\u00f3rego przegl\u0105dana jest witryna, informacje o przegl\u0105darce stron internetowych, informacje odno\u015bnie aktywno\u015bci na stronie internetowej. Szczeg\u00f3\u0142owe informacje zawarte zosta\u0142y w cz\u0119\u015bci polityki po\u015bwi\u0119conej plikom cookies.\n\t\t\t<\/td>\n\t\t<\/tr>\n\t\t<tr>\n\t\t\t<td style=\"font-weight: bold; border: 1px solid #ddd;padding: 10px;\">\n\t\t\t\tWskazanie \u017ar\u00f3d\u0142a pochodzenia danych\n\t\t\t<\/td>\n\t\t\t<td style=\"border: 1px solid #ddd;padding: 10px;\">\n\t\t\t\tDane pochodz\u0105 od osoby przegl\u0105daj\u0105cej witryn\u0119.\n\t\t\t<\/td>\n\t\t<\/tr>\n\t\t<tr>\n\t\t\t<td style=\"font-weight: bold; border: 1px solid #ddd;padding: 10px;\">\n\t\t\t\tKonsekwencje niepodania danych\n\t\t\t<\/td>\n\t\t\t<td style=\" border: 1px solid #ddd;padding: 10px;\">\n\t\t\t\tPodanie danych nie jest obowi\u0105zkowe i odmowa ich podania nie niesie negatywnych skutk\u00f3w dla u\u017cytkownika.\n\t\t\t<\/td>\n\t\t<\/tr>\n\t\t<tr>\n\t\t\t<td style=\"font-weight: bold; border: 1px solid #ddd;padding: 10px;\">\n\t\t\t\tWskazanie odbiorc\u00f3w danych\n\t\t\t<\/td>\n\t\t\t<td style=\"border: 1px solid #ddd;padding: 10px;\">\n\t\t\t\tOdbiorcami danych s\u0105 podmioty zewn\u0119trzne:<br \/>\n\t\t\t\t&#8211; organy administracji publicznej lub inne uprawnione podmioty \u2013 je\u015bli obowi\u0105zek przekazania danych wynika z w\u0142a\u015bciwych przepis\u00f3w,<br \/>\n\t\t\t\t&#8211; nasi dostawcy i podwykonawcy,<br \/>\n\t\t\t\t&#8211; podmioty dostarczaj\u0105ce technologie informatyczne,\n\t\t\t<\/td>\n\t\t<\/tr>\n\t\t<tr>\n\t\t\t<td style=\"font-weight: bold; border: 1px solid #ddd;padding: 10px;\">\n\t\t\t\tEksport danych poza teren Europejskiego Obszaru Gospodarczego\n\t\t\t<\/td>\n\t\t\t<td style=\"border: 1px solid #ddd;padding: 10px;\">\n\t\t\t\tDane nie s\u0105 przekazywane poza Europejski Obszar Gospodarczy.\n\t\t\t<\/td>\n\t\t<\/tr>\n\t\t<tr>\n\t\t\t<td style=\"font-weight: bold; border: 1px solid #ddd;padding: 10px;\">\n\t\t\t\tInformacja o podejmowaniu zautomatyzowanych decyzji na podstawie danych\n\t\t\t<\/td>\n\t\t\t<td style=\" border: 1px solid #ddd;padding: 10px;\">\n\t\t\t\tNa podstawie dostarczonych danych nie s\u0105 podejmowane zautomatyzowane decyzje.\n\t\t\t<\/td>\n\t\t<\/tr>\n\t\t<tr>\n\t\t\t<td style=\"font-weight: bold; border: 1px solid #ddd;padding: 10px;\">\n\t\t\t\tPrawa podmiotu danych\n\t\t\t<\/td>\n\t\t\t<td style=\" border: 1px solid #ddd;padding: 10px;\">\n\t\t\t\tOsoba, kt\u00f3rej dane dotycz\u0105 ma prawo do:<br \/>\n\t\t\t\t&#8211; \u017c\u0105dania dost\u0119pu do swoich danych (art. 15 RODO)<br \/>\n\t\t\t\t&#8211; \u017c\u0105dania sprostowania danych (art. 16 RODO)<br \/>\n\t\t\t\t&#8211; \u017c\u0105dania usuni\u0119cia danych (art. 17 RODO)<br \/>\n\t\t\t\t&#8211; \u017c\u0105dania ograniczenia przetwarzania danych (art. 18 RODO)<br \/>\n\t\t\t\t&#8211; \u017c\u0105dania przeniesienia danych (art. 20 RODO)<br \/>\n\t\t\t\t&#8211; cofni\u0119cia zgody na przetwarzanie danych\n\t\t\t<\/td>\n\t\t<\/tr>\n\t\t<tr>\n\t\t\t<td style=\"font-weight: bold; border: 1px solid #ddd;padding: 10px;\">\n\t\t\t\tWskazanie sposobu z\u0142o\u017cenia sprzeciwu\n\t\t\t<\/td>\n\t\t\t<td style=\"border: 1px solid #ddd;padding: 10px;\">\n\t\t\t\tMasz prawo z\u0142o\u017cenia sprzeciwu wobec przetwarzania swoich danych. Sprzeciw mo\u017cesz z\u0142o\u017cy\u0107 na adres e-mail: biuro@polski360.com\n\t\t\t<\/td>\n\t\t<\/tr>\n\t\t<tr>\n\t\t\t<td style=\"font-weight: bold; border: 1px solid #ddd;padding: 10px;\">\n\t\t\t\tSkarga do Urz\u0119du Ochrony Danych Osobowych\n\t\t\t<\/td>\n\t\t\t<td style=\"border: 1px solid #ddd;padding: 10px;\">\n\t\t\t\tMasz prawo do z\u0142o\u017cenia skargi na przetwarzanie danych do Prezesa Urz\u0119du Ochrony Danych Osobowych. Szczeg\u00f3\u0142y na stronie: https:\/\/uodo.gov.pl\/\n\t\t\t<\/td>\n\t\t<\/tr>\n\t<\/table>\n<\/div>\n<h3 style=\"font-size:1.5em;margin-bottom:1em;\">Pliki cookies<\/h3><br \/>\n<h4 style=\"font-size:1.3em;margin-bottom:1em;\">I. Og\u00f3lne informacje o plikach cookie<\/h4><br \/>\n<ol style=\"list-style:decimal;margin-left:2em;line-height:1.5em;margin-bottom:1em;\">\n\t<li>Pliki cookies to pliki tekstowe zapisuj\u0105ce si\u0119 na urz\u0105dzeniu (komputerze, tablecie, telefonie, etc.), w trakcie wy\u015bwietlania strony internetowej. Podzielili\u015bmy pliki cookies na dwa rodzaje\n\t\t<ol style=\"list-style-type:lower-alpha;margin-left:2em;line-height:1.5em;\">\n\t\t\t<li>\n\t\t\t\t<p>Pliki cookies niezb\u0119dne do korzystania ze strony internetowej, dzi\u0119ki kt\u00f3rym funkcje strony internetowej dzia\u0142aj\u0105 w\u0142a\u015bciwie i stabilnie. Zgodnie z art. 173 ust. 3 Ustawy Prawo telekomunikacyjne, nie musimy pobra\u0107 zgody na stosowanie tego rodzaju plik\u00f3w cookies. Pliki te stosujemy domy\u015blnie, gdy u\u017cytkownik odwiedza nasz\u0105 stron\u0119 (pliki te zapisywane s\u0105 w urz\u0105dzeniu podczas odwiedzin strony internetowej). Dokonuj\u0105 one pomiaru ruchu na stronie internetowej i stanowi\u0105 zabezpieczenie przed jej przeci\u0105\u017ceniem. Pliki te zapisuj\u0105 wybrane przez u\u017cytkownika opcje i udzielone informacje dotycz\u0105ce prywatno\u015bci, logowania oraz koszyka zam\u00f3wie\u0144.<\/p>\n\t\t\t<\/li>\n\t\t\t<li>\n\t\t\t\t<p>&#8222;Fakultatywne&#8221;, pozosta\u0142e pliki cookies, wykorzystywane w\u00f3wczas gdy wyrazisz na to zgod\u0119. Stosujemy analityczne pliki cookie, dostarczane przez Google, s\u0142u\u017c\u0105ce do liczenia odwiedzin i \u015bledzenia ich \u017ar\u00f3d\u0142a, w celu poprawy wydajno\u015bci strony internetowej. Pliki dostarczaj\u0105 informacj\u0119 o odwiedzanych przez u\u017cytkownika podstronach i sposobie poruszania si\u0119 po stronie internetowej. Wyra\u017cenie zgody na stosowanie ww. plik\u00f3w jest dobrowolne, a dokonany przez u\u017cytkownika wyb\u00f3r nie ma wp\u0142ywu na dzia\u0142anie strony internetowej.<\/p>\n\t\t\t<\/li>\n\t\t<\/ol>\n\t<\/li>\n<\/ol>\n<br \/>\n<a data-cc=\"show-preferencesModal\" class=\"preferencesModal\" style=\"display:block;width:80%;margin:0 auto;cursor:pointer;text-decoration:underline;margin-bottom:1em;text-align:center;\">KLIKNIJ TUTAJ ABY UZYSKA\u0106 INFORMACJE O NAZWACH STOSOWANYCH PLIK\u00d3W COOKIES WRAZ Z OPISEM ICH FUNKCJI ORAZ WSKAZANIEM OKRESU ICH ZAPISU<\/a><br \/><br \/>\n<h4 style=\"font-size:1.3em;margin-bottom:1em;\">II. Wyb\u00f3r ustawie\u0144 dotycz\u0105cych pozosta\u0142ych plik\u00f3w cookies<\/h4><br \/>\n<ol style=\"list-style:decimal;margin-left:2em;line-height:1.5em;margin-bottom:1em;\">\n\t<li>\n\t\tZgodnie z art. 173 ust. 3 Ustawy Prawo telekomunikacyjne, nie musimy pobra\u0107 zgody na stosowanie niezb\u0119dnych plik\u00f3w cookies.\n\t<\/li>\n\t<li>\n\t\tW trakcie odwiedzin naszej strony internetowej wy\u015bwietli si\u0119 baner z informacj\u0105 o stosowaniu plik\u00f3w cookies.\n\t<\/li>\n\t<li>\n\t\tJe\u015bli nie chcesz, aby pozosta\u0142e, tzw. \u201efakultatywne\u201d pliki cookies, by\u0142y zapisywane na urz\u0105dzeniu z kt\u00f3rego korzystasz, wybierz opcj\u0119 \u201eOdrzu\u0107 wszystkie\u201d. Wyb\u00f3r tej opcji skutkowa\u0107 b\u0119dzie odmow\u0105 wyra\u017cenia zgody na wszystkie pozosta\u0142e (fakultatywne) cookies i tym samym odrzuceniem wszystkich plik\u00f3w cookies, z wyj\u0105tkiem cookies niezb\u0119dnych do korzystania ze strony internetowej.\n\t<\/li>\n\t<li>\n\t\tJe\u015bli wybierzesz opcj\u0119 \u201eAkceptuj wszystkie&#8221;, b\u0119dzie to oznacza\u0107, \u017ce wyra\u017casz zgod\u0119 na zapis na urz\u0105dzeniu, z kt\u00f3rego korzystasz, wszystkich pozosta\u0142ych (fakultatywnych) plik\u00f3w cookies.\n\t<\/li>\n\t<li>\n\t\tJe\u015bli wybierzesz opcj\u0119 \u201eWybierz w\u0142asne ustawienia\u201d, b\u0119dziesz m\u00f3g\u0142 zarz\u0105dza\u0107 swoimi preferencjami dokonuj\u0105c wyboru poszczeg\u00f3lnych pozosta\u0142ych (fakultatywnych) plik\u00f3w cookies, opisanych powy\u017cej, na kt\u00f3rych zapis na urz\u0105dzeniu, z kt\u00f3rego korzystasz, wyra\u017casz zgod\u0119.\n\t<\/li>\n\t<li>\n\t\tDokonany przez Ciebie wyb\u00f3r potwierdza r\u00f3wnie\u017c, \u017ce wiesz, czym s\u0105 pliki cookies, kt\u00f3rych u\u017cywamy oraz do jakich cel\u00f3w ich u\u017cywamy.\n\t<\/li>\n\t<li>\n\t\tW ka\u017cdym momencie mo\u017cesz zmodyfikowa\u0107 dokonane uprzednio wybory dotycz\u0105ce wyra\u017cenia zg\u00f3d w zakresie zapisywania plik\u00f3w cookies. Aby to zrobi\u0107, kliknij w ikonk\u0119, kt\u00f3ra przedstawia ko\u0142o z\u0119bate, znajduj\u0105c\u0105 si\u0119 w lewym dolnym rogu naszej strony internetowej.\n\t<\/li>\n<\/ol>\n<\/div>\n<\/div>\n","protected":false},"excerpt":{"rendered":"<p>Polityka prywatno\u015bci strony internetowej oraz plik\u00f3w cookies Poni\u017cej przedstawiamy aktualn\u0105 polityk\u0119 plik\u00f3w prywatno\u015bci strony internetowej oraz plik\u00f3w cookies. Niniejsza polityka mo\u017ce ulec zmianie. Aktualna wersja zamieszczana jest na naszej stronie internetowej. Okre\u015blenie administratora danych osobowych Pe\u0142na nazwa przedsi\u0119biorcy ze wskazaniem formy prawnej Adres siedziby (KRS) lub sta\u0142ego miejsca wykonywania dzia\u0142alno\u015bci gospodarczej (CEiDG) Dane kontaktowe administratora [&hellip;]<\/p>\n","protected":false},"author":1,"featured_media":0,"parent":0,"menu_order":0,"comment_status":"closed","ping_status":"closed","template":"","meta":{"_acf_changed":false,"footnotes":""},"class_list":["post-996","page","type-page","status-publish","hentry"],"acf":[],"_links":{"self":[{"href":"https:\/\/www.polski360.com\/pl\/wp-json\/wp\/v2\/pages\/996","targetHints":{"allow":["GET"]}}],"collection":[{"href":"https:\/\/www.polski360.com\/pl\/wp-json\/wp\/v2\/pages"}],"about":[{"href":"https:\/\/www.polski360.com\/pl\/wp-json\/wp\/v2\/types\/page"}],"author":[{"embeddable":true,"href":"https:\/\/www.polski360.com\/pl\/wp-json\/wp\/v2\/users\/1"}],"replies":[{"embeddable":true,"href":"https:\/\/www.polski360.com\/pl\/wp-json\/wp\/v2\/comments?post=996"}],"version-history":[{"count":2,"href":"https:\/\/www.polski360.com\/pl\/wp-json\/wp\/v2\/pages\/996\/revisions"}],"predecessor-version":[{"id":998,"href":"https:\/\/www.polski360.com\/pl\/wp-json\/wp\/v2\/pages\/996\/revisions\/998"}],"wp:attachment":[{"href":"https:\/\/www.polski360.com\/pl\/wp-json\/wp\/v2\/media?parent=996"}],"curies":[{"name":"wp","href":"https:\/\/api.w.org\/{rel}","templated":true}]}}