{"id":35,"date":"2025-07-02T08:50:27","date_gmt":"2025-07-02T06:50:27","guid":{"rendered":"https:\/\/polski360.com\/?page_id=35"},"modified":"2026-02-13T07:45:45","modified_gmt":"2026-02-13T06:45:45","slug":"kontakt","status":"publish","type":"page","link":"https:\/\/www.polski360.com\/pl\/kontakt\/","title":{"rendered":"Kontakt"},"content":{"rendered":"\n<div class=\"wp-block-group gap-10 main-wrapper px-5 is-layout-constrained wp-block-group-is-layout-constrained\">\n<div class=\"wp-block-columns gap-10 is-layout-flex wp-container-core-columns-is-layout-28f84493 wp-block-columns-is-layout-flex\">\n<div class=\"wp-block-column is-layout-flow wp-block-column-is-layout-flow\">\n<h2 class=\"text-2xl md:text-3xl lg:text-4xl wp-block-mrblocks-generictext has-primary-color has-text-color has-link-color wp-elements-28ab60f8e9b8adbb95a685894c1916c5\">Skontaktuj si\u0119 z nami!<\/h2>\n\n\n\n<div style=\"height:51px\" aria-hidden=\"true\" class=\"wp-block-spacer\"><\/div>\n\n\n\n<h3 class=\"wp-block-heading has-medium-font-size\">Dane firmy<\/h3>\n\n\n\n<p><strong>Polski360 Gabriela Pasek<\/strong><\/p>\n\n\n\n<p><strong>NIP:<\/strong> 5772005342<br><strong>REGON:<\/strong> 543035297<br>ul.Le\u015bna 70A, 42-300 Myszk\u00f3w<br>TEL: <a href=\"tel:+48507577914\"><strong>+48 507 577 914<\/strong><\/a><\/p>\n\n\n\n<div style=\"height:20px\" aria-hidden=\"true\" class=\"wp-block-spacer\"><\/div>\n\n\n\n<div class=\"wp-block-group gap-5 max-w-[200px] is-horizontal is-content-justification-space-between is-layout-flex wp-container-core-group-is-layout-d5572140 wp-block-group-is-layout-flex\">\n<p class=\"has-gray-text-color has-text-color has-link-color has-medium-font-size wp-elements-ad81170a3fe58fbbcd149b88d0d16644\">WhatsApp:<\/p>\n\n\n\n<figure class=\"wp-block-image size-full !max-w-[50px] wp-duotone-213a6e-ffffff-1\"><a href=\"https:\/\/wa.me\/48507577914\" target=\"_blank\" rel=\"noopener\"><img decoding=\"async\" src=\"https:\/\/polski360.com\/wp-content\/uploads\/2025\/07\/whatsapp_1231202.svg\" alt=\"\" class=\"wp-image-314\"\/><\/a><\/figure>\n<\/div>\n\n\n\n<div class=\"wp-block-group gap-5 max-w-[200px] is-horizontal is-content-justification-space-between is-layout-flex wp-container-core-group-is-layout-d5572140 wp-block-group-is-layout-flex\">\n<p class=\"has-gray-text-color has-text-color has-link-color has-medium-font-size wp-elements-96ee107d23d84bf53ebe49b39939916c\">Telegram: <\/p>\n\n\n\n<figure class=\"wp-block-image size-full !max-w-[50px] wp-duotone-213a6e-ffffff-2\"><a href=\"https:\/\/t.me\/+48507577914\"><img decoding=\"async\" src=\"https:\/\/polski360.com\/wp-content\/uploads\/2025\/12\/send_2983788.svg\" alt=\"\" class=\"wp-image-315\"\/><\/a><\/figure>\n<\/div>\n\n\n\n<div style=\"height:15px\" aria-hidden=\"true\" class=\"wp-block-spacer\"><\/div>\n\n\n\n<div class=\"flex gap-4 mt-5\">\n\n            <a href=\"https:\/\/youtube.com\/@polski360?si=00BirknZPKu2RVTW\" class=\"hover:opacity-80 duration-300 max-w-[30px]\" rel=\"no-follow noopener\" target=\"_blank\"><svg xmlns=\"http:\/\/www.w3.org\/2000\/svg\" width=\"30\" height=\"30\" class=\" fill-secondary\" viewBox=\"0 0 16 16\">\n        <path d=\"M8.051 1.999h.089c.822.003 4.987.033 6.11.335a2.01 2.01 0 0 1 1.415 1.42c.101.38.172.883.22 1.402l.01.104.022.26.008.104c.065.914.073 1.77.074 1.957v.075c-.001.194-.01 1.108-.082 2.06l-.008.105-.009.104c-.05.572-.124 1.14-.235 1.558a2.01 2.01 0 0 1-1.415 1.42c-1.16.312-5.569.334-6.18.335h-.142c-.309 0-1.587-.006-2.927-.052l-.17-.006-.087-.004-.171-.007-.171-.007c-1.11-.049-2.167-.128-2.654-.26a2.01 2.01 0 0 1-1.415-1.419c-.111-.417-.185-.986-.235-1.558L.09 9.82l-.008-.104A31 31 0 0 1 0 7.68v-.123c.002-.215.01-.958.064-1.778l.007-.103.003-.052.008-.104.022-.26.01-.104c.048-.519.119-1.023.22-1.402a2.01 2.01 0 0 1 1.415-1.42c.487-.13 1.544-.21 2.654-.26l.17-.007.172-.006.086-.003.171-.007A100 100 0 0 1 7.858 2zM6.4 5.209v4.818l4.157-2.408z\" \/>\n      <\/svg><\/a>      <a href=\"https:\/\/www.tiktok.com\/@polski360?_r=1&#038;_t=ZN-93pSxkIIlFe\" class=\"hover:opacity-80 duration-300 max-w-[30px]\" rel=\"no-follow noopener\" target=\"_blank\"><svg xmlns=\"http:\/\/www.w3.org\/2000\/svg\" width=\"30\" height=\"30\" class=\" fill-secondary\" viewBox=\"0 0 16 16\">\n        <path d=\"M9 0h1.98c.144.715.54 1.617 1.235 2.512C12.895 3.389 13.797 4 15 4v2c-1.753 0-3.07-.814-4-1.829V11a5 5 0 1 1-5-5v2a3 3 0 1 0 3 3z\" \/>\n      <\/svg><\/a>\n<\/div><\/div>\n\n\n\n<div class=\"wp-block-column is-layout-flow wp-block-column-is-layout-flow\">\n<h2 class=\"text-2xl md:text-3xl lg:text-4xl wp-block-mrblocks-generictext has-primary-color has-text-color has-link-color wp-elements-c53c5ccf7f153da202800325f12ef5d6\">Zapytaj o us\u0142ug\u0119<\/h2>\n\n\n\n<div style=\"height:20px\" aria-hidden=\"true\" class=\"wp-block-spacer\"><\/div>\n\n\n\n<p class=\"max-w-lg has-gray-text-color has-text-color has-link-color has-medium-font-size wp-elements-5e49537e1329143403db7c31deb47a18\">Masz jakie\u015b dodatkowe pytania odno\u015bnie naszej oferty? Skorzystaj z formularza lub zadzwo\u0144 do nas bezpo\u015brednio.<\/p>\n\n\n\n<div style=\"height:20px\" aria-hidden=\"true\" class=\"wp-block-spacer\"><\/div>\n\n\n\n<div class=\"wp-block-contact-form-7-contact-form-selector\">\n<div class=\"wpcf7 no-js\" id=\"wpcf7-f53-o1\" lang=\"pl-PL\" dir=\"ltr\" data-wpcf7-id=\"53\">\n<div class=\"screen-reader-response\"><p role=\"status\" aria-live=\"polite\" aria-atomic=\"true\"><\/p> <ul><\/ul><\/div>\n<form action=\"\/pl\/wp-json\/wp\/v2\/pages\/35#wpcf7-f53-o1\" method=\"post\" class=\"wpcf7-form init\" aria-label=\"Formularz kontaktowy\" novalidate=\"novalidate\" data-status=\"init\">\n<fieldset class=\"hidden-fields-container\"><input type=\"hidden\" name=\"_wpcf7\" value=\"53\" \/><input type=\"hidden\" name=\"_wpcf7_version\" value=\"6.1.4\" \/><input type=\"hidden\" name=\"_wpcf7_locale\" value=\"pl_PL\" \/><input type=\"hidden\" name=\"_wpcf7_unit_tag\" value=\"wpcf7-f53-o1\" \/><input type=\"hidden\" name=\"_wpcf7_container_post\" value=\"0\" \/><input type=\"hidden\" name=\"_wpcf7_posted_data_hash\" value=\"\" \/>\n<\/fieldset>\n<div class=\"flex flex-col gap-5\">\n    <span class=\"wpcf7-form-control-wrap\" data-name=\"your-name\"><input size=\"40\" maxlength=\"400\" class=\"wpcf7-form-control wpcf7-text wpcf7-validates-as-required py-2 px-1 bg-transparent border-b border-solid border-black w-full\" autocomplete=\"name\" aria-required=\"true\" aria-invalid=\"false\" placeholder=\"Twoje imi\u0119\" value=\"\" type=\"text\" name=\"your-name\" \/><\/span>\n\n  \n     <span class=\"wpcf7-form-control-wrap\" data-name=\"tel-775\"><input size=\"40\" maxlength=\"400\" class=\"wpcf7-form-control wpcf7-tel wpcf7-validates-as-required wpcf7-text wpcf7-validates-as-tel py-2 px-1 bg-transparent border-b border-solid border-black w-full\" aria-required=\"true\" aria-invalid=\"false\" placeholder=\"Telefon\" value=\"\" type=\"tel\" name=\"tel-775\" \/><\/span>\n\n\n    <span class=\"wpcf7-form-control-wrap\" data-name=\"your-subject\"><input size=\"40\" maxlength=\"400\" class=\"wpcf7-form-control wpcf7-text wpcf7-validates-as-required py-2 px-1 bg-transparent border-b border-solid border-black w-full\" aria-required=\"true\" aria-invalid=\"false\" placeholder=\"Temat\" value=\"\" type=\"text\" name=\"your-subject\" \/><\/span> \n\n\n    <span class=\"wpcf7-form-control-wrap\" data-name=\"your-message\"><textarea cols=\"40\" rows=\"10\" maxlength=\"2000\" class=\"wpcf7-form-control wpcf7-textarea py-2 px-1 bg-transparent border-b border-solid border-black w-full\" aria-invalid=\"false\" placeholder=\"Twoja wiadomo\u015b\u0107\" name=\"your-message\"><\/textarea><\/span>\n\n<input class=\"wpcf7-form-control wpcf7-submit has-spinner mr-button w-full\" id=\"form-submit\" type=\"submit\" value=\"Wy\u015blij wiadomo\u015b\u0107\" \/>\n<div class=\"mt-2 flex\"><span class=\"wpcf7-form-control-wrap\" data-name=\"acceptance-886\"><span class=\"wpcf7-form-control wpcf7-acceptance\"><span class=\"wpcf7-list-item\"><label><input type=\"checkbox\" name=\"acceptance-886\" value=\"1\" aria-invalid=\"false\" \/><span class=\"wpcf7-list-item-label\">Zapozna\u0142em si\u0119 z <a href=\"\/polityka-prywatnosci-cookies\/\">polityk\u0105 prywatno\u015bci<\/a> i akceptuj\u0119 warunki dotycz\u0105ce przetwarzania moich danych osobowych.*<\/span><\/label><\/span><\/span><\/span><\/div>\n<\/div>\n<div class=\"mt-2\">\n<div class=\"wpcf7-turnstile cf-turnstile\" data-sitekey=\"0x4AAAAAACLQ6SqUh5xgWYb3\" data-response-field-name=\"_wpcf7_turnstile_response\"><\/div>\n<\/div><div class=\"wpcf7-response-output\" aria-hidden=\"true\"><\/div>\n<\/form>\n<\/div>\n<\/div>\n<\/div>\n<\/div>\n<\/div>\n\n\n<div class=\" spacing-top main-wrapper \" \/>\n<\/div>\n\n\n<section class=\"wp-block-group is-layout-constrained wp-block-group-is-layout-constrained\">\n<p><\/p>\n<\/section>\n","protected":false},"excerpt":{"rendered":"<p>Dane firmy Polski360 Gabriela Pasek NIP: 5772005342REGON: 543035297ul.Le\u015bna 70A, 42-300 Myszk\u00f3wTEL: +48 507 577 914 WhatsApp: Telegram: Masz jakie\u015b dodatkowe pytania odno\u015bnie naszej oferty? Skorzystaj z formularza lub zadzwo\u0144 do nas bezpo\u015brednio.<\/p>\n","protected":false},"author":1,"featured_media":0,"parent":0,"menu_order":0,"comment_status":"closed","ping_status":"closed","template":"","meta":{"_acf_changed":false,"footnotes":""},"class_list":["post-35","page","type-page","status-publish","hentry"],"acf":[],"_links":{"self":[{"href":"https:\/\/www.polski360.com\/pl\/wp-json\/wp\/v2\/pages\/35","targetHints":{"allow":["GET"]}}],"collection":[{"href":"https:\/\/www.polski360.com\/pl\/wp-json\/wp\/v2\/pages"}],"about":[{"href":"https:\/\/www.polski360.com\/pl\/wp-json\/wp\/v2\/types\/page"}],"author":[{"embeddable":true,"href":"https:\/\/www.polski360.com\/pl\/wp-json\/wp\/v2\/users\/1"}],"replies":[{"embeddable":true,"href":"https:\/\/www.polski360.com\/pl\/wp-json\/wp\/v2\/comments?post=35"}],"version-history":[{"count":15,"href":"https:\/\/www.polski360.com\/pl\/wp-json\/wp\/v2\/pages\/35\/revisions"}],"predecessor-version":[{"id":1508,"href":"https:\/\/www.polski360.com\/pl\/wp-json\/wp\/v2\/pages\/35\/revisions\/1508"}],"wp:attachment":[{"href":"https:\/\/www.polski360.com\/pl\/wp-json\/wp\/v2\/media?parent=35"}],"curies":[{"name":"wp","href":"https:\/\/api.w.org\/{rel}","templated":true}]}}