{"id":31,"date":"2025-07-02T08:48:00","date_gmt":"2025-07-02T06:48:00","guid":{"rendered":"https:\/\/polski360.com\/?page_id=31"},"modified":"2026-02-24T12:50:56","modified_gmt":"2026-02-24T11:50:56","slug":"grupowe-zajecia-z-polskiego","status":"publish","type":"page","link":"https:\/\/www.polski360.com\/pl\/uslugi\/grupowe-zajecia-z-polskiego\/","title":{"rendered":"Grupowe zaj\u0119cia z polskiego &#8211; korepetycje z j\u0119zyka polskiego w grupie"},"content":{"rendered":"\n<section class=\"wp-block-group is-layout-flow wp-block-group-is-layout-flow\"><div style=\"background-color: \">\n  <div class=\"main-wrapper px-5 gap-10 flex flex-col  md:grid md:grid-cols-2  relative  \">\n\n    <div class=\"flex   flex-col gap-5 sm:flex-row md:row-start-1 md:row-end-2 \">\n      <div class=\"w-full \"><img decoding=\"async\" src=\"https:\/\/polski360.com\/wp-content\/uploads\/2025\/12\/zajecia-w-grupie-online.webp\" alt=\"Zaj\u0119cia online grupowe z polskiego\" class=\"intersect:animate-fade-up intersect:animate-delay-200 intersect:animate-duration-[500ms] intersect-once  max-w-full h-auto object-cover sticky top-0 \" \/><\/div>\n\n    <\/div>\n    <div class=\"   md:row-start-1 md:row-end-2 \">\n      \n\n<h3 class=\"text-base wp-block-mrblocks-generictext has-secondary-color has-text-color has-link-color wp-elements-7f70c0a0c566b9fac70880fc2781b839\"><strong>POLSKI360<\/strong><\/h3>\n\n\n\n<div style=\"height:20px\" aria-hidden=\"true\" class=\"wp-block-spacer\"><\/div>\n\n\n\n<h2 class=\"text-2xl md:text-3xl lg:text-4xl wp-block-mrblocks-generictext has-primary-color has-text-color has-link-color wp-elements-decd908860d012cf3a3fc30e52e6528f\">Grupowe zaj\u0119cia z j\u0119zyka polskiego dla obcokrajowc\u00f3w<\/h2>\n\n\n\n<div style=\"height:50px\" aria-hidden=\"true\" class=\"wp-block-spacer\"><\/div>\n\n\n\n<p class=\"has-gray-text-color has-text-color has-link-color wp-elements-3c11adff38dae42f7a52fc19c51b5c77\">Grupowe lekcje polskiego to skuteczny spos\u00f3b na szybkie opanowanie j\u0119zyka w przyjaznej atmosferze. Pracujemy w ma\u0142ych grupach, dzi\u0119ki czemu ka\u017cdy uczestnik ma przestrze\u0144 do m\u00f3wienia, zadawania pyta\u0144 i aktywnego udzia\u0142u. Program zaj\u0119\u0107 obejmuje praktyczne s\u0142ownictwo, gramatyk\u0119 oraz \u0107wiczenia konwersacyjne, kt\u00f3re pomagaj\u0105 swobodnie komunikowa\u0107 si\u0119 w codziennych sytuacjach.<\/p>\n\n\n\n<div style=\"height:50px\" aria-hidden=\"true\" class=\"wp-block-spacer\"><\/div>\n\n\n\n<p class=\"has-gray-text-color has-text-color has-link-color wp-elements-1bcf5cd2e5521e5ff1a765a1e6b86850\">Kursy s\u0105 przeznaczone dla obcokrajowc\u00f3w mieszkaj\u0105cych w Polsce, pracuj\u0105cych, studiuj\u0105cych lub planuj\u0105cych przeprowadzk\u0119. Zaj\u0119cia prowadzone s\u0105 krok po kroku, w tempie dopasowanym do poziomu grupy, co zapewnia komfort nauki i szybkie post\u0119py. Dzi\u0119ki regularnym spotkaniom uczestnicy nabieraj\u0105 pewno\u015bci siebie i rozwijaj\u0105 realne umiej\u0119tno\u015bci u\u017cycia j\u0119zyka polskiego.<\/p>\n\n\n\n<div style=\"height:72px\" aria-hidden=\"true\" class=\"wp-block-spacer\"><\/div>\n\n\n\n<div class=\"wp-block-group gap-10 is-horizontal is-layout-flex wp-block-group-is-layout-flex\"><a class=\"button-secondary \" href=\"https:\/\/www.polski360.com\/pl\/kontakt\/\">\n  Zapisz si\u0119 na zaj\u0119cia<\/a>\n\n<a class=\"mr-button \" href=\"https:\/\/www.polski360.com\/pl\/cennik\/\">\n  Zobacz cennik<\/a>\n<\/div>\n\n    <\/div>\n  <\/div>\n\n<\/div>\n\n<div class=\" spacing-top main-wrapper \" \/>\n<\/div>\n\n<div style=\"background-color: \">\n  <div class=\"main-wrapper px-5 gap-10 flex flex-col  md:grid md:grid-cols-2  relative  \">\n\n    <div class=\"flex   flex-col gap-5 sm:flex-row md:row-start-1 md:row-end-2  md:col-start-2 md:col-end-3\">\n      <div class=\"w-full \"><img decoding=\"async\" src=\"https:\/\/www.polski360.com\/wp-content\/uploads\/2026\/01\/jezyk-polski-dla-grup.webp\" alt=\"j\u0119zyk polski dla grup\" class=\"intersect:animate-fade-up intersect:animate-delay-200 intersect:animate-duration-[500ms] intersect-once  max-w-full h-auto object-cover sticky top-0 \" \/><\/div>\n\n    <\/div>\n    <div class=\"   md:row-start-1 md:row-end-2  md:col-start-1 md:col-end-2\">\n      \n\n<p class=\"has-gray-text-color has-text-color has-link-color wp-elements-0802c82354a66e1e89437c939d3dd637\">W Polski360 stawiamy na <strong>praktyczne zastosowanie j\u0119zyka<\/strong> w kameralnych, kilku\u2011osobowych grupach. Nasze <strong>grupowe lekcje j\u0119zyka polskiego<\/strong> odbywaj\u0105 si\u0119 w przyjaznej atmosferze, gdzie ka\u017cdy ma szans\u0119 m\u00f3wi\u0107, pope\u0142nia\u0107 b\u0142\u0119dy i otrzyma\u0107 konstruktywn\u0105 informacj\u0119 zwrotn\u0105. Zaj\u0119cia prowadz\u0105 <strong>do\u015bwiadczeni lektorzy<\/strong>, kt\u00f3rzy dostosowuj\u0105 tempo i materia\u0142y do potrzeb grupy, zapewniamy te\u017c dost\u0119p do autorskich materia\u0142\u00f3w i \u0107wicze\u0144 online. Dzi\u0119ki temu nauka jest efektywna, a uczestnicy szybko zauwa\u017caj\u0105 post\u0119py w codziennej komunikacji.<\/p>\n\n\n\n<h2 class=\"text-2xl md:text-3xl lg:text-4xl wp-block-mrblocks-generictext has-primary-color has-text-color has-link-color wp-elements-71821eb5a21342c1746f12bf5f780421\"><strong>Kiedy powinienem zapisa\u0107 si\u0119 na zaj\u0119cia w grupie?<\/strong><\/h2>\n\n\n\n<p class=\"has-gray-text-color has-text-color has-link-color wp-elements-0c344cd3fc1065af4ffb42befa2680d7\">Na <strong>kursy polskiego w grupie<\/strong> warto zapisa\u0107 si\u0119 zawsze wtedy, gdy czujesz, \u017ce samodzielna nauka lub indywidualne lekcje to za ma\u0142o. Je\u015bli boisz si\u0119 rozmawia\u0107 w j\u0119zyku obcym, grupa pomo\u017ce Ci oswoi\u0107 ten l\u0119k. Zobaczysz, \u017ce inni uczestnicy maj\u0105 podobne trudno\u015bci, a b\u0142\u0119dy s\u0105 czym\u015b naturalnym.<\/p>\n\n\n\n<p>Zaj\u0119cia grupowe s\u0105 najlepszym wyborem, gdy:<\/p>\n\n\n\n<p class=\"has-gray-text-color has-text-color has-link-color wp-elements-4a7ed9cde9759354bf549f28f1c1be4f\"><strong>Chcesz nawi\u0105za\u0107 nowe znajomo\u015bci i prze\u0142ama\u0107 barier\u0119 j\u0119zykow\u0105<\/strong> \u2014 wsp\u00f3lna nauka sprzyja integracji i motywacji do dalszego rozwoju.<\/p>\n\n\n\n<p class=\"has-gray-text-color has-text-color has-link-color wp-elements-452df6d2f785ded8255fff45b49d5cbb\"><strong>Boisz si\u0119 rozmawia\u0107 w j\u0119zyku obcym<\/strong> \u2014 kameralna grupa pomaga prze\u0142ama\u0107 nie\u015bmia\u0142o\u015b\u0107 i \u0107wiczy\u0107 m\u00f3wienie w bezpiecznym otoczeniu.<\/p>\n\n\n\n<p class=\"has-gray-text-color has-text-color has-link-color wp-elements-087b3267fd5680272f0cb85f15f1dfa1\"><strong>Rozumiesz polski, ale nie potrafisz si\u0119 nim pos\u0142ugiwa\u0107<\/strong> \u2014 konwersacje i praktyczne zadania zamieniaj\u0105 bierne rozumienie w aktywne u\u017cycie j\u0119zyka.<\/p>\n\n\n\n<p class=\"has-gray-text-color has-text-color has-link-color wp-elements-52b1fd3e796b1ffdd56ccd1f86611509\"><strong>Stresujesz si\u0119 podczas dyskusji<\/strong> \u2014 regularne \u0107wiczenia w grupie ucz\u0105 radzenia sobie ze stresem i p\u0142ynnego wyra\u017cania my\u015bli.<\/p>\n\n    <\/div>\n  <\/div>\n\n<\/div>\n\n<div class=\" spacing-top main-wrapper \" \/>\n<\/div>\n\n<div style=\"background-color: \">\n  <div class=\"main-wrapper px-5 gap-10 flex flex-col  md:grid md:grid-cols-2  relative  \">\n\n    <div class=\"flex   flex-col gap-5 sm:flex-row md:row-start-1 md:row-end-2 \">\n      <div class=\"w-full \"><img decoding=\"async\" src=\"https:\/\/www.polski360.com\/wp-content\/uploads\/2026\/01\/korepetycje-z-polskiego-dla-grup.webp\" alt=\"korepetycje z polskiego dla grup\" class=\"intersect:animate-fade-up intersect:animate-delay-200 intersect:animate-duration-[500ms] intersect-once  max-w-full h-auto object-cover sticky top-0 \" \/><\/div>\n\n    <\/div>\n    <div class=\"   md:row-start-1 md:row-end-2 \">\n      \n\n<h2 class=\"text-2xl md:text-3xl lg:text-4xl wp-block-mrblocks-generictext has-primary-color has-text-color has-link-color wp-elements-dcee1b5cc9e371e373fee5990da201db\"><strong><strong>Dlaczego warto uczy\u0107 si\u0119 j\u0119zyka polskiego w grupie?<\/strong><\/strong><\/h2>\n\n\n\n<p class=\"has-gray-text-color has-text-color has-link-color wp-elements-5b241c23634d32d00133753eef9da52a\"><strong>Nauka polskiego w grupie<\/strong> \u0142\u0105czy korzy\u015bci j\u0119zykowe i spo\u0142eczne: rozwijasz s\u0142ownictwo i gramatyk\u0119, a jednocze\u015bnie \u0107wiczysz komunikacj\u0119 w prawdziwych sytuacjach \u2013 z r\u00f3\u017cnymi osobami, akcentami i sposobami m\u00f3wienia. Dzi\u0119ki temu szybciej zaczynasz m\u00f3wi\u0107 swobodnie.<\/p>\n\n\n\n<p class=\"has-gray-text-color has-text-color has-link-color wp-elements-5b507d986b795bb81fe0121d73ac7323\"><strong>Praktyczne zastosowanie j\u0119zyka pod opiek\u0105 do\u015bwiadczonych lektor\u00f3w<\/strong><br>Ka\u017cde zadanie komunikacyjne \u2013 dialog, scenka, dyskusja \u2013 odbywa si\u0119 pod czujnym okiem lektora. Masz wi\u0119c pewno\u015b\u0107, \u017ce uczysz si\u0119 poprawnego, wsp\u00f3\u0142czesnego j\u0119zyka, kt\u00f3ry faktycznie wykorzystasz na co dzie\u0144.<\/p>\n\n\n\n<p class=\"has-gray-text-color has-text-color has-link-color wp-elements-075fd2935a740159546b714bc25f2f22\"><strong>Prze\u0142amanie bariery j\u0119zykowej \u2013 <\/strong>Podczas zaj\u0119\u0107 regularnie rozmawiasz z osobami, kt\u00f3rych wcze\u015bniej nie zna\u0142e\u015b. Takie praktyczne \u0107wiczenie j\u0119zyka z nieznajomymi bardzo dobrze odzwierciedla realn\u0105 komunikacj\u0119 w sklepie, pracy czy urz\u0119dzie. Z ka\u017cd\u0105 kolejn\u0105 lekcj\u0105 m\u00f3wienie po polsku staje si\u0119 coraz mniej stresuj\u0105ce.<\/p>\n\n\n\n<p class=\"has-gray-text-color has-text-color has-link-color wp-elements-734944e738188de823437a6b7781194d\"><strong>Rozmowy na interesuj\u0105ce tematy i anga\u017cuj\u0105ce dyskusje \u2013 <\/strong>Nie ograniczamy si\u0119 do podr\u0119cznika. Rozmawiamy o tym, co bezpo\u015brednio Ci\u0119 dotyczy: \u017cyciu w Polsce, pracy, studiach, podr\u00f3\u017cach, kulturze. Dyskusje w grupie motywuj\u0105 do aktywnego udzia\u0142u, zadawania pyta\u0144, wyra\u017cania opinii, a to najszybsza droga do naturalnej komunikacji.<\/p>\n\n\n\n<p class=\"has-gray-text-color has-text-color has-link-color wp-elements-26cf047fb6cfd03fd85fbeaceec615a9\"><strong>Opanowanie nowego s\u0142ownictwa \u2013 <\/strong>W grupie poznajesz nie tylko s\u0142ownictwo, ale tak\u017ce zwroty u\u017cywane przez innych uczestnik\u00f3w. Lektor pomaga je uporz\u0105dkowa\u0107 i utrwali\u0107, pokazuje r\u00f3\u017cnice w u\u017cyciu, proponuje praktyczne \u0107wiczenia. Dzi\u0119ki temu Twoje s\u0142ownictwo rozwija si\u0119 dynamicznie i w spos\u00f3b dopasowany do \u017cycia codziennego.<\/p>\n\n\n\n<h2 class=\"text-2xl md:text-3xl lg:text-4xl wp-block-mrblocks-generictext has-primary-color has-text-color has-link-color wp-elements-4aef73646e6201b35cbca8d816a18bde\"><strong><strong><strong>Nauka wymowy i akcentowania w j\u0119zyku polskim<\/strong><\/strong><\/strong><\/h2>\n\n\n\n<p class=\"has-gray-text-color has-text-color has-link-color wp-elements-67d6fe1c619a3c7e1a13531deeda9236\">Dzi\u0119ki \u0107wiczeniom fonetycznym i praktycznym dialogom szybko zyskasz pewno\u015b\u0107 siebie w rozmowach codziennych: w sklepie, w pracy czy podczas wizyty u lekarza, oraz zminimalizujesz nieporozumienia wynikaj\u0105ce z podobnych brzmieniowo s\u0142\u00f3w. Poprawna artykulacja u\u0142atwia budowanie naturalnego rytmu mowy i sprawia, \u017ce brzmisz bardziej p\u0142ynnie i wiarygodnie, co przyspiesza nawi\u0105zywanie relacji i integracj\u0119 w polskim \u015brodowisku. Uczymy przez powtarzanie, nagrania i korekt\u0119 w czasie rzeczywistym, wi\u0119c efekty s\u0105 szybkie.<\/p>\n\n\n\n<p class=\"has-gray-text-color has-text-color has-link-color wp-elements-22ade03b0b2d84c2dfe94f4b61056aad\">Je\u015bli czujesz, \u017ce to dobry moment, aby zrobi\u0107 kolejny krok w stron\u0119 swobodnej komunikacji w j\u0119zyku polskim, zapraszamy do zapis\u00f3w na <strong>kursy polskiego w grupie<\/strong>.<\/p>\n\n    <\/div>\n  <\/div>\n\n<\/div><\/section>\n","protected":false},"excerpt":{"rendered":"<p>Pozb\u0105d\u017a si\u0119 kurzu, py\u0142u i budowlanego chaosu. Specjalizujemy si\u0119 w dok\u0142adnym sprz\u0105taniu po pracach remontowych \u2013 zar\u00f3wno prywatnie jak<br \/>\ni w obiektach komercyjnych.<\/p>\n","protected":false},"author":1,"featured_media":356,"parent":23,"menu_order":0,"comment_status":"closed","ping_status":"closed","template":"","meta":{"_acf_changed":false,"footnotes":""},"class_list":["post-31","page","type-page","status-publish","has-post-thumbnail","hentry"],"acf":[],"_links":{"self":[{"href":"https:\/\/www.polski360.com\/pl\/wp-json\/wp\/v2\/pages\/31","targetHints":{"allow":["GET"]}}],"collection":[{"href":"https:\/\/www.polski360.com\/pl\/wp-json\/wp\/v2\/pages"}],"about":[{"href":"https:\/\/www.polski360.com\/pl\/wp-json\/wp\/v2\/types\/page"}],"author":[{"embeddable":true,"href":"https:\/\/www.polski360.com\/pl\/wp-json\/wp\/v2\/users\/1"}],"replies":[{"embeddable":true,"href":"https:\/\/www.polski360.com\/pl\/wp-json\/wp\/v2\/comments?post=31"}],"version-history":[{"count":14,"href":"https:\/\/www.polski360.com\/pl\/wp-json\/wp\/v2\/pages\/31\/revisions"}],"predecessor-version":[{"id":1632,"href":"https:\/\/www.polski360.com\/pl\/wp-json\/wp\/v2\/pages\/31\/revisions\/1632"}],"up":[{"embeddable":true,"href":"https:\/\/www.polski360.com\/pl\/wp-json\/wp\/v2\/pages\/23"}],"wp:featuredmedia":[{"embeddable":true,"href":"https:\/\/www.polski360.com\/pl\/wp-json\/wp\/v2\/media\/356"}],"wp:attachment":[{"href":"https:\/\/www.polski360.com\/pl\/wp-json\/wp\/v2\/media?parent=31"}],"curies":[{"name":"wp","href":"https:\/\/api.w.org\/{rel}","templated":true}]}}