{"id":299,"date":"2025-12-09T11:39:33","date_gmt":"2025-12-09T10:39:33","guid":{"rendered":"https:\/\/polski360.com\/?page_id=299"},"modified":"2026-04-10T14:51:44","modified_gmt":"2026-04-10T12:51:44","slug":"zajecia-w-parze","status":"publish","type":"page","link":"https:\/\/www.polski360.com\/pl\/uslugi\/zajecia-w-parze\/","title":{"rendered":"Kurs j\u0119zyka polskiego w parze &#8211; zaj\u0119cia z j\u0119zyka polskiego parami"},"content":{"rendered":"\n<section class=\"wp-block-group is-layout-flow wp-block-group-is-layout-flow\"><div style=\"background-color: \">\n  <div class=\"main-wrapper px-5 gap-10 flex flex-col  md:grid md:grid-cols-2  relative  \">\n\n    <div class=\"flex   flex-col gap-5 sm:flex-row md:row-start-1 md:row-end-2 \">\n      <div class=\"w-full \"><img decoding=\"async\" src=\"https:\/\/polski360.com\/wp-content\/uploads\/2025\/12\/zajecia-w-parze.webp\" alt=\"\" class=\"intersect:animate-fade-up intersect:animate-delay-200 intersect:animate-duration-[500ms] intersect-once  max-w-full h-auto object-cover sticky top-0 \" \/><\/div>\n\n    <\/div>\n    <div class=\"   md:row-start-1 md:row-end-2 \">\n      \n\n<h3 class=\"text-base wp-block-mrblocks-generictext has-secondary-color has-text-color has-link-color wp-elements-7f70c0a0c566b9fac70880fc2781b839\"><strong>POLSKI360<\/strong><\/h3>\n\n\n\n<div style=\"height:20px\" aria-hidden=\"true\" class=\"wp-block-spacer\"><\/div>\n\n\n\n<h2 class=\"text-2xl md:text-3xl lg:text-4xl wp-block-mrblocks-generictext has-primary-color has-text-color has-link-color wp-elements-f0d37c501386eca2fa8dd8568527d6ac\">Zaj\u0119cia w parze z j\u0119zyka polskiego<\/h2>\n\n\n\n<div style=\"height:50px\" aria-hidden=\"true\" class=\"wp-block-spacer\"><\/div>\n\n\n\n<p class=\"has-gray-text-color has-text-color has-link-color wp-elements-d143c4850706e5da0c26296ad40242ad\">Nasze zaj\u0119cia w parze to idealny wyb\u00f3r dla tych, kt\u00f3rzy chc\u0105 uczy\u0107 si\u0119 w bardziej kameralnej i efektywnej formie. Ka\u017cda lekcja jest dopasowana do poziomu i potrzeb uczestnik\u00f3w \u2014 niezale\u017cnie od tego, czy zaczynasz swoj\u0105 przygod\u0119, czy chcesz pog\u0142\u0119bi\u0107 ju\u017c posiadan\u0105 wiedz\u0119. Dzi\u0119ki czemu masz zapewniony komfort i motywacj\u0119, a nauka staje si\u0119 bardziej osobista i skuteczna.<\/p>\n\n\n\n<div style=\"height:50px\" aria-hidden=\"true\" class=\"wp-block-spacer\"><\/div>\n\n\n\n<p class=\"has-gray-text-color has-text-color has-link-color wp-elements-b8ce894ab79efd3c5d1a2479bd65d98d\">W parach pracujemy nad wszystkimi wa\u017cnymi umiej\u0119tno\u015bciami: rozmow\u0105, s\u0142ownictwem, wymow\u0105 i gramatyk\u0105. Zaj\u0119cia maj\u0105 form\u0119 interaktywn\u0105 \u2014 cz\u0119sto wykorzystujemy dialogi, \u0107wiczenia praktyczne, scenki sytuacyjne. To pozwala Ci swobodnie u\u017cywa\u0107 j\u0119zyka w naturalnych sytuacjach i zyska\u0107 pewno\u015b\u0107 siebie. Dzi\u0119ki temu efekty przychodz\u0105 szybciej, a nauka staje si\u0119 przyjemno\u015bci\u0105.<\/p>\n\n\n\n<div style=\"height:72px\" aria-hidden=\"true\" class=\"wp-block-spacer\"><\/div>\n\n\n\n<div class=\"wp-block-group gap-10 is-horizontal is-layout-flex wp-block-group-is-layout-flex\"><a class=\"button-secondary \" href=\"https:\/\/www.polski360.com\/pl\/kontakt\/\">\n  Zapisz si\u0119 na zaj\u0119cia<\/a>\n\n<a class=\"mr-button \" href=\"https:\/\/www.polski360.com\/pl\/cennik\/\">\n  Zobacz cennik<\/a>\n<\/div>\n\n    <\/div>\n  <\/div>\n\n<\/div><\/section>\n\n\n<div class=\" spacing-top main-wrapper \" \/>\n<\/div>\n\n<div style=\"background-color: \">\n  <div class=\"main-wrapper px-5 gap-10 flex flex-col  md:grid md:grid-cols-2  relative  \">\n\n    <div class=\"flex   flex-col gap-5 sm:flex-row md:row-start-1 md:row-end-2  md:col-start-2 md:col-end-3\">\n      <div class=\"w-full \"><img decoding=\"async\" src=\"https:\/\/www.polski360.com\/wp-content\/uploads\/2026\/04\/kurs-jezyka-polskiego-w-parach-dla-obcokrajowcow.webp\" alt=\"nauka polskiego w parach\" class=\"intersect:animate-fade-up intersect:animate-delay-200 intersect:animate-duration-[500ms] intersect-once  max-w-full h-auto object-cover sticky top-0 \" \/><\/div>\n\n    <\/div>\n    <div class=\"   md:row-start-1 md:row-end-2  md:col-start-1 md:col-end-2\">\n      \n\n<h2 class=\"text-2xl md:text-3xl lg:text-4xl wp-block-mrblocks-generictext has-primary-color has-text-color has-link-color wp-elements-c5dbf90ac090fcf4901005a7e3f26d9c\"><strong><strong><strong>Jak wygl\u0105da nauka w parach?<\/strong><\/strong><\/strong><\/h2>\n\n\n\n<p class=\"has-gray-text-color has-text-color has-link-color wp-elements-5da6a9d1d07b819ea7004467bd60fdac\"><strong>Nauka polskiego w parach<\/strong> to jedna z najskuteczniejszych i najbardziej przyjemnych form <strong>kursu j\u0119zyka polskiego<\/strong>. Zamiast klasycznych lekcji jeden na jeden lub w du\u017cej grupie, dwie osoby ucz\u0105 si\u0119 razem pod okiem do\u015bwiadczonego lektora. Dzi\u0119ki temu zaj\u0119cia staj\u0105 si\u0119 bardziej dynamiczne, a post\u0119py widoczne s\u0105 ju\u017c po kilku spotkaniach.<\/p>\n\n\n\n<ul class=\"wp-block-list has-gray-text-color has-text-color has-link-color wp-elements-a36aa9eb88ab93384932dc6ea5f7c431\">\n<li><strong>Metoda komunikacyjna<\/strong> skupia si\u0119 g\u0142\u00f3wnie na m\u00f3wieniu. Ka\u017cda lekcja opiera si\u0119 na autentycznych dialogach i scenkach sytuacyjnych \u2013 od zamawiania kawy po rozmow\u0119 o prac\u0119 czy za\u0142atwianie spraw urz\u0119dowych.<\/li>\n\n\n\n<li><strong>Elastyczno\u015b\u0107<\/strong> jest ogromn\u0105 zalet\u0105 \u2013 ca\u0142a nauka odbywa si\u0119 online, wi\u0119c mo\u017cecie \u0142\u0105czy\u0107 si\u0119 z dowolnego miejsca na \u015bwiecie o godzinie, kt\u00f3ra Wam pasuje.<\/li>\n\n\n\n<li><strong>Materia\u0142u do nauki premium<\/strong> w cenie <strong>kursu j\u0119zyka polskiego w parach \u2013 <\/strong>starannie przygotowane konspekty lekcji, interaktywne \u0107wiczenia na platformie oraz gotowe pliki PDF do samodzielnej powt\u00f3rki.<\/li>\n\n\n\n<li><strong>Lektorzy z pasj\u0105<\/strong> to native speakerzy oraz polscy filolodzy z wieloletnim do\u015bwiadczeniem w pracy w\u0142a\u015bnie z parami. Wiedz\u0105, jak wykorzysta\u0107 chemi\u0119 mi\u0119dzy kursantami, aby lekcje by\u0142y nie tylko efektywne, ale i po prostu przyjemne.<\/li>\n<\/ul>\n\n\n\n<h2 class=\"text-2xl md:text-3xl lg:text-4xl wp-block-mrblocks-generictext has-primary-color has-text-color has-link-color wp-elements-e6118f9c4a97a76fa0a981a9c7925f8d\"><strong><strong><strong>Dlaczego warto wybra\u0107 kurs polskiego w parze?<\/strong><\/strong><\/strong><\/h2>\n\n\n\n<p class=\"has-gray-text-color has-text-color has-link-color wp-elements-6a306e30e04ebc019349ad16072ed01f\"><strong>Podwojona motywacja:<\/strong> Wsparcie partnera w nauce i zdrowa rywalizacja.<\/p>\n\n\n\n<p class=\"has-gray-text-color has-text-color has-link-color wp-elements-8fc9ac46134be2144f8d04fbfca7d83c\"><strong>Naturalna komunikacja:<\/strong> Mo\u017cliwo\u015b\u0107 \u0107wiczenia dialog\u00f3w sytuacyjnych z zaufan\u0105 osob\u0105,przy kt\u00f3rej nie ma bariery j\u0119zykowej.<\/p>\n\n\n\n<p class=\"has-gray-text-color has-text-color has-link-color wp-elements-dbcea6b4aab05f452a22037c1e12a246\"><strong>Personalizacja programu:<\/strong> Program dostosowany do wsp\u00f3lnych cel\u00f3w (np. praca, \u017cycie codzienne w Polsce, przygotowanie do certyfikatu).<\/p>\n\n    <\/div>\n  <\/div>\n\n<\/div>\n\n<div class=\" spacing-top main-wrapper \" \/>\n<\/div>\n\n<div style=\"background-color: \">\n  <div class=\"main-wrapper px-5 gap-10 flex flex-col  md:grid md:grid-cols-2  relative  \">\n\n    <div class=\"flex   flex-col gap-5 sm:flex-row md:row-start-1 md:row-end-2 \">\n      <div class=\"w-full \"><img decoding=\"async\" src=\"https:\/\/www.polski360.com\/wp-content\/uploads\/2026\/04\/nauka-jezyka-polskiego-w-parach.webp\" alt=\"kurs polskiego dla par\" class=\"intersect:animate-fade-up intersect:animate-delay-200 intersect:animate-duration-[500ms] intersect-once  max-w-full h-auto object-cover sticky top-0 \" \/><\/div>\n\n    <\/div>\n    <div class=\"   md:row-start-1 md:row-end-2 \">\n      \n\n<h2 class=\"text-2xl md:text-3xl lg:text-4xl wp-block-mrblocks-generictext has-primary-color has-text-color has-link-color wp-elements-a7264788f36e8947ebb5a6caff5861d8\"><strong><strong>Dla kogo s\u0105 zaj\u0119cia w parach?<\/strong><\/strong><\/h2>\n\n\n\n<p class=\"has-gray-text-color has-text-color has-link-color wp-elements-87159c37350120bf6d05f51d9b7df451\"><strong>Kurs j\u0119zyka polskiego w parach<\/strong> jest idealny dla par w \u017cyciu prywatnym \u2013 ma\u0142\u017ce\u0144stw i partner\u00f3w, kt\u00f3rzy razem przeprowadzili si\u0119 do Polski i chc\u0105 wsp\u00f3lnie budowa\u0107 pewno\u015b\u0107 siebie w komunikacji. To tak\u017ce \u015bwietna opcja dla znajomych z pracy, kt\u00f3rzy chc\u0105 sprawniej porozumiewa\u0107 si\u0119 w biurze, podczas spotka\u0144 i w codziennych sytuacjach zawodowych.<\/p>\n\n\n\n<p class=\"has-gray-text-color has-text-color has-link-color wp-elements-11dc027d7f41fdf88b53fee6936c76ea\">Ta forma nauki sprawdzi si\u0119 r\u00f3wnie\u017c dla rodze\u0144stwa lub przyjaci\u00f3\u0142, czyli ka\u017cdego, kto ma swojego learning buddy i chce razem rozwija\u0107 j\u0119zyk. Wa\u017cnym warunkiem jest podobny poziom startowy j\u0119zyka polskiego obu os\u00f3b \u2013 dzi\u0119ki temu <strong>nauka polskiego w parach<\/strong> jest p\u0142ynna, efektywna i komfortowa dla ka\u017cdego uczestnika.<\/p>\n\n\n\n<h2 class=\"text-2xl md:text-3xl lg:text-4xl wp-block-mrblocks-generictext has-primary-color has-text-color has-link-color wp-elements-6706cdc4733544c350ecd055a4a05960\"><strong><strong><strong>Zacznij m\u00f3wi\u0107 po polsku!<\/strong><\/strong><\/strong><\/h2>\n\n\n\n<p class=\"has-gray-text-color has-text-color has-link-color wp-elements-659b83caa6f6d23d317db195dba2fe4a\">W <strong>polski360.pl<\/strong> oferujemy te\u017c inne formy nauki. <a href=\"https:\/\/www.polski360.com\/pl\/uslugi\/indywidualne-zajecia-z-polskiego\/\"><strong>Nauka indywidualna<\/strong><\/a> to \u015bwietny wyb\u00f3r, gdy wolisz uczy\u0107 si\u0119 solo i pracowa\u0107 we w\u0142asnym tempie. Z kolei <a href=\"https:\/\/www.polski360.com\/pl\/uslugi\/grupowe-zajecia-z-polskiego\/\"><strong>nauka polskiego w grupach<\/strong><\/a> daje wi\u0119ksz\u0105 r\u00f3\u017cnorodno\u015b\u0107 komunikacji oraz mo\u017cliwo\u015b\u0107 uczenia si\u0119 od innych kursant\u00f3w. Dzi\u0119ki temu ka\u017cdy mo\u017ce wybra\u0107 <strong>kurs j\u0119zyka polskiego<\/strong> najlepiej dopasowany do swoich potrzeb.<\/p>\n\n\n\n<p class=\"has-gray-text-color has-text-color has-link-color wp-elements-2967c6ee2d857b9e469a4370aa5eb3dd\">Wybierz <strong>kurs j\u0119zyka polskiego w parach<\/strong> w polski360.pl i ucz si\u0119 skutecznie, wygodnie oraz z realnym wsparciem lektora. Skontaktuj si\u0119 z nami, aby dobra\u0107 najlepszy program i rozpocz\u0105\u0107 nauk\u0119, kt\u00f3ra szybko prze\u0142o\u017cy si\u0119 na pewniejsz\u0105 komunikacj\u0119 po polsku.<\/p>\n\n    <\/div>\n  <\/div>\n\n<\/div>","protected":false},"excerpt":{"rendered":"","protected":false},"author":1,"featured_media":296,"parent":23,"menu_order":0,"comment_status":"closed","ping_status":"closed","template":"","meta":{"_acf_changed":false,"footnotes":""},"class_list":["post-299","page","type-page","status-publish","has-post-thumbnail","hentry"],"acf":[],"_links":{"self":[{"href":"https:\/\/www.polski360.com\/pl\/wp-json\/wp\/v2\/pages\/299","targetHints":{"allow":["GET"]}}],"collection":[{"href":"https:\/\/www.polski360.com\/pl\/wp-json\/wp\/v2\/pages"}],"about":[{"href":"https:\/\/www.polski360.com\/pl\/wp-json\/wp\/v2\/types\/page"}],"author":[{"embeddable":true,"href":"https:\/\/www.polski360.com\/pl\/wp-json\/wp\/v2\/users\/1"}],"replies":[{"embeddable":true,"href":"https:\/\/www.polski360.com\/pl\/wp-json\/wp\/v2\/comments?post=299"}],"version-history":[{"count":7,"href":"https:\/\/www.polski360.com\/pl\/wp-json\/wp\/v2\/pages\/299\/revisions"}],"predecessor-version":[{"id":2023,"href":"https:\/\/www.polski360.com\/pl\/wp-json\/wp\/v2\/pages\/299\/revisions\/2023"}],"up":[{"embeddable":true,"href":"https:\/\/www.polski360.com\/pl\/wp-json\/wp\/v2\/pages\/23"}],"wp:featuredmedia":[{"embeddable":true,"href":"https:\/\/www.polski360.com\/pl\/wp-json\/wp\/v2\/media\/296"}],"wp:attachment":[{"href":"https:\/\/www.polski360.com\/pl\/wp-json\/wp\/v2\/media?parent=299"}],"curies":[{"name":"wp","href":"https:\/\/api.w.org\/{rel}","templated":true}]}}