{"id":26,"date":"2025-07-02T08:45:53","date_gmt":"2025-07-02T06:45:53","guid":{"rendered":"https:\/\/polski360.com\/?page_id=26"},"modified":"2026-02-24T13:00:43","modified_gmt":"2026-02-24T12:00:43","slug":"jezyk-polski-dla-poczatkujacych","status":"publish","type":"page","link":"https:\/\/www.polski360.com\/pl\/uslugi\/jezyk-polski-dla-poczatkujacych\/","title":{"rendered":"J\u0119zyk polski dla pocz\u0105tkuj\u0105cych &#8211; korepetycje dla rozpoczynaj\u0105cych nauk\u0119 j\u0119zyka polskiego"},"content":{"rendered":"<div style=\"background-color: \">\n  <div class=\"main-wrapper px-5 gap-10 flex flex-col  md:grid md:grid-cols-2  relative  \">\n\n    <div class=\"flex   flex-col gap-5 sm:flex-row md:row-start-1 md:row-end-2 \">\n      <div class=\"w-full \"><img decoding=\"async\" src=\"https:\/\/polski360.com\/wp-content\/uploads\/2025\/12\/jezyk-polski-dla-poczatkujacych.webp\" alt=\"\" class=\"intersect:animate-fade-up intersect:animate-delay-200 intersect:animate-duration-[500ms] intersect-once  max-w-full h-auto object-cover sticky top-0 \" \/><\/div>\n\n    <\/div>\n    <div class=\"   md:row-start-1 md:row-end-2 \">\n      \n\n<h3 class=\"text-base wp-block-mrblocks-generictext has-secondary-color has-text-color has-link-color wp-elements-7f70c0a0c566b9fac70880fc2781b839\"><strong>POLSKI360<\/strong><\/h3>\n\n\n\n<div style=\"height:20px\" aria-hidden=\"true\" class=\"wp-block-spacer\"><\/div>\n\n\n\n<h2 class=\"text-2xl md:text-3xl lg:text-4xl wp-block-mrblocks-generictext has-primary-color has-text-color has-link-color wp-elements-8c24606a10e581ba7a13d1b846f8591a\">J\u0119zyk polski dla pocz\u0105tkuj\u0105cych<\/h2>\n\n\n\n<div style=\"height:50px\" aria-hidden=\"true\" class=\"wp-block-spacer\"><\/div>\n\n\n\n<p class=\"has-gray-text-color has-text-color has-link-color wp-elements-57df79578fb90db8e779280622063c03\">Kurs j\u0119zyka polskiego dla pocz\u0105tkuj\u0105cych to idealny wyb\u00f3r dla obcokrajowc\u00f3w, kt\u00f3re dopiero zaczynaj\u0105 swoj\u0105 przygod\u0119 z nauk\u0105. Zaj\u0119cia prowadzone s\u0105 w prosty, jasny i przyjazny spos\u00f3b, tak aby od pierwszych lekcji budowa\u0107 pewno\u015b\u0107 w komunikacji. Program obejmuje podstawowe s\u0142ownictwo, najwa\u017cniejsze zasady gramatyczne oraz praktyczne zwroty potrzebne w codziennych sytuacjach.<\/p>\n\n\n\n<div style=\"height:50px\" aria-hidden=\"true\" class=\"wp-block-spacer\"><\/div>\n\n\n\n<p class=\"has-gray-text-color has-text-color has-link-color wp-elements-459dbe43925afc4501ece77f6bbb9498\">Nauka odbywa si\u0119 krok po kroku, z naciskiem na m\u00f3wienie i aktywne \u0107wiczenia. Kurs pomaga szybko zrozumie\u0107 podstawy j\u0119zyka, oswoi\u0107 si\u0119 z polsk\u0105 wymow\u0105 i zacz\u0105\u0107 tworzy\u0107 w\u0142asne zdania. To \u015bwietne wprowadzenie dla os\u00f3b mieszkaj\u0105cych w Polsce, planuj\u0105cych przeprowadzk\u0119 lub chc\u0105cych swobodniej porusza\u0107 si\u0119 w polskoj\u0119zycznym \u015brodowisku.<\/p>\n\n\n\n<div style=\"height:72px\" aria-hidden=\"true\" class=\"wp-block-spacer\"><\/div>\n\n\n<a class=\"button-secondary \" href=\"https:\/\/www.polski360.com\/pl\/kontakt\/\">\n  Zapisz si\u0119 na zaj\u0119cia<\/a>\n    <\/div>\n  <\/div>\n\n<\/div>\n\n<div class=\" spacing-top main-wrapper \" \/>\n<\/div>\n\n<div style=\"background-color: \">\n  <div class=\"main-wrapper px-5 gap-10 flex flex-col  md:grid md:grid-cols-2  relative  \">\n\n    <div class=\"flex   flex-col gap-5 sm:flex-row md:row-start-1 md:row-end-2  md:col-start-2 md:col-end-3\">\n      <div class=\"w-full \"><img decoding=\"async\" src=\"https:\/\/www.polski360.com\/wp-content\/uploads\/2026\/01\/jezyk-polski-poczatkujacy.webp\" alt=\"j\u0119zyk polski dla pocz\u0105tkuj\u0105cych\" class=\"intersect:animate-fade-up intersect:animate-delay-200 intersect:animate-duration-[500ms] intersect-once  max-w-full h-auto object-cover sticky top-0 \" \/><\/div>\n\n    <\/div>\n    <div class=\"   md:row-start-1 md:row-end-2  md:col-start-1 md:col-end-2\">\n      \n\n<h2 class=\"text-2xl md:text-3xl lg:text-4xl wp-block-mrblocks-generictext has-primary-color has-text-color has-link-color wp-elements-fe98081d55308f1424a342c5cb8201e6\">Korepetycje z j\u0119zyka polskiego dla pocz\u0105tkuj\u0105cych<\/h2>\n\n\n\n<p class=\"has-gray-text-color has-text-color has-link-color wp-elements-62eb17b6836842fe348c4051603caed9\">W <strong>Polski360<\/strong> oferujemy kompleksow\u0105 nauk\u0119 dostosowan\u0105 do potrzeb obcokrajowc\u00f3w. Znajomo\u015b\u0107 <strong>j\u0119zyka polskiego dla pocz\u0105tkuj\u0105cych<\/strong> otwiera drzwi do pracy, edukacji i codziennego \u017cycia w Polsce. Dla os\u00f3b zza granicy, pos\u0142ugiwanie si\u0119 j\u0119zykiem polskim w stopniu komunikatywnym to podstawa adaptacji i integracji: u\u0142atwia za\u0142atwianie spraw urz\u0119dowych, porozumiewanie si\u0119 w pracy i budowanie relacji s\u0105siedzkich. Nawet podstawowa znajomo\u015b\u0107 j\u0119zyka zwi\u0119ksza pewno\u015b\u0107 siebie i samodzielno\u015b\u0107 w nowych sytuacjach.<\/p>\n\n\n\n<h2 class=\"text-2xl md:text-3xl lg:text-4xl wp-block-mrblocks-generictext has-primary-color has-text-color has-link-color wp-elements-688bf8ba1677cef071cc0e704b719c7e\">Dlaczego warto uczy\u0107 si\u0119 j\u0119zyka polskiego z nami?<\/h2>\n\n\n\n<p class=\"has-gray-text-color has-text-color has-link-color wp-elements-6a3a737739cc53485e0ae4ab44487d22\">Uczymy z pasj\u0105 i do\u015bwiadczeniem \u2013 nasi tutorzy to lektorzy pracuj\u0105cy z obcokrajowcami od wielu lat. Z nami nauka jest efektywna, praktyczna i przyjazna. Oferujemy <strong>korepetycje dla pocz\u0105tkuj\u0105cych z polskiego<\/strong>, kt\u00f3re mo\u017cna dopasowa\u0107 do tempa i cel\u00f3w ucznia. Nasze <strong>lekcje j\u0119zyka polskiego dla pocz\u0105tkuj\u0105cych<\/strong> przygotuj\u0105 Ci\u0119 do samodzielnego funkcjonowania w Polsce.<\/p>\n\n    <\/div>\n  <\/div>\n\n<\/div>\n\n<div class=\" spacing-top main-wrapper \" \/>\n<\/div>\n\n<div style=\"background-color: \">\n  <div class=\"main-wrapper px-5 gap-10 flex flex-col  md:grid md:grid-cols-2  relative  \">\n\n    <div class=\"flex   flex-col gap-5 sm:flex-row md:row-start-1 md:row-end-2 \">\n      <div class=\"w-full \"><img decoding=\"async\" src=\"https:\/\/www.polski360.com\/wp-content\/uploads\/2026\/01\/jezyk-polski-dla-poczatkujacych.webp\" alt=\"korepetycje z polskiego dla pocz\u0105tkujacych\" class=\"intersect:animate-fade-up intersect:animate-delay-200 intersect:animate-duration-[500ms] intersect-once  max-w-full h-auto object-cover sticky top-0 \" \/><\/div>\n\n    <\/div>\n    <div class=\"   md:row-start-1 md:row-end-2 \">\n      \n\n<h2 class=\"text-2xl md:text-3xl lg:text-4xl wp-block-mrblocks-generictext has-primary-color has-text-color has-link-color wp-elements-d756935794b371d609ce8043d82da0f9\">Zalety nauki z Polski360<\/h2>\n\n\n\n<p class=\"has-gray-text-color has-text-color has-link-color wp-elements-0a07ce292cdb30eb8c41452728cf3cf8\"><strong>Nauka bez stresu<\/strong> \u2013 zaj\u0119cia prowadzone s\u0105 w atmosferze wsparcia i z wyrozumia\u0142o\u015bci\u0105, b\u0142\u0119dy traktujemy jako naturalny element nauki, co przyspiesza post\u0119py,<\/p>\n\n\n\n<p class=\"has-gray-text-color has-text-color has-link-color wp-elements-a7b9c559fc4e60c62f3cfcde3d696f7d\"><strong>W przyjemnej atmosferze<\/strong> \u2013 stawiamy na komunikacj\u0119 i praktyczne \u0107wiczenia, dzi\u0119ki czemu nauka staje si\u0119 ciekawa i anga\u017cuj\u0105ca,<\/p>\n\n\n\n<p class=\"has-gray-text-color has-text-color has-link-color wp-elements-13b37d1371d0053525a3f6bd086ed6dc\"><strong>Do\u015bwiadczeni nauczyciele<\/strong> \u2013 nasi lektorzy maj\u0105 wieloletnie do\u015bwiadczenie w pracy z osobami z obcokrajowcami, znaj\u0105 typowe trudno\u015bci i potrafi\u0105 je skutecznie wyja\u015bni\u0107.<\/p>\n\n\n\n<p class=\"has-gray-text-color has-text-color has-link-color wp-elements-0d979b5f12da99ea8c417e64e2940ce5\"><strong>Zaj\u0119cia interesuj\u0105ce i anga\u017cuj\u0105ce<\/strong> \u2013 wykorzystujemy autentyczne materia\u0142y, gry j\u0119zykowe i scenki sytuacyjne, by utrzyma\u0107 motywacj\u0119 i rozwija\u0107 umiej\u0119tno\u015bci komunikacyjne,<\/p>\n\n\n\n<p class=\"has-gray-text-color has-text-color has-link-color wp-elements-8a81c037f4825b3b86807e876a2fb53c\"><strong>Elastyczno\u015b\u0107 formy<\/strong> \u2013 oferujemy zaj\u0119cia online i stacjonarne oraz mo\u017cliwo\u015b\u0107 korepetycji indywidualnych lub w ma\u0142ych grupach,<\/p>\n\n\n\n<p class=\"has-gray-text-color has-text-color has-link-color wp-elements-eacf91c3f179eb6f64492b2b5df9325a\"><strong>Praktyczne podej\u015bcie<\/strong> \u2013 koncentrujemy si\u0119 na s\u0142ownictwie i strukturach potrzebnych w codziennym \u017cyciu: w urz\u0119dzie, pracy, sklepie czy restauracji.<\/p>\n\n\n\n<h2 class=\"text-2xl md:text-3xl lg:text-4xl wp-block-mrblocks-generictext has-primary-color has-text-color has-link-color wp-elements-5c9d2f813753cbb024889c6f0d8fda4e\"><strong>Nauka akcenty i wymowy<\/strong><\/h2>\n\n\n\n<p class=\"has-gray-text-color has-text-color has-link-color wp-elements-c94caaa9fc17d06b2499c10bdffdd0f3\">K\u0142adziemy szczeg\u00f3lny nacisk na wymow\u0119 i poprawne akcentowanie, bo to w\u0142a\u015bnie one decyduj\u0105 o tym, czy Polacy b\u0119d\u0105 Ci\u0119 rozumie\u0107. Na zaj\u0119ciach \u0107wiczymy brzmienie g\u0142osek, rytm zdania i typowy polski akcent, dzi\u0119ki czemu Twoja mowa staje si\u0119 naturalna i klarowna. Dobra wymowa to mniej nieporozumie\u0144 w sklepie, urz\u0119dzie czy w pracy, \u0142atwiejsze rozmowy telefoniczne oraz wi\u0119ksza pewno\u015b\u0107 siebie w codziennych sytuacjach.<\/p>\n\n    <\/div>\n  <\/div>\n\n<\/div>\n\n<div class=\" spacing-top main-wrapper \" \/>\n<\/div>\n\n<div style=\"background-color: \">\n  <div class=\"main-wrapper px-5 gap-10 flex flex-col  md:grid md:grid-cols-2  relative  \">\n\n    <div class=\"flex   flex-col gap-5 sm:flex-row md:row-start-1 md:row-end-2  md:col-start-2 md:col-end-3\">\n      <div class=\"w-full \"><img decoding=\"async\" src=\"https:\/\/www.polski360.com\/wp-content\/uploads\/2026\/01\/korepetycje-z-jezyka-polskiego.webp\" alt=\"korepetycje z j\u0119zyka polskiego dla pocz\u0105tkujacych\" class=\"intersect:animate-fade-up intersect:animate-delay-200 intersect:animate-duration-[500ms] intersect-once  max-w-full h-auto object-cover sticky top-0 \" \/><\/div>\n\n    <\/div>\n    <div class=\"   md:row-start-1 md:row-end-2  md:col-start-1 md:col-end-2\">\n      \n\n<h2 class=\"text-2xl md:text-3xl lg:text-4xl wp-block-mrblocks-generictext has-primary-color has-text-color has-link-color wp-elements-5276a97600cef0f343f3239b469a6170\">Dla kogo jest przeznaczony kurs j\u0119zyka polskiego dla pocz\u0105tkuj\u0105cych?<\/h2>\n\n\n\n<p class=\"has-gray-text-color has-text-color has-link-color wp-elements-5d504d0609251207a7bb860832d75937\">Nasz <strong>kurs j\u0119zyka polskiego dla pocz\u0105tkuj\u0105cych<\/strong> jest idealny dla os\u00f3b, kt\u00f3re:<\/p>\n\n\n\n<ul class=\"wp-block-list has-gray-text-color has-text-color has-link-color wp-elements-2536be0c1f36d6c0d02407d5d4cdf9d2\">\n<li>marz\u0105 o tym, by bez stresu zam\u00f3wi\u0107 jedzenie w restauracji, zapyta\u0107 o drog\u0119, zrobi\u0107 zakupy i swobodnie odpowiada\u0107 na pytania w j\u0119zyku polskim.<\/li>\n<\/ul>\n\n\n\n<ul class=\"wp-block-list has-gray-text-color has-text-color has-link-color wp-elements-072059e09b213872632d6dfad17f7953\">\n<li>mieszkaj\u0105 w Polsce lub planuj\u0105 przeprowadzk\u0119 i chc\u0105 wreszcie prze\u0142ama\u0107 barier\u0119 j\u0119zykow\u0105;<\/li>\n<\/ul>\n\n\n\n<ul class=\"wp-block-list has-gray-text-color has-text-color has-link-color wp-elements-41e2a3c2b7c6e190d62e0fe3ca60b4ed\">\n<li>pracuj\u0105 w polskich firmach lub wsp\u00f3\u0142pracuj\u0105 z polskimi klientami i potrzebuj\u0105 swobodnie rozmawia\u0107 w biurze, sklepie, fabryce czy restauracji;<\/li>\n<\/ul>\n\n\n\n<ul class=\"wp-block-list has-gray-text-color has-text-color has-link-color wp-elements-eeed83406370e74850f299ad5bc70cc4\">\n<li>studiuj\u0105 lub planuj\u0105 studia w Polsce i chc\u0105 rozumie\u0107 wyk\u0142ady, dokumenty oraz codzienne rozmowy ze studentami i wyk\u0142adowcami;<\/li>\n<\/ul>\n\n\n\n<ul class=\"wp-block-list has-gray-text-color has-text-color has-link-color wp-elements-e96e8fca70a4b861ee91a516e3c4a233\">\n<li>chc\u0105 opanowa\u0107 podstawy gramatyki i s\u0142ownictwa j\u0119zyka polskiego, aby samodzielnie za\u0142atwia\u0107 sprawy w urz\u0119dach, banku, przychodni czy w szkole dziecka;<\/li>\n<\/ul>\n\n\n\n<h2 class=\"text-2xl md:text-3xl lg:text-4xl wp-block-mrblocks-generictext has-primary-color has-text-color has-link-color wp-elements-b9fafbbba78337400af7547861a7fbc0\"><strong><strong>Co zyskam po uko\u0144czeniu kursu?<\/strong><\/strong><\/h2>\n\n\n\n<p class=\"has-gray-text-color has-text-color has-link-color wp-elements-9cbd4c3d2d8f539a22c1143c5ec61d7e\">Opanowanie podstaw j\u0119zyka polskiego umo\u017cliwi Ci swobodne funkcjonowanie w Polsce i otworzy drzwi do dalszej nauki i rozwoju zawodowego. Po kursie z \u0142atwo\u015bci\u0105 odnajdziesz si\u0119 w codziennych sytuacjach, poczujesz pewno\u015b\u0107 siebie w komunikacji i zyskasz now\u0105 jako\u015b\u0107 \u017cycia.<\/p>\n\n\n\n<p class=\"has-gray-text-color has-text-color has-link-color wp-elements-34f5e9663b8b0fbf0f229be232157e17\">Najwa\u017cniejsze zalety uko\u0144czenia kursu:<\/p>\n\n\n\n<ul class=\"wp-block-list\">\n<li class=\"has-gray-text-color has-text-color has-link-color wp-elements-47c6a2e71ee39e7df3de23087521c63a\"><strong>Swobodne porozumiewanie si\u0119 w codziennych sytuacjach<\/strong> \u2013 rozmowy z s\u0105siadami, w sklepach i w pracy,<\/li>\n\n\n\n<li class=\"has-gray-text-color has-text-color has-link-color wp-elements-651e46007bba1a2c76e8f2a5d7ba8747\"><strong>Czytanie tekst\u00f3w z \u017cycia codziennego<\/strong> \u2013 og\u0142oszenia, informacje, instrukcje,<\/li>\n\n\n\n<li class=\"has-gray-text-color has-text-color has-link-color wp-elements-42046392dccc5672982849b94668cf7a\"><strong>Rozumienie komunikat\u00f3w w prasie i wiadomo\u015bciach<\/strong> \u2013 szybkie orientowanie si\u0119 w bie\u017c\u0105cych wydarzeniach,<\/li>\n\n\n\n<li class=\"has-gray-text-color has-text-color has-link-color wp-elements-d754b8ed9e199aa143d99f288d85e158\"><strong>Znajomo\u015b\u0107 praktycznego s\u0142ownictwa z najwa\u017cniejszych obszar\u00f3w \u017cycia<\/strong> \u2013 administracja, jedzenie, transport,<\/li>\n\n\n\n<li class=\"has-gray-text-color has-text-color has-link-color wp-elements-1e50820df42d2ff2b4531cd493628e77\"><strong>Wypowied\u017a na w\u0142asny temat<\/strong> \u2013przedstawianie si\u0119, opowiadanie o zainteresowaniach i planach,<\/li>\n\n\n\n<li class=\"has-gray-text-color has-text-color has-link-color wp-elements-87b66dfbd45625a05fa1bca08d258fa4\"><strong>Komunikacja mailowa i telefoniczna w j\u0119zyku polskim<\/strong> \u2013 niezb\u0119dna w pracy i urz\u0119dach.<\/li>\n<\/ul>\n\n\n\n<p class=\"has-gray-text-color has-text-color has-link-color wp-elements-992b19eb534f4d35932e828e1857a6b2\">Zr\u00f3b pierwszy krok \u2013 zapisz si\u0119 na zaj\u0119cia i zacznij m\u00f3wi\u0107 po polsku szybciej, ni\u017c my\u015blisz.<\/p>\n\n    <\/div>\n  <\/div>\n\n<\/div>","protected":false},"excerpt":{"rendered":"<p>Zadbaj o czyste i komfortowe miejsce pracy. Oferujemy regularne oraz jednorazowe sprz\u0105tanie biur, gabinet\u00f3w, lokali handlowych<br \/>\ni us\u0142ugowych. <\/p>\n","protected":false},"author":1,"featured_media":364,"parent":23,"menu_order":0,"comment_status":"closed","ping_status":"closed","template":"","meta":{"_acf_changed":false,"footnotes":""},"class_list":["post-26","page","type-page","status-publish","has-post-thumbnail","hentry"],"acf":[],"_links":{"self":[{"href":"https:\/\/www.polski360.com\/pl\/wp-json\/wp\/v2\/pages\/26","targetHints":{"allow":["GET"]}}],"collection":[{"href":"https:\/\/www.polski360.com\/pl\/wp-json\/wp\/v2\/pages"}],"about":[{"href":"https:\/\/www.polski360.com\/pl\/wp-json\/wp\/v2\/types\/page"}],"author":[{"embeddable":true,"href":"https:\/\/www.polski360.com\/pl\/wp-json\/wp\/v2\/users\/1"}],"replies":[{"embeddable":true,"href":"https:\/\/www.polski360.com\/pl\/wp-json\/wp\/v2\/comments?post=26"}],"version-history":[{"count":10,"href":"https:\/\/www.polski360.com\/pl\/wp-json\/wp\/v2\/pages\/26\/revisions"}],"predecessor-version":[{"id":1638,"href":"https:\/\/www.polski360.com\/pl\/wp-json\/wp\/v2\/pages\/26\/revisions\/1638"}],"up":[{"embeddable":true,"href":"https:\/\/www.polski360.com\/pl\/wp-json\/wp\/v2\/pages\/23"}],"wp:featuredmedia":[{"embeddable":true,"href":"https:\/\/www.polski360.com\/pl\/wp-json\/wp\/v2\/media\/364"}],"wp:attachment":[{"href":"https:\/\/www.polski360.com\/pl\/wp-json\/wp\/v2\/media?parent=26"}],"curies":[{"name":"wp","href":"https:\/\/api.w.org\/{rel}","templated":true}]}}