{"id":23,"date":"2025-07-02T08:45:12","date_gmt":"2025-07-02T06:45:12","guid":{"rendered":"https:\/\/polski360.com\/?page_id=23"},"modified":"2026-04-10T14:14:53","modified_gmt":"2026-04-10T12:14:53","slug":"uslugi","status":"publish","type":"page","link":"https:\/\/www.polski360.com\/pl\/uslugi\/","title":{"rendered":"Us\u0142ugi"},"content":{"rendered":"\n<div class=\"wp-block-group px-5 main-wrapper is-layout-flow wp-block-group-is-layout-flow\"><!-- pages -->\n\n\n<section class=\"xxl-wrapper overflow-hidden \">\n  <div class=\"grid w-full grid-cols-1 gap-5 justify-items-center md:gap-y-5 md:grid-cols-4\">\n    \n        <div class=\"flex flex-col  overflow-hidden w-full group max-w-[380px] md:max-w-none \" href=\"https:\/\/www.polski360.com\/pl\/uslugi\/jezyk-polski-dla-poczatkujacych\/\">\n          <a href=\"https:\/\/www.polski360.com\/pl\/uslugi\/jezyk-polski-dla-poczatkujacych\/\" class=\"block relative w-full overflow-hidden h-60 md:h-[250px] lg:h-[350px] max-w-sm  md:max-w-none\"><img decoding=\"async\"\n              srcset=\" https:\/\/www.polski360.com\/wp-content\/uploads\/2025\/12\/jezyk-polski-dla-poczatkujacych-768x512.webp 768w, https:\/\/www.polski360.com\/wp-content\/uploads\/2025\/12\/jezyk-polski-dla-poczatkujacych.webp 1200w\"\n              sizes=\"(max-width: 900px) 768px\"\n              src=\"https:\/\/www.polski360.com\/wp-content\/uploads\/2025\/12\/jezyk-polski-dla-poczatkujacych.webp\"\n              alt=\"\"\n              class=\" absolute w-full h-full  object-cover hover:scale-[110%] hover:translate-x-2 duration-1000 \" \/><\/a>\n          <h3 class=\"pt-10 text-xl md:text-4xl text-primary link basic link-basic\"><a href=\"https:\/\/www.polski360.com\/pl\/uslugi\/jezyk-polski-dla-poczatkujacych\/\">J\u0119zyk polski dla pocz\u0105tkuj\u0105cych &#8211; korepetycje dla rozpoczynaj\u0105cych nauk\u0119 j\u0119zyka polskiego<\/a><\/h3>\n\n          <div class=\"flex flex-col justify-end duration-300 grow \">\n\n            <!-- <p class=\"pt-10 \">Zadbaj o czyste i komfortowe miejsce pracy. Oferujemy regularne oraz jednorazowe sprz\u0105tanie biur, gabinet\u00f3w, lokali handlowych\ni us\u0142ugowych. <\/p> -->\n            <a href=\"https:\/\/www.polski360.com\/pl\/uslugi\/jezyk-polski-dla-poczatkujacych\/\" class=\"flex  items-center gap-2 pt-5 group\/item !text-primary\">Poznaj szczeg\u00f3\u0142y <svg xmlns=\"http:\/\/www.w3.org\/2000\/svg\" width=\"16\" height=\"16\" class=\"duration-300 group-hover\/item:translate-x-1 fill-primary\" viewBox=\"0 0 16 16\">\n                <path fill-rule=\"evenodd\" d=\"M1 8a.5.5 0 0 1 .5-.5h11.793l-3.147-3.146a.5.5 0 0 1 .708-.708l4 4a.5.5 0 0 1 0 .708l-4 4a.5.5 0 0 1-.708-.708L13.293 8.5H1.5A.5.5 0 0 1 1 8\" \/>\n              <\/svg><\/a>\n\n          <\/div>\n\n\n\n        <\/div>\n\n\n\n\n\n\n\n\n\n\n    \n        <div class=\"flex flex-col  overflow-hidden w-full group max-w-[380px] md:max-w-none \" href=\"https:\/\/www.polski360.com\/pl\/uslugi\/indywidualne-zajecia-z-polskiego\/\">\n          <a href=\"https:\/\/www.polski360.com\/pl\/uslugi\/indywidualne-zajecia-z-polskiego\/\" class=\"block relative w-full overflow-hidden h-60 md:h-[250px] lg:h-[350px] max-w-sm  md:max-w-none\"><img decoding=\"async\"\n              srcset=\" https:\/\/www.polski360.com\/wp-content\/uploads\/2025\/07\/zajecia-indywidualne.webp 768w, https:\/\/www.polski360.com\/wp-content\/uploads\/2025\/07\/zajecia-indywidualne.webp 1200w\"\n              sizes=\"(max-width: 900px) 768px\"\n              src=\"https:\/\/www.polski360.com\/wp-content\/uploads\/2025\/07\/zajecia-indywidualne.webp\"\n              alt=\"zaj\u0119cia indywidualne z j\u0119zyka polskiego\"\n              class=\" absolute w-full h-full  object-cover hover:scale-[110%] hover:translate-x-2 duration-1000 \" \/><\/a>\n          <h3 class=\"pt-10 text-xl md:text-4xl text-primary link basic link-basic\"><a href=\"https:\/\/www.polski360.com\/pl\/uslugi\/indywidualne-zajecia-z-polskiego\/\">Indywidualne zaj\u0119cia z polskiego &#8211; indywidualne korepetycje<\/a><\/h3>\n\n          <div class=\"flex flex-col justify-end duration-300 grow \">\n\n            <!-- <p class=\"pt-10 \">Wracaj do czystej przestrzeni bez stresu\ni wysi\u0142ku. Kompleksowo sprz\u0105tamy domy\ni mieszkania \u2013 regularnie lub tylko\nokazjonalnie<\/p> -->\n            <a href=\"https:\/\/www.polski360.com\/pl\/uslugi\/indywidualne-zajecia-z-polskiego\/\" class=\"flex  items-center gap-2 pt-5 group\/item !text-primary\">Poznaj szczeg\u00f3\u0142y <svg xmlns=\"http:\/\/www.w3.org\/2000\/svg\" width=\"16\" height=\"16\" class=\"duration-300 group-hover\/item:translate-x-1 fill-primary\" viewBox=\"0 0 16 16\">\n                <path fill-rule=\"evenodd\" d=\"M1 8a.5.5 0 0 1 .5-.5h11.793l-3.147-3.146a.5.5 0 0 1 .708-.708l4 4a.5.5 0 0 1 0 .708l-4 4a.5.5 0 0 1-.708-.708L13.293 8.5H1.5A.5.5 0 0 1 1 8\" \/>\n              <\/svg><\/a>\n\n          <\/div>\n\n\n\n        <\/div>\n\n\n\n\n\n\n\n\n\n\n    \n        <div class=\"flex flex-col  overflow-hidden w-full group max-w-[380px] md:max-w-none \" href=\"https:\/\/www.polski360.com\/pl\/uslugi\/grupowe-zajecia-z-polskiego\/\">\n          <a href=\"https:\/\/www.polski360.com\/pl\/uslugi\/grupowe-zajecia-z-polskiego\/\" class=\"block relative w-full overflow-hidden h-60 md:h-[250px] lg:h-[350px] max-w-sm  md:max-w-none\"><img decoding=\"async\"\n              srcset=\" https:\/\/www.polski360.com\/wp-content\/uploads\/2025\/12\/zajecia-w-grupie-online-768x512.webp 768w, https:\/\/www.polski360.com\/wp-content\/uploads\/2025\/12\/zajecia-w-grupie-online.webp 1200w\"\n              sizes=\"(max-width: 900px) 768px\"\n              src=\"https:\/\/www.polski360.com\/wp-content\/uploads\/2025\/12\/zajecia-w-grupie-online.webp\"\n              alt=\"Zaj\u0119cia online grupowe z polskiego\"\n              class=\" absolute w-full h-full  object-cover hover:scale-[110%] hover:translate-x-2 duration-1000 \" \/><\/a>\n          <h3 class=\"pt-10 text-xl md:text-4xl text-primary link basic link-basic\"><a href=\"https:\/\/www.polski360.com\/pl\/uslugi\/grupowe-zajecia-z-polskiego\/\">Grupowe zaj\u0119cia z polskiego &#8211; korepetycje z j\u0119zyka polskiego w grupie<\/a><\/h3>\n\n          <div class=\"flex flex-col justify-end duration-300 grow \">\n\n            <!-- <p class=\"pt-10 \">Pozb\u0105d\u017a si\u0119 kurzu, py\u0142u i budowlanego chaosu. Specjalizujemy si\u0119 w dok\u0142adnym sprz\u0105taniu po pracach remontowych \u2013 zar\u00f3wno prywatnie jak\ni w obiektach komercyjnych.<\/p> -->\n            <a href=\"https:\/\/www.polski360.com\/pl\/uslugi\/grupowe-zajecia-z-polskiego\/\" class=\"flex  items-center gap-2 pt-5 group\/item !text-primary\">Poznaj szczeg\u00f3\u0142y <svg xmlns=\"http:\/\/www.w3.org\/2000\/svg\" width=\"16\" height=\"16\" class=\"duration-300 group-hover\/item:translate-x-1 fill-primary\" viewBox=\"0 0 16 16\">\n                <path fill-rule=\"evenodd\" d=\"M1 8a.5.5 0 0 1 .5-.5h11.793l-3.147-3.146a.5.5 0 0 1 .708-.708l4 4a.5.5 0 0 1 0 .708l-4 4a.5.5 0 0 1-.708-.708L13.293 8.5H1.5A.5.5 0 0 1 1 8\" \/>\n              <\/svg><\/a>\n\n          <\/div>\n\n\n\n        <\/div>\n\n\n\n\n\n\n\n\n\n\n    \n        <div class=\"flex flex-col  overflow-hidden w-full group max-w-[380px] md:max-w-none \" href=\"https:\/\/www.polski360.com\/pl\/uslugi\/zajecia-w-parze\/\">\n          <a href=\"https:\/\/www.polski360.com\/pl\/uslugi\/zajecia-w-parze\/\" class=\"block relative w-full overflow-hidden h-60 md:h-[250px] lg:h-[350px] max-w-sm  md:max-w-none\"><img decoding=\"async\"\n              srcset=\" https:\/\/www.polski360.com\/wp-content\/uploads\/2025\/12\/zajecia-w-parze.webp 768w, https:\/\/www.polski360.com\/wp-content\/uploads\/2025\/12\/zajecia-w-parze.webp 1200w\"\n              sizes=\"(max-width: 900px) 768px\"\n              src=\"https:\/\/www.polski360.com\/wp-content\/uploads\/2025\/12\/zajecia-w-parze.webp\"\n              alt=\"korepetycje z j\u0119zyka polskiego w parze\"\n              class=\" absolute w-full h-full  object-cover hover:scale-[110%] hover:translate-x-2 duration-1000 \" \/><\/a>\n          <h3 class=\"pt-10 text-xl md:text-4xl text-primary link basic link-basic\"><a href=\"https:\/\/www.polski360.com\/pl\/uslugi\/zajecia-w-parze\/\">Kurs j\u0119zyka polskiego w parze &#8211; zaj\u0119cia z j\u0119zyka polskiego parami<\/a><\/h3>\n\n          <div class=\"flex flex-col justify-end duration-300 grow \">\n\n            <!-- <p class=\"pt-10 \">Kurs j\u0119zyka polskiego w parze &#8211; zaj\u0119cia z j\u0119zyka polskiego parami<\/p> -->\n            <a href=\"https:\/\/www.polski360.com\/pl\/uslugi\/zajecia-w-parze\/\" class=\"flex  items-center gap-2 pt-5 group\/item !text-primary\">Poznaj szczeg\u00f3\u0142y <svg xmlns=\"http:\/\/www.w3.org\/2000\/svg\" width=\"16\" height=\"16\" class=\"duration-300 group-hover\/item:translate-x-1 fill-primary\" viewBox=\"0 0 16 16\">\n                <path fill-rule=\"evenodd\" d=\"M1 8a.5.5 0 0 1 .5-.5h11.793l-3.147-3.146a.5.5 0 0 1 .708-.708l4 4a.5.5 0 0 1 0 .708l-4 4a.5.5 0 0 1-.708-.708L13.293 8.5H1.5A.5.5 0 0 1 1 8\" \/>\n              <\/svg><\/a>\n\n          <\/div>\n\n\n\n        <\/div>\n\n\n\n\n\n\n\n\n\n\n    \n        <div class=\"flex flex-col  overflow-hidden w-full group max-w-[380px] md:max-w-none \" href=\"https:\/\/www.polski360.com\/pl\/uslugi\/jezyk-polski-online\/\">\n          <a href=\"https:\/\/www.polski360.com\/pl\/uslugi\/jezyk-polski-online\/\" class=\"block relative w-full overflow-hidden h-60 md:h-[250px] lg:h-[350px] max-w-sm  md:max-w-none\"><img decoding=\"async\"\n              srcset=\" https:\/\/www.polski360.com\/wp-content\/uploads\/2025\/11\/jezyk-polski-kurs-online-e1765277786716-768x476.webp 768w, https:\/\/www.polski360.com\/wp-content\/uploads\/2025\/11\/jezyk-polski-kurs-online-e1765277786716.webp 1200w\"\n              sizes=\"(max-width: 900px) 768px\"\n              src=\"https:\/\/www.polski360.com\/wp-content\/uploads\/2025\/11\/jezyk-polski-kurs-online-e1765277786716.webp\"\n              alt=\"\"\n              class=\" absolute w-full h-full  object-cover hover:scale-[110%] hover:translate-x-2 duration-1000 \" \/><\/a>\n          <h3 class=\"pt-10 text-xl md:text-4xl text-primary link basic link-basic\"><a href=\"https:\/\/www.polski360.com\/pl\/uslugi\/jezyk-polski-online\/\">J\u0119zyk polski online &#8211; korepetycje online z j\u0119zyka polskiego<\/a><\/h3>\n\n          <div class=\"flex flex-col justify-end duration-300 grow \">\n\n            <!-- <p class=\"pt-10 \">J\u0119zyk polski online &#8211; korepetycje online z j\u0119zyka polskiego<\/p> -->\n            <a href=\"https:\/\/www.polski360.com\/pl\/uslugi\/jezyk-polski-online\/\" class=\"flex  items-center gap-2 pt-5 group\/item !text-primary\">Poznaj szczeg\u00f3\u0142y <svg xmlns=\"http:\/\/www.w3.org\/2000\/svg\" width=\"16\" height=\"16\" class=\"duration-300 group-hover\/item:translate-x-1 fill-primary\" viewBox=\"0 0 16 16\">\n                <path fill-rule=\"evenodd\" d=\"M1 8a.5.5 0 0 1 .5-.5h11.793l-3.147-3.146a.5.5 0 0 1 .708-.708l4 4a.5.5 0 0 1 0 .708l-4 4a.5.5 0 0 1-.708-.708L13.293 8.5H1.5A.5.5 0 0 1 1 8\" \/>\n              <\/svg><\/a>\n\n          <\/div>\n\n\n\n        <\/div>\n\n\n\n\n\n\n\n\n\n\n      <\/div>\n<\/section>\n\n<div class=\" spacing-top main-wrapper \" \/>\n<\/div>\n\n<div style=\"background-color: \">\n  <div class=\"main-wrapper px-5 gap-10 flex flex-col  md:grid md:grid-cols-2  relative  \">\n\n    <div class=\"flex   flex-col gap-5 sm:flex-row md:row-start-1 md:row-end-2 \">\n      <div class=\"w-full \"><img decoding=\"async\" src=\"https:\/\/www.polski360.com\/wp-content\/uploads\/2026\/03\/korepetycje-z-jezyka-polskiego.webp\" alt=\"oferta korepetycji z polskiego\" class=\"intersect:animate-fade-up intersect:animate-delay-200 intersect:animate-duration-[500ms] intersect-once  max-w-full h-auto object-cover sticky top-0 \" \/><\/div>\n\n    <\/div>\n    <div class=\"   md:row-start-1 md:row-end-2 \">\n      \n\n<h2 class=\"text-2xl md:text-3xl lg:text-4xl wp-block-mrblocks-generictext has-primary-color has-text-color has-link-color wp-elements-4d4a35e0086d229139a7ab7b6431c3e0\"><strong><strong><strong><strong>J\u0119zyk polski dla pocz\u0105tkuj\u0105cych<\/strong><\/strong><\/strong><\/strong><\/h2>\n\n\n\n<p class=\"has-gray-text-color has-text-color has-link-color wp-elements-499f814f1b6920fcc8dae75e48ec1e85\">Idealny punkt wyj\u015bcia dla os\u00f3b, kt\u00f3re nie mia\u0142y wcze\u015bniej styczno\u015bci z j\u0119zykiem polskim. Stosujemy autorsk\u0105 metod\u0119 komunikacyjn\u0105, kt\u00f3ra od pierwszej lekcji prze\u0142amuje barier\u0119 j\u0119zykow\u0105. Przebieg kursu jest starannie zaplanowany: zaczynamy od podstawowej fonetyki i alfabetu, by szybko przej\u015b\u0107 do budowania prostych zda\u0144.<\/p>\n\n\n\n<p class=\"has-gray-text-color has-text-color has-link-color wp-elements-6d472ed36f1897e6a43250f230cfedf0\">G\u0142\u00f3wn\u0105 korzy\u015bci\u0105 jest nauka w bezstresowej atmosferze, gdzie b\u0142\u0119dy traktujemy jako naturalny etap rozwoju. Po zako\u0144czeniu tego modu\u0142u b\u0119dziesz potrafi\u0142 przedstawi\u0107 siebie i swoj\u0105 rodzin\u0119, zrobi\u0107 zakupy w polskim sklepie oraz zapyta\u0107 o drog\u0119.<\/p>\n\n\n\n<p class=\"has-gray-text-color has-text-color has-link-color wp-elements-b782d96f3a7611902ce088dda021f83c\"><strong>Nauka j\u0119zyka polskiego<\/strong> na tym etapie skupia si\u0119 na praktycznych sytuacjach \u017cyciowych, dzi\u0119ki czemu zyskasz pewno\u015b\u0107 siebie w codziennych kontaktach. To fundament, kt\u00f3ry pozwoli Ci poczu\u0107 si\u0119 w Polsce jak w domu.<\/p>\n\n\n\n<h2 class=\"text-2xl md:text-3xl lg:text-4xl wp-block-mrblocks-generictext has-primary-color has-text-color has-link-color wp-elements-1e988ff07795f329d0c54c387aa8f37c\"><strong><strong><strong><strong>Indywidualne zaj\u0119cia z polskiego<\/strong><\/strong><\/strong><\/strong><\/h2>\n\n\n\n<p class=\"has-gray-text-color has-text-color has-link-color wp-elements-960889cd9c1531a8a42afc8d471d77ed\">Je\u015bli zale\u017cy Ci na maksymalnej efektywno\u015bci, <a href=\"\/pl\/uslugi\/indywidualne-zajecia-z-polskiego\/\"><mark style=\"background-color:rgba(0, 0, 0, 0)\" class=\"has-inline-color has-primary-color\"><strong>indywidualna<\/strong> <strong>nauka j\u0119zyka polskiego<\/strong><\/mark><\/a> jest strza\u0142em w dziesi\u0105tk\u0119. Metodyka opiera si\u0119 tu na pe\u0142nej personalizacji \u2013 dostosowujemy materia\u0142y do Twoich zainteresowa\u0144 i cel\u00f3w zawodowych.<\/p>\n\n\n\n<p class=\"has-gray-text-color has-text-color has-link-color wp-elements-c47b1de33489b7f2e5bd943a7ead3944\">Przebieg zaj\u0119\u0107 jest elastyczny: mo\u017cemy skupi\u0107 si\u0119 na szlifowaniu wymowy lub analizie specjalistycznych tekst\u00f3w. Najwi\u0119ksz\u0105 korzy\u015bci\u0105 jest eliminacja b\u0142\u0119d\u00f3w w czasie rzeczywistym i znacznie szybsze post\u0119py ni\u017c podczas nauki w grupie.<\/p>\n\n\n\n<p class=\"has-gray-text-color has-text-color has-link-color wp-elements-fc209719603240309d7af794d29fba07\">Po kursie b\u0119dziesz swobodnie prowadzi\u0107 konwersacje na wybrane tematy, przygotujesz profesjonalne e-maile i zyskasz bieg\u0142o\u015b\u0107 w strukturach gramatycznych, kt\u00f3re wcze\u015bniej wydawa\u0142y si\u0119 skomplikowane.<\/p>\n\n    <\/div>\n  <\/div>\n\n<\/div>\n\n<div class=\" spacing-top main-wrapper \" \/>\n<\/div>\n\n<div style=\"background-color: \">\n  <div class=\"main-wrapper px-5 gap-10 flex flex-col  md:grid md:grid-cols-2  relative  \">\n\n    <div class=\"flex   flex-col gap-5 sm:flex-row md:row-start-1 md:row-end-2  md:col-start-2 md:col-end-3\">\n      <div class=\"w-full \"><img decoding=\"async\" src=\"https:\/\/www.polski360.com\/wp-content\/uploads\/2026\/03\/korepetycje-nauka-jezyka-polskiego.webp\" alt=\"korepetycje z polskiego - oferta\" class=\"intersect:animate-fade-up intersect:animate-delay-200 intersect:animate-duration-[500ms] intersect-once  max-w-full h-auto object-cover sticky top-0 \" \/><\/div>\n\n    <\/div>\n    <div class=\"   md:row-start-1 md:row-end-2  md:col-start-1 md:col-end-2\">\n      \n\n<h2 class=\"text-2xl md:text-3xl lg:text-4xl wp-block-mrblocks-generictext has-primary-color has-text-color has-link-color wp-elements-101a7298d9a6d443088a55c2a8f1db27\"><strong><strong><strong><strong><strong>Grupowe zaj\u0119cia z j\u0119zyka polskiego<\/strong><\/strong><\/strong><\/strong><\/strong><\/h2>\n\n\n\n<p class=\"has-gray-text-color has-text-color has-link-color wp-elements-11b6a2e91bbcc4ca898d4f0ad407de4b\">W <a href=\"\/pl\/uslugi\/grupowe-zajecia-z-polskiego\/\"><mark style=\"background-color:rgba(0, 0, 0, 0)\" class=\"has-inline-color has-primary-color\"><strong>grupowych korepetycjach z polskiego<\/strong><\/mark><\/a> stosujemy metod\u0119 immersji oraz liczne symulacje dialog\u00f3w w parach i podgrupach. Przebieg kursu opiera si\u0119 na interakcji \u2013 wsp\u00f3lnie rozwi\u0105zujecie zadania, dyskutujecie i uczycie si\u0119 na wzajemnych przyk\u0142adach. Korzy\u015bci\u0105 z tej formy jest przede wszystkim naturalna okazja do s\u0142uchania r\u00f3\u017cnych akcent\u00f3w i sposob\u00f3w m\u00f3wienia w j\u0119zyku polskim.<\/p>\n\n\n\n<p class=\"has-gray-text-color has-text-color has-link-color wp-elements-8879277774c0e34e36461df2f018b50a\">Po kursie nab\u0119dziesz umiej\u0119tno\u015b\u0107 pracy w zespole w \u015brodowisku polskoj\u0119zycznym, nauczysz si\u0119 argumentowa\u0107 swoje zdanie i zrozumiesz niuanse kulturowe, kt\u00f3re pojawiaj\u0105 si\u0119 podczas naturalnych rozm\u00f3w grupowych.<\/p>\n\n\n\n<h2 class=\"text-2xl md:text-3xl lg:text-4xl wp-block-mrblocks-generictext has-primary-color has-text-color has-link-color wp-elements-f5c6440195fb47789ad9889ba0a303e6\"><strong><strong><strong><strong><strong>Kurs j\u0119zyka polskiego w parach<\/strong><\/strong><\/strong><\/strong><\/strong><\/h2>\n\n\n\n<p class=\"has-gray-text-color has-text-color has-link-color wp-elements-1ca8fd769bf6ed392f52778da31c8ee2\"><a href=\"\/pl\/uslugi\/zajecia-w-parze\/\"><strong><mark style=\"background-color:rgba(0, 0, 0, 0)\" class=\"has-inline-color has-primary-color\">Kurs j\u0119zyka polskiego w parach<\/mark><\/strong><\/a> to doskona\u0142y kompromis mi\u0119dzy lekcjami indywidualnymi a grupowymi. Metodyka skupia si\u0119 na wsp\u00f3\u0142pracy i zdrowej rywalizacji mi\u0119dzy partnerami. Przebieg zaj\u0119\u0107 cz\u0119sto opiera si\u0119 na grach j\u0119zykowych i zadaniach wymagaj\u0105cych rozwi\u0105zania problemu poprzez komunikacj\u0119.<\/p>\n\n\n\n<p class=\"has-gray-text-color has-text-color has-link-color wp-elements-61f6f9df81101ec11dbf444bfadac549\">To \u015bwietna opcja dla ma\u0142\u017ce\u0144stw lub wsp\u00f3\u0142pracownik\u00f3w, dla kt\u00f3rych wsp\u00f3lna <strong>nauka j\u0119zyka polskiego<\/strong> jest cz\u0119\u015bci\u0105 planu na przysz\u0142o\u015b\u0107. Po zako\u0144czeniu kursu b\u0119dziecie potrafili swobodnie porozumiewa\u0107 si\u0119 mi\u0119dzy sob\u0105 po polsku i wsp\u00f3lnie za\u0142atwia\u0107 sprawy urz\u0119dowe czy towarzyskie.<\/p>\n\n\n\n<h2 class=\"text-2xl md:text-3xl lg:text-4xl wp-block-mrblocks-generictext has-primary-color has-text-color has-link-color wp-elements-31b6b15b7137472223cbf78cbe66bbcd\"><strong>J\u0119zyk polski online \u2013 Korepetycje online z j\u0119zyka polskiego<\/strong><\/h2>\n\n\n\n<p class=\"has-gray-text-color has-text-color has-link-color wp-elements-e618d732f5177d376e62f4c3b5322b3f\"><a href=\"\/pl\/uslugi\/jezyk-polski-online\/\"><strong><mark style=\"background-color:rgba(0, 0, 0, 0)\" class=\"has-inline-color has-primary-color\">Korepetycje z polskiego online<\/mark><\/strong><\/a> to rozwi\u0105zanie dla os\u00f3b ceni\u0105cych wygod\u0119 i nowoczesne technologie. G\u0142\u00f3wn\u0105 korzy\u015bci\u0105 jest oszcz\u0119dno\u015b\u0107 czasu na dojazdy oraz dost\u0119p do najlepszych lektor\u00f3w bez ogranicze\u0144 geograficznych.<\/p>\n\n\n\n<p class=\"has-gray-text-color has-text-color has-link-color wp-elements-f56b79580007412d9ca7d4be165fecbb\">Nawet je\u015bli zaczynasz od zera i wybierasz <strong><a href=\"\/pl\/uslugi\/jezyk-polski-dla-poczatkujacych\/\"><mark style=\"background-color:rgba(0, 0, 0, 0)\" class=\"has-inline-color has-primary-color\">j\u0119zyk polski dla pocz\u0105tkuj\u0105cych<\/mark><\/a><\/strong>, nasze narz\u0119dzia sprawi\u0105, \u017ce szybko opanujesz pisowni\u0119 i wymow\u0119. Po zaj\u0119ciach b\u0119dziesz sprawnie pos\u0142ugiwa\u0107 si\u0119 polskimi aplikacjami, nauczysz si\u0119 obs\u0142ugiwa\u0107 polskie portale informacyjne i zyskasz kompetencje cyfrowe w j\u0119zyku obcym, kt\u00f3re s\u0105 dzi\u015b niezb\u0119dne na rynku pracy.<\/p>\n\n    <\/div>\n  <\/div>\n\n<\/div><\/div>\n","protected":false},"excerpt":{"rendered":"","protected":false},"author":1,"featured_media":0,"parent":0,"menu_order":0,"comment_status":"closed","ping_status":"closed","template":"","meta":{"_acf_changed":false,"footnotes":""},"class_list":["post-23","page","type-page","status-publish","hentry"],"acf":[],"_links":{"self":[{"href":"https:\/\/www.polski360.com\/pl\/wp-json\/wp\/v2\/pages\/23","targetHints":{"allow":["GET"]}}],"collection":[{"href":"https:\/\/www.polski360.com\/pl\/wp-json\/wp\/v2\/pages"}],"about":[{"href":"https:\/\/www.polski360.com\/pl\/wp-json\/wp\/v2\/types\/page"}],"author":[{"embeddable":true,"href":"https:\/\/www.polski360.com\/pl\/wp-json\/wp\/v2\/users\/1"}],"replies":[{"embeddable":true,"href":"https:\/\/www.polski360.com\/pl\/wp-json\/wp\/v2\/comments?post=23"}],"version-history":[{"count":9,"href":"https:\/\/www.polski360.com\/pl\/wp-json\/wp\/v2\/pages\/23\/revisions"}],"predecessor-version":[{"id":2014,"href":"https:\/\/www.polski360.com\/pl\/wp-json\/wp\/v2\/pages\/23\/revisions\/2014"}],"wp:attachment":[{"href":"https:\/\/www.polski360.com\/pl\/wp-json\/wp\/v2\/media?parent=23"}],"curies":[{"name":"wp","href":"https:\/\/api.w.org\/{rel}","templated":true}]}}