{"id":166,"date":"2025-11-19T09:47:28","date_gmt":"2025-11-19T08:47:28","guid":{"rendered":"https:\/\/polski360.com\/?page_id=166"},"modified":"2026-03-02T11:38:42","modified_gmt":"2026-03-02T10:38:42","slug":"do-rozmowy-kwalifikacyjnej","status":"publish","type":"page","link":"https:\/\/www.polski360.com\/pl\/uslugi\/cel-nauki\/do-rozmowy-kwalifikacyjnej\/","title":{"rendered":"Do rozmowy kwalifikacyjnej"},"content":{"rendered":"\n<div class=\"wp-block-group is-layout-constrained wp-block-group-is-layout-constrained\"><div style=\"background-color: \">\n  <div class=\"main-wrapper px-5 gap-10 flex flex-col  md:grid md:grid-cols-2  relative  \">\n\n    <div class=\"flex   flex-col gap-5 sm:flex-row md:row-start-1 md:row-end-2 \">\n      <div class=\"w-full \"><img decoding=\"async\" src=\"https:\/\/polski360.com\/wp-content\/uploads\/2025\/11\/rozmowy-kwalifikacyjnej.webp\" alt=\"\" class=\"intersect:animate-fade-up intersect:animate-delay-200 intersect:animate-duration-[500ms] intersect-once  max-w-full h-auto object-cover sticky top-0 \" \/><\/div>\n\n    <\/div>\n    <div class=\"   md:row-start-1 md:row-end-2 \">\n      \n\n<h3 class=\"text-base wp-block-mrblocks-generictext has-secondary-color has-text-color has-link-color wp-elements-7f70c0a0c566b9fac70880fc2781b839\"><strong>POLSKI360<\/strong><\/h3>\n\n\n\n<div style=\"height:20px\" aria-hidden=\"true\" class=\"wp-block-spacer\"><\/div>\n\n\n\n<h2 class=\"text-2xl md:text-3xl lg:text-4xl wp-block-mrblocks-generictext has-primary-color has-text-color has-link-color wp-elements-efc0cb63be61c9308a642c45b4453fa3\">J\u0119zyk polski do rozmowy kwalifikacyjnej<\/h2>\n\n\n\n<div style=\"height:50px\" aria-hidden=\"true\" class=\"wp-block-spacer\"><\/div>\n\n\n\n<p class=\"has-gray-text-color has-text-color has-link-color wp-elements-11ab3ca88d3d44da9ba94694f14c0446\">Kurs j\u0119zyka polskiego do rozmowy kwalifikacyjnej jest przeznaczony dla obcokrajowc\u00f3w, kt\u00f3re chc\u0105 przygotowa\u0107 si\u0119 do skutecznego i pewnego wyst\u0105pienia podczas procesu rekrutacyjnego. Zaj\u0119cia skupiaj\u0105 si\u0119 na praktycznych zwrotach, s\u0142ownictwie bran\u017cowym, autoprezentacji, odpowiadaniu na pytania oraz symulacjach rozm\u00f3w kwalifikacyjnych.<\/p>\n\n\n\n<div style=\"height:50px\" aria-hidden=\"true\" class=\"wp-block-spacer\"><\/div>\n\n\n\n<p class=\"has-gray-text-color has-text-color has-link-color wp-elements-093328ad96310a8fa3fa72be8ee9dd4a\">Kurs pomaga prze\u0142ama\u0107 barier\u0119 j\u0119zykow\u0105, zwi\u0119kszy\u0107 pewno\u015b\u0107 siebie i nauczy\u0107 si\u0119 prezentowa\u0107 swoje kompetencje w profesjonalny spos\u00f3b. To idealne przygotowanie dla os\u00f3b szukaj\u0105cych pracy w Polsce, chc\u0105cych zrobi\u0107 dobre wra\u017cenie na rekruterach i zwi\u0119kszy\u0107 swoje szanse na zdobycie wymarzonego stanowiska.<\/p>\n\n\n\n<div style=\"height:72px\" aria-hidden=\"true\" class=\"wp-block-spacer\"><\/div>\n\n\n<a class=\"button-secondary \" href=\"https:\/\/www.polski360.com\/pl\/kontakt\/\">\n  Zapisz si\u0119 na zaj\u0119cia<\/a>\n    <\/div>\n  <\/div>\n\n<\/div><\/div>\n\n\n<div class=\" spacing-top main-wrapper \" \/>\n<\/div>\n\n<div style=\"background-color: \">\n  <div class=\"main-wrapper px-5 gap-10 flex flex-col  md:grid md:grid-cols-2  relative  \">\n\n    <div class=\"flex   flex-col gap-5 sm:flex-row md:row-start-1 md:row-end-2  md:col-start-2 md:col-end-3\">\n      <div class=\"w-full \"><img decoding=\"async\" src=\"https:\/\/www.polski360.com\/wp-content\/uploads\/2025\/12\/zajecia-w-parze.webp\" alt=\"j\u0119zyk polski do komunikacji\" class=\"intersect:animate-fade-up intersect:animate-delay-200 intersect:animate-duration-[500ms] intersect-once  max-w-full h-auto object-cover sticky top-0 \" \/><\/div>\n\n    <\/div>\n    <div class=\"   md:row-start-1 md:row-end-2  md:col-start-1 md:col-end-2\">\n      \n\n<h2 class=\"text-2xl md:text-3xl lg:text-4xl wp-block-mrblocks-generictext has-primary-color has-text-color has-link-color wp-elements-7ca464b53cf931fc92fff53c36664c2b\"><strong><strong><strong>J\u0119zyk polski do rozmowy kwalifikacyjnej \u2013 pokonaj barier\u0119 i zdob\u0105d\u017a wymarzon\u0105 prac\u0119<\/strong><\/strong><\/strong><\/h2>\n\n\n\n<p class=\"has-gray-text-color has-text-color has-link-color wp-elements-151ac6a529a9de92eac89e3ac6c59f63\"><strong>Rozmowa kwalifikacyjna to cz\u0119sto ostatnia przeszkoda przed podj\u0119ciem wymarzonej, dobrze p\u0142atnej pracy.<\/strong> Nawet je\u015bli Twoje kompetencje merytoryczne s\u0105 na najwy\u017cszym poziomie, bariera komunikacyjna mo\u017ce sta\u0107 si\u0119 murem nie do przebicia. B\u0142\u0119dy j\u0119zykowe i wynikaj\u0105cy z nich stres cz\u0119sto przekre\u015blaj\u0105 szans\u0119 na powodzenie \u2013 w efekcie przegrywamy z innymi, lepiej przygotowanymi kandydatami, kt\u00f3rzy potrafi\u0105 swobodniej zaprezentowa\u0107 swoje atuty. Wierzymy, \u017ce Twoja wiedza zas\u0142uguje na odpowiedni\u0105 opraw\u0119 j\u0119zykow\u0105, dlatego nasze <strong>kursy polskiego do rozmowy kwalifikacyjnej<\/strong> skupiaj\u0105 si\u0119 na tym, co najwa\u017cniejsze: skutecznej komunikacji w biznesie.<\/p>\n\n\n\n<h2 class=\"text-2xl md:text-3xl lg:text-4xl wp-block-mrblocks-generictext has-primary-color has-text-color has-link-color wp-elements-89e2fbf23b171491dbee8945306d6009\"><strong><strong>Jak wygl\u0105da nauka j\u0119zyka polskiego do rozmowy kwalifikacyjnej?<\/strong><\/strong><\/h2>\n\n\n\n<p class=\"has-gray-text-color has-text-color has-link-color wp-elements-ebb0794746620b338c28b9a1d4f3c262\">W trakcie zaj\u0119\u0107 stawiamy na praktyk\u0119 i realne sytuacje rekrutacyjne. Staramy si\u0119 nauczy\u0107 naszych swobody wypowiedzi. Uczymy konkretnych formu\u0142, struktur i zwrot\u00f3w najcz\u0119\u015bciej wykorzystywanych podczas rozm\u00f3w kwalifikacyjnych po polsku. Oferujemy <a href=\"https:\/\/www.polski360.com\/pl\/uslugi\/indywidualne-zajecia-z-polskiego\/\">zaj\u0119cia indywidualne z j\u0119zyka polskiego<\/a>, jak i mo\u017cliwo\u015b\u0107 nauki w parach i grupach. Przeprowadzamy symulowane rozmowy, korygujemy b\u0142\u0119dy, zwracamy uwag\u0119 na akcent i prawid\u0142ow\u0105 wymow\u0119.&nbsp;<\/p>\n\n\n\n<ul class=\"wp-block-list\">\n<li class=\"has-gray-text-color has-text-color has-link-color wp-elements-9667e93f0a52126859119436bd154d87\"><strong>Budujemy pewno\u015b\u0107 siebie:<\/strong> Staramy si\u0119 wyrobi\u0107 w naszych kursantach nawyk pewno\u015bci j\u0119zykowej. Chcemy, aby\u015b przesta\u0142 zastanawia\u0107 si\u0119 nad ka\u017cd\u0105 ko\u0144c\u00f3wk\u0105, a zacz\u0105\u0142 p\u0142ynnie argumentowa\u0107.<\/li>\n<\/ul>\n\n\n\n<p class=\"has-gray-text-color has-text-color has-link-color wp-elements-404b25ea9a9ae9fbdeae4e8dbe82a1ea\"><strong>Symulowane rozmowy kwalifikacyjne:<\/strong> przygotowujemy i \u0107wiczymy razem scenariusze rozm\u00f3w, podczas kt\u00f3rych zwracamy szczeg\u00f3ln\u0105 uwag\u0119 na akcent i poprawn\u0105 wymow\u0119 w j\u0119zyku polskim<\/p>\n\n\n\n<p class=\"has-gray-text-color has-text-color has-link-color wp-elements-7503584171a66bce042d70ec63c0d04d\"><strong>Gotowe formu\u0142y:<\/strong> Uczymy okre\u015blonych formu\u0142 i zwrot\u00f3w najcz\u0119\u015bciej wykorzystywanych podczas rozmowy. To przydatne okre\u015blenia, kt\u00f3re zwi\u0119ksz\u0105 Twoj\u0105 warto\u015b\u0107 w oczach rekrutera.<\/p>\n\n\n\n<p class=\"has-gray-text-color has-text-color has-link-color wp-elements-bb672b87da89c881edc05e6cae6ac1a2\"><strong>Personalizacja bran\u017cowa:<\/strong> Przygotowujemy scenariusze rozm\u00f3w kwalifikacyjnych do r\u00f3\u017cnych bran\u017c (IT, finanse, marketing, obs\u0142uga klienta), zgodnie z indywidualnymi potrzebami naszych kursant\u00f3w.<\/p>\n\n    <\/div>\n  <\/div>\n\n<\/div>\n\n<div class=\" spacing-top main-wrapper \" \/>\n<\/div>\n\n<div style=\"background-color: \">\n  <div class=\"main-wrapper px-5 gap-10 flex flex-col  md:grid md:grid-cols-2  relative  \">\n\n    <div class=\"flex   flex-col gap-5 sm:flex-row md:row-start-1 md:row-end-2 \">\n      <div class=\"w-full \"><img decoding=\"async\" src=\"https:\/\/www.polski360.com\/wp-content\/uploads\/2025\/12\/zajecia-w-parze.webp\" alt=\"j\u0119zyk polski do komunikacji\" class=\"intersect:animate-fade-up intersect:animate-delay-200 intersect:animate-duration-[500ms] intersect-once  max-w-full h-auto object-cover sticky top-0 \" \/><\/div>\n\n    <\/div>\n    <div class=\"   md:row-start-1 md:row-end-2 \">\n      \n\n<h2 class=\"text-2xl md:text-3xl lg:text-4xl wp-block-mrblocks-generictext has-primary-color has-text-color has-link-color wp-elements-4fb8906dd02ffe5463b1baf6b361a2ac\"><strong><strong><strong>Rozmowa kwalifikacyjna w j\u0119zyku polskim \u2013 jak si\u0119 do niej przygotowa\u0107?<\/strong><\/strong><\/strong><\/h2>\n\n\n\n<p class=\"has-gray-text-color has-text-color has-link-color wp-elements-d905fd787164f17fd1b9635837a0100f\">Skuteczne <strong>przygotowanie do rozmowy kwalifikacyjnej po polsku<\/strong> zaczyna si\u0119 od analizy og\u0142oszenia o prac\u0119 i wymaga\u0144 pracodawcy. Warto przygotowa\u0107 kr\u00f3tk\u0105 autoprezentacj\u0119, opanowa\u0107 s\u0142ownictwo zwi\u0105zane z do\u015bwiadczeniem zawodowym oraz prze\u0107wiczy\u0107 m\u00f3wienie o swoich mocnych stronach. Bardzo pomocny jest mini-s\u0142owniczek z leksyk\u0105 charakterystyczn\u0105 dla danej bran\u017cy \u2013 nazw stanowisk, narz\u0119dzi, proces\u00f3w czy obowi\u0105zk\u00f3w. Podczas kursu uczymy te\u017c, jak odpowiada\u0107 zwi\u0119\u017ale, logicznie i poprawnie gramatycznie, nawet pod presj\u0105 czasu.<\/p>\n\n\n\n<h2 class=\"text-2xl md:text-3xl lg:text-4xl wp-block-mrblocks-generictext has-primary-color has-text-color has-link-color wp-elements-ffd57fa1abdda37b1ae1d7727dea13dc\"><strong><strong>Korzy\u015bci nauki w naszej szkole j\u0119zykowej<\/strong><\/strong><\/h2>\n\n\n\n<p class=\"has-gray-text-color has-text-color has-link-color wp-elements-a1bc7ca779a55e055e3855232f35bf74\">Wybieraj\u0105c nasz kurs, inwestujesz w realne narz\u0119dzia, kt\u00f3re otworz\u0105 przed Tob\u0105 drzwi do kariery w Polsce. Co nas wyr\u00f3\u017cnia?<\/p>\n\n\n\n<ul class=\"wp-block-list\">\n<li class=\"has-gray-text-color has-text-color has-link-color wp-elements-4d6a136c2c6187ce33bd475b2b826087\"><strong>Do\u017cywotni dost\u0119p do materia\u0142\u00f3w<\/strong> \u2013 autorskie skrypty i bazy s\u0142ownictwa zawsze pod r\u0119k\u0105.<\/li>\n\n\n\n<li class=\"has-gray-text-color has-text-color has-link-color wp-elements-3ee9c60d70d3fe7d29a33932429a5407\"><strong>Zaj\u0119cia z do\u015bwiadczonym lektorem<\/strong> \u2013 nasi nauczyciele to eksperci od komunikacji biznesowej.<\/li>\n\n\n\n<li class=\"has-gray-text-color has-text-color has-link-color wp-elements-7267615d4b37ab6c301cad7292dc3ab8\"><strong>Przyjazna atmosfera online<\/strong> \u2013 lekcje zdalne w komfortowych warunkach pomagaj\u0105 prze\u0142ama\u0107 barier\u0119 j\u0119zykow\u0105 bez zb\u0119dnego stresu.<\/li>\n\n\n\n<li class=\"has-gray-text-color has-text-color has-link-color wp-elements-bfe11668b890332b07767882b7bf32cf\"><strong>Realistyczne symulacje<\/strong> \u2013 odtworzenie prawdziwych konwersacji na rozmowach kwalifikacyjnych sprawi, \u017ce nic Ci\u0119 nie zaskoczy.<\/li>\n\n\n\n<li class=\"has-gray-text-color has-text-color has-link-color wp-elements-e148268d4300bb8c06885023d9475c70\"><strong>Personalizacja<\/strong> <strong>kursu<\/strong> \u2013 wsparcie i dopasowanie kursu pod Twoje oczekiwania zawodowe.<\/li>\n<\/ul>\n\n\n\n<p class=\"has-gray-text-color has-text-color has-link-color wp-elements-c9171e0414b4a8bbb63ed98a5dc19f5e\">Wybierz nasze profesjonalny <strong>kurs polskiego do rozmowy kwalifikacyjnej<\/strong> i zwi\u0119ksz swoje szanse na sukces zawodowy w Polsce!<\/p>\n\n    <\/div>\n  <\/div>\n\n<\/div>","protected":false},"excerpt":{"rendered":"","protected":false},"author":1,"featured_media":216,"parent":154,"menu_order":0,"comment_status":"closed","ping_status":"closed","template":"","meta":{"_acf_changed":false,"footnotes":""},"class_list":["post-166","page","type-page","status-publish","has-post-thumbnail","hentry"],"acf":[],"_links":{"self":[{"href":"https:\/\/www.polski360.com\/pl\/wp-json\/wp\/v2\/pages\/166","targetHints":{"allow":["GET"]}}],"collection":[{"href":"https:\/\/www.polski360.com\/pl\/wp-json\/wp\/v2\/pages"}],"about":[{"href":"https:\/\/www.polski360.com\/pl\/wp-json\/wp\/v2\/types\/page"}],"author":[{"embeddable":true,"href":"https:\/\/www.polski360.com\/pl\/wp-json\/wp\/v2\/users\/1"}],"replies":[{"embeddable":true,"href":"https:\/\/www.polski360.com\/pl\/wp-json\/wp\/v2\/comments?post=166"}],"version-history":[{"count":5,"href":"https:\/\/www.polski360.com\/pl\/wp-json\/wp\/v2\/pages\/166\/revisions"}],"predecessor-version":[{"id":1736,"href":"https:\/\/www.polski360.com\/pl\/wp-json\/wp\/v2\/pages\/166\/revisions\/1736"}],"up":[{"embeddable":true,"href":"https:\/\/www.polski360.com\/pl\/wp-json\/wp\/v2\/pages\/154"}],"wp:featuredmedia":[{"embeddable":true,"href":"https:\/\/www.polski360.com\/pl\/wp-json\/wp\/v2\/media\/216"}],"wp:attachment":[{"href":"https:\/\/www.polski360.com\/pl\/wp-json\/wp\/v2\/media?parent=166"}],"curies":[{"name":"wp","href":"https:\/\/api.w.org\/{rel}","templated":true}]}}