{"id":164,"date":"2025-11-19T09:47:07","date_gmt":"2025-11-19T08:47:07","guid":{"rendered":"https:\/\/polski360.com\/?page_id=164"},"modified":"2026-02-24T12:36:56","modified_gmt":"2026-02-24T11:36:56","slug":"do-egzaminu","status":"publish","type":"page","link":"https:\/\/www.polski360.com\/pl\/uslugi\/cel-nauki\/do-egzaminu\/","title":{"rendered":"Nauka j\u0119zyka polskiego do egzaminu &#8211; korepetycje z polskiego"},"content":{"rendered":"\n<div class=\"wp-block-group is-layout-constrained wp-block-group-is-layout-constrained\"><div style=\"background-color: \">\n  <div class=\"main-wrapper px-5 gap-10 flex flex-col  md:grid md:grid-cols-2  relative  \">\n\n    <div class=\"flex   flex-col gap-5 sm:flex-row md:row-start-1 md:row-end-2 \">\n      <div class=\"w-full \"><img decoding=\"async\" src=\"https:\/\/polski360.com\/wp-content\/uploads\/2025\/11\/do-biznesu.webp\" alt=\"\" class=\"intersect:animate-fade-up intersect:animate-delay-200 intersect:animate-duration-[500ms] intersect-once  max-w-full h-auto object-cover sticky top-0 \" \/><\/div>\n\n    <\/div>\n    <div class=\"   md:row-start-1 md:row-end-2 \">\n      \n\n<h3 class=\"text-base wp-block-mrblocks-generictext has-secondary-color has-text-color has-link-color wp-elements-7f70c0a0c566b9fac70880fc2781b839\"><strong>POLSKI360<\/strong><\/h3>\n\n\n\n<div style=\"height:20px\" aria-hidden=\"true\" class=\"wp-block-spacer\"><\/div>\n\n\n\n<h2 class=\"text-2xl md:text-3xl lg:text-4xl wp-block-mrblocks-generictext has-primary-color has-text-color has-link-color wp-elements-701bda504332290e101f4321e903ae7e\">J\u0119zyk polski dla egzaminu i certyfikatu<\/h2>\n\n\n\n<div style=\"height:50px\" aria-hidden=\"true\" class=\"wp-block-spacer\"><\/div>\n\n\n\n<p class=\"has-gray-text-color has-text-color has-link-color wp-elements-51dd336b5e6f86e6f400bc157178523d\">Kurs j\u0119zyka polskiego dla egzaminu i certyfikatu jest przeznaczony dla obcokrajowc\u00f3w, kt\u00f3re chc\u0105 skutecznie przygotowa\u0107 si\u0119 do oficjalnych test\u00f3w j\u0119zykowych, takich jak certyfikat C1, B2 czy egzamin pa\u0144stwowy. Zaj\u0119cia obejmuj\u0105 wszystkie kluczowe obszary: gramatyk\u0119, s\u0142ownictwo, czytanie, pisanie, s\u0142uchanie oraz \u0107wiczenia konwersacyjne, zgodnie z wymaganiami egzaminacyjnymi.<\/p>\n\n\n\n<div style=\"height:50px\" aria-hidden=\"true\" class=\"wp-block-spacer\"><\/div>\n\n\n\n<p class=\"has-gray-text-color has-text-color has-link-color wp-elements-367b2ea4b4aef3033e10e81c5030f409\">Program kursu jest dostosowany do poziomu uczestnika i pozwala systematycznie monitorowa\u0107 post\u0119py. Dzi\u0119ki temu kursanci nabieraj\u0105 pewno\u015bci siebie, ucz\u0105 si\u0119 strategii egzaminacyjnych i skutecznie przygotowuj\u0105 si\u0119 do zdobycia oficjalnego certyfikatu j\u0119zykowego, kt\u00f3ry potwierdza znajomo\u015b\u0107 polskiego w \u017cyciu zawodowym i prywatnym.<\/p>\n\n\n\n<div style=\"height:72px\" aria-hidden=\"true\" class=\"wp-block-spacer\"><\/div>\n\n\n<a class=\"button-secondary \" href=\"https:\/\/www.polski360.com\/pl\/kontakt\/\">\n  Zapisz si\u0119 na zaj\u0119cia<\/a>\n    <\/div>\n  <\/div>\n\n<\/div><\/div>\n","protected":false},"excerpt":{"rendered":"","protected":false},"author":1,"featured_media":211,"parent":154,"menu_order":0,"comment_status":"closed","ping_status":"closed","template":"","meta":{"_acf_changed":false,"footnotes":""},"class_list":["post-164","page","type-page","status-publish","has-post-thumbnail","hentry"],"acf":[],"_links":{"self":[{"href":"https:\/\/www.polski360.com\/pl\/wp-json\/wp\/v2\/pages\/164","targetHints":{"allow":["GET"]}}],"collection":[{"href":"https:\/\/www.polski360.com\/pl\/wp-json\/wp\/v2\/pages"}],"about":[{"href":"https:\/\/www.polski360.com\/pl\/wp-json\/wp\/v2\/types\/page"}],"author":[{"embeddable":true,"href":"https:\/\/www.polski360.com\/pl\/wp-json\/wp\/v2\/users\/1"}],"replies":[{"embeddable":true,"href":"https:\/\/www.polski360.com\/pl\/wp-json\/wp\/v2\/comments?post=164"}],"version-history":[{"count":6,"href":"https:\/\/www.polski360.com\/pl\/wp-json\/wp\/v2\/pages\/164\/revisions"}],"predecessor-version":[{"id":1626,"href":"https:\/\/www.polski360.com\/pl\/wp-json\/wp\/v2\/pages\/164\/revisions\/1626"}],"up":[{"embeddable":true,"href":"https:\/\/www.polski360.com\/pl\/wp-json\/wp\/v2\/pages\/154"}],"wp:featuredmedia":[{"embeddable":true,"href":"https:\/\/www.polski360.com\/pl\/wp-json\/wp\/v2\/media\/211"}],"wp:attachment":[{"href":"https:\/\/www.polski360.com\/pl\/wp-json\/wp\/v2\/media?parent=164"}],"curies":[{"name":"wp","href":"https:\/\/api.w.org\/{rel}","templated":true}]}}