{"id":162,"date":"2025-11-19T09:46:44","date_gmt":"2025-11-19T08:46:44","guid":{"rendered":"https:\/\/polski360.com\/?page_id=162"},"modified":"2026-02-24T12:40:52","modified_gmt":"2026-02-24T11:40:52","slug":"dla-biznesu","status":"publish","type":"page","link":"https:\/\/www.polski360.com\/pl\/uslugi\/cel-nauki\/dla-biznesu\/","title":{"rendered":"Nauka j\u0119zyka polskiego dla biznesu \u2013 kurs polskiego biznesowego"},"content":{"rendered":"\n<section class=\"wp-block-group is-layout-constrained wp-block-group-is-layout-constrained\"><div style=\"background-color: \">\n  <div class=\"main-wrapper px-5 gap-10 flex flex-col  md:grid md:grid-cols-2  relative  \">\n\n    <div class=\"flex   flex-col gap-5 sm:flex-row md:row-start-1 md:row-end-2 \">\n      <div class=\"w-full \"><img decoding=\"async\" src=\"https:\/\/www.polski360.com\/wp-content\/uploads\/2025\/11\/do-biznesu.webp\" alt=\"j\u0119zyk polski biznesowy\" class=\"intersect:animate-fade-up intersect:animate-delay-200 intersect:animate-duration-[500ms] intersect-once  max-w-full h-auto object-cover sticky top-0 \" \/><\/div>\n\n    <\/div>\n    <div class=\"   md:row-start-1 md:row-end-2 \">\n      \n\n<h3 class=\"text-base wp-block-mrblocks-generictext has-secondary-color has-text-color has-link-color wp-elements-7f70c0a0c566b9fac70880fc2781b839\"><strong>POLSKI360<\/strong><\/h3>\n\n\n\n<div style=\"height:20px\" aria-hidden=\"true\" class=\"wp-block-spacer\"><\/div>\n\n\n\n<h2 class=\"text-2xl md:text-3xl lg:text-4xl wp-block-mrblocks-generictext has-primary-color has-text-color has-link-color wp-elements-78d6181055c627247d4508c902b0b075\">J\u0119zyk polski dla biznesu<\/h2>\n\n\n\n<p class=\"has-gray-text-color has-text-color has-link-color wp-elements-847a0d0b2acbec01319b3e0b4388022a\"><br>Polski j\u0119zyk biznesu obejmuje specjalistyczn\u0105 leksyk\u0119, kt\u00f3ra jest niezb\u0119dna do sporz\u0105dzania um\u00f3w, prowadzenia negocjacji, rozumienia raport\u00f3w finansowych oraz efektywnej interakcji z polskimi partnerami, klientami czy pracownikami. W naszym kursie skupiamy si\u0119 na praktycznych aspektach j\u0119zyka, kt\u00f3re s\u0105 u\u017cywane na co dzie\u0144 w polskich przedsi\u0119biorstwach, od ma\u0142ych firm rodzinnych po du\u017ce korporacje.<\/p>\n\n\n\n<h2 class=\"text-2xl md:text-3xl lg:text-4xl wp-block-mrblocks-generictext has-primary-color has-text-color has-link-color wp-elements-706261fde154b4c01a71e7dcde040e8a\">Czego nauczysz si\u0119 na naszym kursie?<\/h2>\n\n\n\n<p class=\"has-gray-text-color has-text-color has-link-color wp-elements-194b904e70cc853ef54dc9a993c80ba0\">Na naszych <strong>kursach j\u0119zyka polskiego dla biznesu<\/strong> rozwijasz zar\u00f3wno kompetencje j\u0119zykowe, jak i kulturowe, potrzebne w pracy w Polsce. W ramach zaj\u0119\u0107:<\/p>\n\n\n\n<ul class=\"wp-block-list\">\n<li class=\"has-gray-text-color has-text-color has-link-color wp-elements-88377805fa1d171bade49ee7184f64af\">poznasz j\u0119zyk negocjacji handlowych \u2013 nauczysz si\u0119 proponowa\u0107, ripostowa\u0107, ust\u0119powa\u0107 i domyka\u0107 biznesowe rozmowy,<\/li>\n\n\n\n<li class=\"has-gray-text-color has-text-color has-link-color wp-elements-103cea8f5b201280e65d3f806a81be92\">opanujesz specjalistyczn\u0105 leksyk\u0119 biznesu, w tym s\u0142ownictwo zwi\u0105zane z finansami, HR, marketingiem i zarz\u0105dzaniem,<\/li>\n\n\n\n<li class=\"has-gray-text-color has-text-color has-link-color wp-elements-263ef91497ba8a914b2c054bf81a3ba8\">rozszerzysz znajomo\u015b\u0107 leksyki prawnej, poznasz podstawowe poj\u0119cia um\u00f3w, zapis\u00f3w klauzul i regulamin\u00f3w,<\/li>\n\n\n\n<li class=\"has-gray-text-color has-text-color has-link-color wp-elements-7103abdabc86959c9046c67761136f26\">nauczysz si\u0119 s\u0142ownictwa u\u017cywanego na gie\u0142dzie i w \u015bwiecie inwestycji,<\/li>\n\n\n\n<li class=\"has-gray-text-color has-text-color has-link-color wp-elements-888ada7d3f2adc43f43720fcb0f8ebba\">b\u0119dziesz \u0107wiczy\u0107 konwersacje partner\u00f3w biznesowych \u2013 spotkania statusowe, prezentacje projekt\u00f3w, rozmowy z klientami,<\/li>\n\n\n\n<li class=\"has-gray-text-color has-text-color has-link-color wp-elements-b228db251370889cfba1e5883b00ad25\">prze\u0107wiczysz korespondencj\u0119 biznesow\u0105: maile, oferty, zaproszenia na spotkania, przypomnienia, notatki ze spotka\u0144.<\/li>\n<\/ul>\n\n\n\n<p class=\"has-gray-text-color has-text-color has-link-color wp-elements-64c487a0889c175cc4718f45a5bffc02\">Tak zaplanowana <strong>nauka polskiego dla biznesu<\/strong> pozwala Ci szybko zacz\u0105\u0107 u\u017cywa\u0107 j\u0119zyka w praktyce.<\/p>\n\n\n\n<div style=\"height:72px\" aria-hidden=\"true\" class=\"wp-block-spacer\"><\/div>\n\n\n<a class=\"button-secondary \" href=\"https:\/\/www.polski360.com\/pl\/kontakt\/\">\n  Zapisz si\u0119 na zaj\u0119cia<\/a>\n    <\/div>\n  <\/div>\n\n<\/div>\n\n<div class=\" spacing-top main-wrapper \" \/>\n<\/div>\n\n<div style=\"background-color: \">\n  <div class=\"main-wrapper px-5 gap-10 flex flex-col  md:grid md:grid-cols-2  relative  \">\n\n    <div class=\"flex   flex-col gap-5 sm:flex-row md:row-start-1 md:row-end-2  md:col-start-2 md:col-end-3\">\n      <div class=\"w-full \"><img decoding=\"async\" src=\"https:\/\/www.polski360.com\/wp-content\/uploads\/2025\/11\/rozmowy-kwalifikacyjnej.webp\" alt=\"j\u0119zyk polski dla Biznesu\" class=\"intersect:animate-fade-up intersect:animate-delay-200 intersect:animate-duration-[500ms] intersect-once  max-w-full h-auto object-cover sticky top-0 \" \/><\/div>\n\n    <\/div>\n    <div class=\"   md:row-start-1 md:row-end-2  md:col-start-1 md:col-end-2\">\n      \n\n<h2 class=\"text-2xl md:text-3xl lg:text-4xl wp-block-mrblocks-generictext has-primary-color has-text-color has-link-color wp-elements-e9d9d7424776f36e4af85d317ebcdb1d\"><strong>Jak przebiega nauczanie na naszym kursie?<\/strong><\/h2>\n\n\n\n<p class=\"has-gray-text-color has-text-color has-link-color wp-elements-b7a426aa262d57d93a44d75a3737512b\">Zaj\u0119cia prowadzimy w formie lekcji indywidualnych, w parach lub w niewielkich, kameralnych grupach. Dzi\u0119ki temu lektor mo\u017ce skupi\u0107 si\u0119 na Twojej bran\u017cy, stanowisku i realnych wyzwaniach. Wykorzystujemy warto\u015bciowe i anga\u017cuj\u0105ce materia\u0142y: autentyczne maile, prezentacje, raporty, nagrania spotka\u0144 biznesowych.<\/p>\n\n\n\n<p class=\"has-gray-text-color has-text-color has-link-color wp-elements-b15a61e3fa116774efcee9c79cd8e0cc\">Stosujemy mechanizm immersji j\u0119zykowej \u2013 metod\u0119 maksymalnego zanurzenia w j\u0119zyku. Oznacza to, \u017ce wi\u0119kszo\u015b\u0107 zaj\u0119\u0107 odbywa si\u0119 po polsku, w kontek\u015bcie prawdziwych sytuacji zawodowych. Systematycznie monitorujemy Twoje post\u0119py i regularnie przekazujemy informacje zwrotne na temat rozwoju kompetencji j\u0119zykowych. Dzi\u0119ki temu <strong>nauka polskiego dla biznesu<\/strong> jest przejrzysta, mierzalna i motywuj\u0105ca.<\/p>\n\n\n\n<h2 class=\"text-2xl md:text-3xl lg:text-4xl wp-block-mrblocks-generictext has-primary-color has-text-color has-link-color wp-elements-f10c15179b57919e055c877abbf80ae3\"><strong>Dlaczego warto uczy\u0107 si\u0119 polskiego j\u0119zyka biznesu?<\/strong><\/h2>\n\n\n\n<p class=\"has-gray-text-color has-text-color has-link-color wp-elements-06fb476e9b55cf490a9ae050a65553ac\">mo\u017cesz swobodnie prowadzi\u0107 firm\u0119 w Polsce \u2013 rozumiesz dokumenty, urz\u0119dy, rozmowy z ksi\u0119gowymi i prawnikami,<\/p>\n\n\n\n<p class=\"has-gray-text-color has-text-color has-link-color wp-elements-10e4ce421d4ab55928523d9601a3a795\">\u0142atwiej pozyskujesz partner\u00f3w handlowych z Polski i budujesz d\u0142ugofalowe relacje oparte na zaufaniu,<\/p>\n\n\n\n<p class=\"has-gray-text-color has-text-color has-link-color wp-elements-56acff869fd6df6a3d92900505b6953a\">zwi\u0119kszasz swoje perspektywy zawodowe jako osoba dwuj\u0119zyczna \u2013 stajesz si\u0119 bardziej atrakcyjnym kandydatem na rynku pracy,<\/p>\n\n\n\n<p class=\"has-gray-text-color has-text-color has-link-color wp-elements-1dc44f3548d05736822bf98338731e3a\">zyskujesz niezale\u017cno\u015b\u0107 w spotkaniach i negocjacjach, nie potrzebujesz ci\u0105g\u0142ego wsparcia t\u0142umacza,<\/p>\n\n\n\n<p class=\"has-gray-text-color has-text-color has-link-color wp-elements-996f1e89555f76c081a7c002e0d9df3a\">lepiej rozumiesz polsk\u0105 kultur\u0119 biznesu, savoir-vivre i nieformalne zasady panuj\u0105ce w firmach,<\/p>\n\n\n\n<p class=\"has-gray-text-color has-text-color has-link-color wp-elements-794735976cf4b8cb9d9d9270450663c8\">budujesz profesjonalny wizerunek eksperta, kt\u00f3ry swobodnie wykorzystuje <strong>polski do komunikacji biznesowej<\/strong>.<\/p>\n\n    <\/div>\n  <\/div>\n\n<\/div>\n\n<div class=\" spacing-top main-wrapper \" \/>\n<\/div>\n\n<div style=\"background-color: \">\n  <div class=\"main-wrapper px-5 gap-10 flex flex-col  md:grid md:grid-cols-2  relative  \">\n\n    <div class=\"flex   flex-col gap-5 sm:flex-row md:row-start-1 md:row-end-2 \">\n      <div class=\"w-full \"><img decoding=\"async\" src=\"https:\/\/www.polski360.com\/wp-content\/uploads\/2026\/01\/jezyk-polski-dla-grup.webp\" alt=\"kurs j\u0119zyka polskiego dla biznesu\" class=\"intersect:animate-fade-up intersect:animate-delay-200 intersect:animate-duration-[500ms] intersect-once  max-w-full h-auto object-cover sticky top-0 \" \/><\/div>\n\n    <\/div>\n    <div class=\"   md:row-start-1 md:row-end-2 \">\n      \n\n<h2 class=\"text-2xl md:text-3xl lg:text-4xl wp-block-mrblocks-generictext has-primary-color has-text-color has-link-color wp-elements-a57f22b12b44461d37dc54bd8db33e52\"><strong>Zalety naszego kursu<\/strong><\/h2>\n\n\n\n<p class=\"has-gray-text-color has-text-color has-link-color wp-elements-2e47cf753938867ad2ae07487b80369a\">Decyduj\u0105c si\u0119 na nasz&nbsp;<strong>kurs j\u0119zyka polskiego dla biznesu<\/strong>, zyskujesz:<\/p>\n\n\n\n<p class=\"has-gray-text-color has-text-color has-link-color wp-elements-b0657ce75260cf285d554ad3583a8804\">Elastyczne formy zaj\u0119\u0107 dostosowane do Twojego harmonogramu<\/p>\n\n\n\n<p class=\"has-gray-text-color has-text-color has-link-color wp-elements-ef8af1acdbb508a489b7b3afeb424529\">Du\u017cy nacisk na akcentowanie i prawid\u0142ow\u0105 wymow\u0119, co zwi\u0119ksza profesjonalizm Twojej komunikacji<\/p>\n\n\n\n<p class=\"has-gray-text-color has-text-color has-link-color wp-elements-b0c6212206ff866d138ff0e62f004739\">\u0106wiczenie praktycznego s\u0142ownictwa, kt\u00f3re szybko wykorzystasz w pracy<\/p>\n\n\n\n<p class=\"has-gray-text-color has-text-color has-link-color wp-elements-d958ad8fc3a169a3798924814e7cd6e6\">Realistyczne symulacje konwersacji biznesowych, kt\u00f3re przygotowuj\u0105 do prawdziwych sytuacji<\/p>\n\n\n\n<p class=\"has-gray-text-color has-text-color has-link-color wp-elements-056dae1bc79a3a69ba16b3e9a404f7c6\">Indywidualne podej\u015bcie oraz wsparcie lektora na ka\u017cdym etapie nauki<\/p>\n\n    <\/div>\n  <\/div>\n\n<\/div><\/section>\n","protected":false},"excerpt":{"rendered":"","protected":false},"author":1,"featured_media":212,"parent":154,"menu_order":0,"comment_status":"closed","ping_status":"closed","template":"","meta":{"_acf_changed":false,"footnotes":""},"class_list":["post-162","page","type-page","status-publish","has-post-thumbnail","hentry"],"acf":[],"_links":{"self":[{"href":"https:\/\/www.polski360.com\/pl\/wp-json\/wp\/v2\/pages\/162","targetHints":{"allow":["GET"]}}],"collection":[{"href":"https:\/\/www.polski360.com\/pl\/wp-json\/wp\/v2\/pages"}],"about":[{"href":"https:\/\/www.polski360.com\/pl\/wp-json\/wp\/v2\/types\/page"}],"author":[{"embeddable":true,"href":"https:\/\/www.polski360.com\/pl\/wp-json\/wp\/v2\/users\/1"}],"replies":[{"embeddable":true,"href":"https:\/\/www.polski360.com\/pl\/wp-json\/wp\/v2\/comments?post=162"}],"version-history":[{"count":6,"href":"https:\/\/www.polski360.com\/pl\/wp-json\/wp\/v2\/pages\/162\/revisions"}],"predecessor-version":[{"id":1628,"href":"https:\/\/www.polski360.com\/pl\/wp-json\/wp\/v2\/pages\/162\/revisions\/1628"}],"up":[{"embeddable":true,"href":"https:\/\/www.polski360.com\/pl\/wp-json\/wp\/v2\/pages\/154"}],"wp:featuredmedia":[{"embeddable":true,"href":"https:\/\/www.polski360.com\/pl\/wp-json\/wp\/v2\/media\/212"}],"wp:attachment":[{"href":"https:\/\/www.polski360.com\/pl\/wp-json\/wp\/v2\/media?parent=162"}],"curies":[{"name":"wp","href":"https:\/\/api.w.org\/{rel}","templated":true}]}}