{"id":160,"date":"2025-11-19T09:46:24","date_gmt":"2025-11-19T08:46:24","guid":{"rendered":"https:\/\/polski360.com\/?page_id=160"},"modified":"2026-02-24T12:41:17","modified_gmt":"2026-02-24T11:41:17","slug":"do-komunikacji","status":"publish","type":"page","link":"https:\/\/www.polski360.com\/pl\/uslugi\/cel-nauki\/do-komunikacji\/","title":{"rendered":"Kurs j\u0119zyka polskiego do komunikacji &#8211; nauka j\u0119zyka polskiego komunikacyjnego"},"content":{"rendered":"\n<div class=\"wp-block-group is-layout-constrained wp-block-group-is-layout-constrained\"><div style=\"background-color: \">\n  <div class=\"main-wrapper px-5 gap-10 flex flex-col  md:grid md:grid-cols-2  relative  \">\n\n    <div class=\"flex   flex-col gap-5 sm:flex-row md:row-start-1 md:row-end-2 \">\n      <div class=\"w-full \"><img decoding=\"async\" src=\"https:\/\/www.polski360.com\/wp-content\/uploads\/2025\/11\/do-komunikacji.webp\" alt=\"j\u0119zyk polski do komunikacji\" class=\"intersect:animate-fade-up intersect:animate-delay-200 intersect:animate-duration-[500ms] intersect-once  max-w-full h-auto object-cover sticky top-0 \" \/><\/div>\n\n    <\/div>\n    <div class=\"   md:row-start-1 md:row-end-2 \">\n      \n\n<h3 class=\"text-base wp-block-mrblocks-generictext has-secondary-color has-text-color has-link-color wp-elements-7f70c0a0c566b9fac70880fc2781b839\"><strong>POLSKI360<\/strong><\/h3>\n\n\n\n<div style=\"height:20px\" aria-hidden=\"true\" class=\"wp-block-spacer\"><\/div>\n\n\n\n<h2 class=\"text-2xl md:text-3xl lg:text-4xl wp-block-mrblocks-generictext has-primary-color has-text-color has-link-color wp-elements-b25c67a098a6006d9b827fcf9b1631fd\">J\u0119zyk polski do komunikacji<\/h2>\n\n\n\n<div style=\"height:50px\" aria-hidden=\"true\" class=\"wp-block-spacer\"><\/div>\n\n\n\n<p class=\"has-gray-text-color has-text-color has-link-color wp-elements-2f30a36f5dc6d308fa3e13e15c2223bd\">Zapraszamy na nasze <strong>kursy j\u0119zyka polskiego konwersacyjnego<\/strong> \u2013 to intensywna nauka nastawiona na praktyczne umiej\u0119tno\u015bci. Nauka polega na codziennym u\u017cywaniu j\u0119zyka w sytuacjach z \u017cycia wzi\u0119tych, dzi\u0119ki czemu szybko poczujesz si\u0119 pewniej w m\u00f3wieniu. Na zaj\u0119ciach \u0107wiczymy dialogi tematyczne i zadania komunikacyjne. Podczas <strong>lekcji polskiego do komunikacji<\/strong> cz\u0119sto pracujemy w parach oraz odtwarzamy scenki z \u017cycia codziennego. Wprowadzamy typow\u0105 leksyk\u0119 komunikacyjn\u0105, kt\u00f3ra znacz\u0105co r\u00f3\u017cni si\u0119 od j\u0119zyka pisanego, tak aby\u015b m\u00f3g\u0142 w pe\u0142ni wykorzysta\u0107 j\u0119zyk polski w ka\u017cdej codziennej rozmowie.<\/p>\n\n\n\n<p class=\"has-gray-text-color has-text-color has-link-color wp-elements-45156c6b131f8f5862ccb7e6da6dab47\">Kurs umo\u017cliwia skuteczne prze\u0142amywanie bariery j\u0119zykowej, budowanie pewno\u015bci siebie w rozmowach i szybkie rozwijanie umiej\u0119tno\u015bci m\u00f3wienia i rozumienia j\u0119zyka. To idealna opcja dla os\u00f3b mieszkaj\u0105cych w Polsce, planuj\u0105cych codzienne zakupy, wizyty urz\u0119dowe, spotkania towarzyskie czy inne codzienne sytuacje wymagaj\u0105ce znajomo\u015bci j\u0119zyka polskiego.<\/p>\n\n\n\n<div style=\"height:72px\" aria-hidden=\"true\" class=\"wp-block-spacer\"><\/div>\n\n\n<a class=\"button-secondary \" href=\"https:\/\/www.polski360.com\/pl\/kontakt\/\">\n  Zapisz si\u0119 na zaj\u0119cia<\/a>\n    <\/div>\n  <\/div>\n\n<\/div><\/div>\n\n\n<div class=\" spacing-top main-wrapper \" \/>\n<\/div>\n\n<div style=\"background-color: \">\n  <div class=\"main-wrapper px-5 gap-10 flex flex-col  md:grid md:grid-cols-2  relative  \">\n\n    <div class=\"flex   flex-col gap-5 sm:flex-row md:row-start-1 md:row-end-2  md:col-start-2 md:col-end-3\">\n      <div class=\"w-full \"><img decoding=\"async\" src=\"https:\/\/www.polski360.com\/wp-content\/uploads\/2025\/12\/zajecia-w-parze.webp\" alt=\"j\u0119zyk polski do komunikacji\" class=\"intersect:animate-fade-up intersect:animate-delay-200 intersect:animate-duration-[500ms] intersect-once  max-w-full h-auto object-cover sticky top-0 \" \/><\/div>\n\n    <\/div>\n    <div class=\"   md:row-start-1 md:row-end-2  md:col-start-1 md:col-end-2\">\n      \n\n<h2 class=\"text-2xl md:text-3xl lg:text-4xl wp-block-mrblocks-generictext has-primary-color has-text-color has-link-color wp-elements-5d880772af7ea3726d0afd89232bd7a6\"><strong>Polski j\u0119zyk konwersacyjny \u2013 Jak przebiega nauka?<\/strong><\/h2>\n\n\n\n<p class=\"has-gray-text-color has-text-color has-link-color wp-elements-984791d5277166a31b087f4c03bad66c\"><strong>Nauka polskiego do komunikacji<\/strong> jest dynamiczna i anga\u017cuj\u0105ca. Du\u017cy nacisk k\u0142adziemy na os\u0142uchanie si\u0119 z j\u0119zykiem \u2013 s\u0142uchasz naturalnych dialog\u00f3w i \u0107wiczysz prawid\u0142ow\u0105 wymow\u0119 oraz akcent. Uczestnicy otrzymuj\u0105 profesjonalne materia\u0142y dopasowane do poziomu, a zaj\u0119cia opieraj\u0105 si\u0119 na dialogach odzwierciedlaj\u0105cych codzienne, praktyczne sytuacje. Wsp\u00f3lnie \u0107wiczymy rozumienie ze s\u0142uchu i aktywn\u0105 rozmow\u0119, a lektor na bie\u017c\u0105co koryguje b\u0142\u0119dy i podpowiada skuteczne wskaz\u00f3wki.<\/p>\n\n\n\n<h2 class=\"text-2xl md:text-3xl lg:text-4xl wp-block-mrblocks-generictext has-primary-color has-text-color has-link-color wp-elements-7edfa04ab2e813f37af971586dc75ca9\"><strong>J\u0119zyk polski konwersacyjny<\/strong><\/h2>\n\n\n\n<p class=\"has-gray-text-color has-text-color has-link-color wp-elements-a33c4d84bf1ea1db969cc23ae8bf89ae\">W potocznej mowie cz\u0119sto u\u017cywa si\u0119 r\u00f3\u017cnych kolokwializm\u00f3w, frazeologizm\u00f3w i idiom\u00f3w, kt\u00f3re nie zawsze pojawiaj\u0105 si\u0119 w tekstach pisanych. Takie wyra\u017cenia mog\u0105 by\u0107 du\u017cym wyzwaniem dla obcokrajowc\u00f3w. W naszym kursie stawiamy na doskona\u0142e opanowanie najbardziej przydatnej leksyki komunikacyjnej \u2013 nauczysz si\u0119 zwrot\u00f3w i idiom\u00f3w, dzi\u0119ki kt\u00f3rym Twoja polszczyzna b\u0119dzie brzmia\u0142a naturalnie. Znajomo\u015b\u0107 <strong>j\u0119zyka <\/strong><strong>polskiego konwersacyjnego<\/strong> przyda si\u0119 mi\u0119dzy innymi w nast\u0119puj\u0105cych sytuacjach:<\/p>\n\n\n\n<ul class=\"wp-block-list has-gray-text-color has-text-color has-link-color wp-elements-3dc7963bffee276b7e70fa66f7bbb9b6\">\n<li>spotkania towarzyskie (rozmowa przy kawie, integracja z s\u0105siadami).<\/li>\n<\/ul>\n\n\n\n<ul class=\"wp-block-list has-gray-text-color has-text-color has-link-color wp-elements-f83b3dd19f0ffd42cdf49765b2717e13\">\n<li>za\u0142atwianie formalno\u015bci w urz\u0119dzie (np. meldunek, wizyta w urz\u0119dzie miasta),<\/li>\n<\/ul>\n\n\n\n<ul class=\"wp-block-list has-gray-text-color has-text-color has-link-color wp-elements-0752504aa3356a534193534dea8777f1\">\n<li>rozmowa w banku (np. otwarcie konta, za\u0142atwianie spraw finansowych),<\/li>\n<\/ul>\n\n\n\n<ul class=\"wp-block-list has-gray-text-color has-text-color has-link-color wp-elements-fa2f3b63b06c80f9360efc3db6300699\">\n<li>codzienne zakupy w sklepie i swobodne pytanie o produkty,<\/li>\n<\/ul>\n\n\n\n<ul class=\"wp-block-list has-gray-text-color has-text-color has-link-color wp-elements-fe1d2d5686a831ed7f75aa38db8708e8\">\n<li>za\u0142atwianie spraw przez telefon (np. um\u00f3wienie wizyty u lekarza),<\/li>\n<\/ul>\n\n    <\/div>\n  <\/div>\n\n<\/div>\n\n<div class=\" spacing-top main-wrapper \" \/>\n<\/div>\n\n<div style=\"background-color: \">\n  <div class=\"main-wrapper px-5 gap-10 flex flex-col  md:grid md:grid-cols-2  relative  \">\n\n    <div class=\"flex   flex-col gap-5 sm:flex-row md:row-start-1 md:row-end-2 \">\n      <div class=\"w-full \"><img decoding=\"async\" src=\"https:\/\/www.polski360.com\/wp-content\/uploads\/2026\/01\/jezyk-polski-dla-grup.webp\" alt=\"kurs j\u0119zyka polskiego do komunikacji\" class=\"intersect:animate-fade-up intersect:animate-delay-200 intersect:animate-duration-[500ms] intersect-once  max-w-full h-auto object-cover sticky top-0 \" \/><\/div>\n\n    <\/div>\n    <div class=\"   md:row-start-1 md:row-end-2 \">\n      \n\n<h2 class=\"text-2xl md:text-3xl lg:text-4xl wp-block-mrblocks-generictext has-primary-color has-text-color has-link-color wp-elements-37b447eb5c15b5317af15696da9226ef\"><strong>Dlaczego warto? \u2013 zalety naszego kursu polskiego do komunikacji<\/strong><\/h2>\n\n\n\n<p class=\"has-gray-text-color has-text-color has-link-color wp-elements-b0affc2e5849d4076f239312650d3696\">Nauka <strong>j\u0119zyka polskiego dla komunikacji<\/strong> otwiera przed Tob\u0105 nowe mo\u017cliwo\u015bci zawodowe i u\u0142atwia codzienne \u017cycie w Polsce. Oto najwa\u017cniejsze korzy\u015bci dla uczestnik\u00f3w kursu:<\/p>\n\n\n\n<p class=\"has-gray-text-color has-text-color has-link-color wp-elements-14d0bb799321d09423fbe7aaa05d7839\"><strong>Elastyczno\u015b\u0107 nauki online:<\/strong> Zaj\u0119cia odbywaj\u0105 si\u0119 zdalnie w dogodnym dla Ciebie czasie, a bezp\u0142atna lekcja pr\u00f3bna pozwoli Ci wypr\u00f3bowa\u0107 kurs przed podj\u0119ciem decyzji.<\/p>\n\n\n\n<p class=\"has-gray-text-color has-text-color has-link-color wp-elements-0355edc41e05bb79fa96b1881a121e3e\"><strong>Szybsza adaptacja w Polsce:<\/strong> Znajomo\u015b\u0107 j\u0119zyka pozwoli Ci sprawniej funkcjonowa\u0107 w nowym otoczeniu \u2013 od za\u0142atwiania formalno\u015bci po budowanie relacji z otoczeniem.<\/p>\n\n\n\n<p class=\"has-gray-text-color has-text-color has-link-color wp-elements-931eb5b785dbccbbe1ef93c2eaad31d1\"><strong>Wi\u0119ksze szanse zawodowe:<\/strong> Umiej\u0119tno\u015b\u0107 porozumiewania si\u0119 po polsku zwi\u0119ksza Twoj\u0105 konkurencyjno\u015b\u0107 na rynku pracy oraz u\u0142atwia efektywn\u0105 wsp\u00f3\u0142prac\u0119 z polskimi kolegami i klientami.<\/p>\n\n\n\n<p class=\"has-gray-text-color has-text-color has-link-color wp-elements-3795c40c8966d852b3451f76eb6b6a78\"><strong>Pewno\u015b\u0107 siebie w codziennych sytuacjach:<\/strong> Bez trudu nawi\u0105\u017cesz rozmowy w sklepie, urz\u0119dzie czy z s\u0105siadami, co sprawi, \u017ce codzienne obowi\u0105zki stan\u0105 si\u0119 du\u017co \u0142atwiejsze.<\/p>\n\n\n\n<p class=\"has-gray-text-color has-text-color has-link-color wp-elements-797e4779ddd4dfd4fc5dc145f3db9bf5\"><strong>Wi\u0119ksza swoboda <\/strong><strong>w sytuacjach spo\u0142ecznych<\/strong><strong>:<\/strong> Znaj\u0105c j\u0119zyk, zyskasz pewno\u015b\u0107 do zawierania nowych znajomo\u015bci i pe\u0142niejszego uczestnictwa w \u017cyciu spo\u0142ecznym \u2013 bez obawy przed barier\u0105 j\u0119zykow\u0105.<\/p>\n\n\n\n<p class=\"has-gray-text-color has-text-color has-link-color wp-elements-7097a0834a0bb01e4a7c132532779cae\"><strong>Zrozumienie kultury i zwyczaj\u00f3w:<\/strong> Poprzez nauk\u0119 j\u0119zyka poznasz lokalne idiomy i zwyczaje, co pomo\u017ce Ci lepiej odnale\u017a\u0107 si\u0119 w polskiej codzienno\u015bci.<\/p>\n\n\n\n<h2 class=\"text-2xl md:text-3xl lg:text-4xl wp-block-mrblocks-generictext has-primary-color has-text-color has-link-color wp-elements-7410b175c8814242538ec98ccad6c107\"><strong>Co wyniesiesz z kursu?<\/strong><\/h2>\n\n\n\n<p class=\"has-gray-text-color has-text-color has-link-color wp-elements-37e5bc0878b6be98a47865d4f28fbd14\">Z naszym kursem <strong>j\u0119zyka polskiego do komunikacji<\/strong> zyskujesz wiele cennych umiej\u0119tno\u015bci i korzy\u015bci:<\/p>\n\n\n\n<ul class=\"wp-block-list\">\n<li class=\"has-gray-text-color has-text-color has-link-color wp-elements-30355d30fd4d6434e991caeb33c937a9\"><strong>Prze\u0142amiesz barier\u0119 j\u0119zykow\u0105<\/strong> i nabierzesz pewno\u015bci w m\u00f3wieniu po polsku.<\/li>\n\n\n\n<li class=\"has-gray-text-color has-text-color has-link-color wp-elements-844151f024ff3b0e21b14b72c40075a2\">Nauczysz si\u0119 swobodnie wypowiada\u0107 si\u0119 i uczestniczy\u0107 w codziennych dialogach.<\/li>\n\n\n\n<li class=\"has-gray-text-color has-text-color has-link-color wp-elements-c10ec55fcb2bdd6adc38200904fe94b0\">Opanujesz praktyczn\u0105 leksyk\u0119 i typowe konstrukcje przydatne w \u017cyciu codziennym.<\/li>\n\n\n\n<li class=\"has-gray-text-color has-text-color has-link-color wp-elements-1eeeee5f0c83b77e55e3186620571759\">Otrzymasz dost\u0119p do warto\u015bciowych materia\u0142\u00f3w edukacyjnych dostosowanych do Twoich potrzeb.<\/li>\n\n\n\n<li class=\"has-gray-text-color has-text-color has-link-color wp-elements-2bdc2fb56b1c2b78a08eeef99e5ca75b\">B\u0119dziesz uczy\u0107 si\u0119 w elastycznym systemie online \u2013 wybierasz godziny zaj\u0119\u0107, a nauka odbywa si\u0119 tam, gdzie Ci wygodnie.<\/li>\n\n\n\n<li class=\"has-gray-text-color has-text-color has-link-color wp-elements-64d309fd5950be8c2fb1e048e98e008d\">Zaj\u0119cia prowadzi do\u015bwiadczony lektor j\u0119zyka polskiego, kt\u00f3ry zapewni Ci indywidualne wsparcie i motywacj\u0119.<\/li>\n<\/ul>\n\n    <\/div>\n  <\/div>\n\n<\/div>","protected":false},"excerpt":{"rendered":"","protected":false},"author":1,"featured_media":214,"parent":154,"menu_order":0,"comment_status":"closed","ping_status":"closed","template":"","meta":{"_acf_changed":false,"footnotes":""},"class_list":["post-160","page","type-page","status-publish","has-post-thumbnail","hentry"],"acf":[],"_links":{"self":[{"href":"https:\/\/www.polski360.com\/pl\/wp-json\/wp\/v2\/pages\/160","targetHints":{"allow":["GET"]}}],"collection":[{"href":"https:\/\/www.polski360.com\/pl\/wp-json\/wp\/v2\/pages"}],"about":[{"href":"https:\/\/www.polski360.com\/pl\/wp-json\/wp\/v2\/types\/page"}],"author":[{"embeddable":true,"href":"https:\/\/www.polski360.com\/pl\/wp-json\/wp\/v2\/users\/1"}],"replies":[{"embeddable":true,"href":"https:\/\/www.polski360.com\/pl\/wp-json\/wp\/v2\/comments?post=160"}],"version-history":[{"count":6,"href":"https:\/\/www.polski360.com\/pl\/wp-json\/wp\/v2\/pages\/160\/revisions"}],"predecessor-version":[{"id":1629,"href":"https:\/\/www.polski360.com\/pl\/wp-json\/wp\/v2\/pages\/160\/revisions\/1629"}],"up":[{"embeddable":true,"href":"https:\/\/www.polski360.com\/pl\/wp-json\/wp\/v2\/pages\/154"}],"wp:featuredmedia":[{"embeddable":true,"href":"https:\/\/www.polski360.com\/pl\/wp-json\/wp\/v2\/media\/214"}],"wp:attachment":[{"href":"https:\/\/www.polski360.com\/pl\/wp-json\/wp\/v2\/media?parent=160"}],"curies":[{"name":"wp","href":"https:\/\/api.w.org\/{rel}","templated":true}]}}