{"id":158,"date":"2025-11-19T09:45:47","date_gmt":"2025-11-19T08:45:47","guid":{"rendered":"https:\/\/polski360.com\/?page_id=158"},"modified":"2026-02-24T12:49:40","modified_gmt":"2026-02-24T11:49:40","slug":"do-wyjazdu-do-polski","status":"publish","type":"page","link":"https:\/\/www.polski360.com\/pl\/uslugi\/cel-nauki\/do-wyjazdu-do-polski\/","title":{"rendered":"Kurs j\u0119zyka polskiego do wyjazdu do Polski &#8211; korepetycje z j\u0119zyka polskiego do imigracji"},"content":{"rendered":"\n<div class=\"wp-block-group main-wrapper px-5 is-layout-flow wp-block-group-is-layout-flow\"><div style=\"background-color: \">\n  <div class=\"main-wrapper gap-10 flex flex-col  md:grid md:grid-cols-2  relative  \">\n\n    <div class=\"flex   flex-col gap-5 sm:flex-row md:row-start-1 md:row-end-2 \">\n      <div class=\"w-full \"><img decoding=\"async\" src=\"https:\/\/www.polski360.com\/wp-content\/uploads\/2025\/11\/do-wyjazdu-do-polski.webp\" alt=\"j\u0119zyk polski do wyjazdu\" class=\"intersect:animate-fade-up intersect:animate-delay-200 intersect:animate-duration-[500ms] intersect-once  max-w-full h-auto object-cover sticky top-0 \" \/><\/div>\n\n    <\/div>\n    <div class=\"   md:row-start-1 md:row-end-2 \">\n      \n\n<h3 class=\"text-base wp-block-mrblocks-generictext has-secondary-color has-text-color has-link-color wp-elements-7f70c0a0c566b9fac70880fc2781b839\"><strong>POLSKI360<\/strong><\/h3>\n\n\n\n<div style=\"height:20px\" aria-hidden=\"true\" class=\"wp-block-spacer\"><\/div>\n\n\n\n<h2 class=\"text-2xl md:text-3xl lg:text-4xl wp-block-mrblocks-generictext has-primary-color has-text-color has-link-color wp-elements-77d020d141dae15c74fefc0ebb47e76a\"><strong>Nowy start w Polsce zacznij od opanowania j\u0119zyka<\/strong><\/h2>\n\n\n\n<div style=\"height:50px\" aria-hidden=\"true\" class=\"wp-block-spacer\"><\/div>\n\n\n\n<p class=\"has-gray-text-color has-text-color has-link-color wp-elements-df0f37b1721d45fecc4c68f9f47917eb\">Funkcjonowanie w polskiej rzeczywisto\u015bci j\u0119zykowej mo\u017ce by\u0107 problematyczne dla obcokrajowc\u00f3w, kt\u00f3rzy nie opanowali dobrze j\u0119zyka polskiego. Codzienne sprawy, od zakup\u00f3w po wizyt\u0119 w urz\u0119dzie, staj\u0105 si\u0119 \u017ar\u00f3d\u0142em stresu i niepewno\u015bci. Dlatego stworzyli\u015bmy kurs przygotowuj\u0105cy do emigracji do Polski, kt\u00f3ry pozwala kompleksowo przygotowa\u0107 si\u0119 pod k\u0105tem j\u0119zykowym do tej nowej, wymagaj\u0105cej sytuacji. Naszym celem jest to, aby\u015b m\u00f3g\u0142 bez problem\u00f3w egzystowa\u0107 w nowym kraju, budowa\u0107 relacje, pracowa\u0107 i czu\u0107 si\u0119 pewnie od pierwszego dnia po przyje\u017adzie. To praktyczny <strong>j\u0119zyk polski do przeprowadzki do Polski<\/strong> z my\u015bl\u0105 o realnych potrzebach dla os\u00f3b planuj\u0105cych emigracj\u0119.<\/p>\n\n\n\n<div style=\"height:20px\" aria-hidden=\"true\" class=\"wp-block-spacer\"><\/div>\n\n\n\n<p class=\"has-gray-text-color has-text-color has-link-color wp-elements-f8d65acf4dba0ba5089b6f99fe93d18a\">Podczas zaj\u0119\u0107 uczestnicy ucz\u0105 si\u0119 kluczowego s\u0142ownictwa i zwrot\u00f3w potrzebnych w kontaktach urz\u0119dowych, w pracy, podczas zakup\u00f3w, w transporcie publicznym i innych sytuacjach dnia codziennego. Omawiane s\u0105 tak\u017ce realne scenariusze, z kt\u00f3rymi spotyka si\u0119 ka\u017cda osoba przyje\u017cd\u017caj\u0105ca do Polski, takie jak meldunek, wype\u0142nianie dokument\u00f3w, wizyty w urz\u0119dach, w przychodni czy rozmowy z pracodawc\u0105.<\/p>\n\n\n\n<div style=\"height:20px\" aria-hidden=\"true\" class=\"wp-block-spacer\"><\/div>\n\n\n\n<p class=\"has-gray-text-color has-text-color has-link-color wp-elements-d37c0c076583c641af0f4d757168e7d5\">Kurs pozwala szybko nabra\u0107 pewno\u015bci siebie, zrozumie\u0107 podstawowe zasady funkcjonowania w Polsce i skutecznie komunikowa\u0107 si\u0119 w najwa\u017cniejszych sytuacjach. To praktyczne i kompleksowe przygotowanie dla wszystkich, kt\u00f3rzy chc\u0105 bez stresu rozpocz\u0105\u0107 \u017cycie i prac\u0119 w polskim \u015brodowisku.rozwi\u0105zanie dla pracownik\u00f3w i os\u00f3b planuj\u0105cych karier\u0119 w polskim \u015brodowisku pracy.<\/p>\n\n\n\n<div style=\"height:40px\" aria-hidden=\"true\" class=\"wp-block-spacer\"><\/div>\n\n\n<a class=\"button-secondary \" href=\"https:\/\/www.polski360.com\/pl\/kontakt\/\">\n  Zapisz si\u0119 na zaj\u0119cia<\/a>\n    <\/div>\n  <\/div>\n\n<\/div><\/div>\n\n\n<div class=\" spacing-top main-wrapper \" \/>\n<\/div>\n\n<div style=\"background-color: \">\n  <div class=\"main-wrapper px-5 gap-10 flex flex-col  md:grid md:grid-cols-2  relative  \">\n\n    <div class=\"flex   flex-col gap-5 sm:flex-row md:row-start-1 md:row-end-2  md:col-start-2 md:col-end-3\">\n      <div class=\"w-full \"><img decoding=\"async\" src=\"https:\/\/www.polski360.com\/wp-content\/uploads\/2025\/11\/polski-360-kontakt.webp\" alt=\"j\u0119zyk polski do wyjazdu\" class=\"intersect:animate-fade-up intersect:animate-delay-200 intersect:animate-duration-[500ms] intersect-once  max-w-full h-auto object-cover sticky top-0 \" \/><\/div>\n\n    <\/div>\n    <div class=\"   md:row-start-1 md:row-end-2  md:col-start-1 md:col-end-2\">\n      \n\n<h2 class=\"text-2xl md:text-3xl lg:text-4xl wp-block-mrblocks-generictext has-primary-color has-text-color has-link-color wp-elements-5e181de1a5bd02151b210f26b68a255a\"><strong>Do czego przygotowuje kurs do emigracji?<\/strong><\/h2>\n\n\n\n<p class=\"has-gray-text-color has-text-color has-link-color wp-elements-288abe76b72df5847086fb9f04a39469\">Nasz program to co\u015b wi\u0119cej ni\u017c nauka s\u0142\u00f3w i gramatyki. To kompleksowe przygotowanie do \u017cycia w Polsce. Kurs pozwala naby\u0107 niezb\u0119dne umiej\u0119tno\u015bci j\u0119zykowe, kt\u00f3re umo\u017cliwiaj\u0105 samodzielne funkcjonowanie, podejmowanie decyzji i skuteczn\u0105 komunikacj\u0119 w ka\u017cdej sytuacji, z jak\u0105 spotkasz si\u0119 po przeprowadzce.<\/p>\n\n\n\n<ul class=\"wp-block-list\">\n<li class=\"has-gray-text-color has-text-color has-link-color wp-elements-7b029e234d69df0f7f89794aef3c677b\">&#8211; przygotowania i prowadzenia rozmowy kwalifikacyjnej po polsku,<\/li>\n\n\n\n<li class=\"has-gray-text-color has-text-color has-link-color wp-elements-f0de84be6c0684121778ef0b0bfd7a0e\">&#8211; poszukiwania mieszkania: rozm\u00f3w z w\u0142a\u015bcicielem, czytania og\u0142osze\u0144, podpisywania um\u00f3w,<\/li>\n\n\n\n<li class=\"has-gray-text-color has-text-color has-link-color wp-elements-0abefe2c77bf427a5cc8d00ab882fe37\">&#8211; za\u0142atwiania formalno\u015bci w urz\u0119dach \u2013 karta pobytu, meldunek, uzyskanie obywatelstwa,<\/li>\n\n\n\n<li class=\"has-gray-text-color has-text-color has-link-color wp-elements-89a65d67099c8a9fca635e5193494358\">&#8211; zakup\u00f3w i codziennych sytuacji komunikacyjnych w sklepach, aptekach, restauracjach,<\/li>\n\n\n\n<li class=\"has-gray-text-color has-text-color has-link-color wp-elements-74f0aa01803b65aa9a04afaaf8d991fe\">&#8211; prowadzenia rozm\u00f3w telefonicznych i umawiania spotka\u0144,<\/li>\n\n\n\n<li class=\"has-gray-text-color has-text-color has-link-color wp-elements-e27ea9727b1ca6f77c6d8acb69c945b8\">&#8211; wizyt u lekarza i w plac\u00f3wkach publicznych,<\/li>\n\n\n\n<li class=\"has-gray-text-color has-text-color has-link-color wp-elements-bfae1307a12940eaadd60fa2e76c4ed4\">&#8211; budowania relacji z s\u0105siadami i wsp\u00f3\u0142pracownikami.<\/li>\n<\/ul>\n\n\n\n<p class=\"has-gray-text-color has-text-color has-link-color wp-elements-dc45daf0dfe22759fe70767ee791b3b7\">To <strong>nauka Polskiego do wyjazdu<\/strong>, kt\u00f3ra realnie przygotowuje Ci\u0119 do \u017cycia w Polsce.<\/p>\n\n    <\/div>\n  <\/div>\n\n<\/div>\n\n<div class=\" spacing-top main-wrapper \" \/>\n<\/div>\n\n<div style=\"background-color: \">\n  <div class=\"main-wrapper px-5 gap-10 flex flex-col  md:grid md:grid-cols-2  relative  \">\n\n    <div class=\"flex   flex-col gap-5 sm:flex-row md:row-start-1 md:row-end-2 \">\n      <div class=\"w-full \"><img decoding=\"async\" src=\"https:\/\/www.polski360.com\/wp-content\/uploads\/2026\/01\/jezyk-polski-dla-grup.webp\" alt=\"kurs j\u0119zyka polskiego do wyjazdu do polski\" class=\"intersect:animate-fade-up intersect:animate-delay-200 intersect:animate-duration-[500ms] intersect-once  max-w-full h-auto object-cover sticky top-0 \" \/><\/div>\n\n    <\/div>\n    <div class=\"   md:row-start-1 md:row-end-2 \">\n      \n\n<h2 class=\"text-2xl md:text-3xl lg:text-4xl wp-block-mrblocks-generictext has-primary-color has-text-color has-link-color wp-elements-2d401253f69f0f00edd7679c5c333b16\"><strong><strong>Jak przebiega kurs?<\/strong><\/strong><\/h2>\n\n\n\n<p class=\"has-gray-text-color has-text-color has-link-color wp-elements-59f9e122e93c1e686c42fc1df0e0b403\">Nasz program to co\u015b wi\u0119cej ni\u017c nauka s\u0142\u00f3w i gramatyki. To kompleksowe przygotowanie do \u017cycia w Polsce. Kurs Zaj\u0119cia prowadzimy w formie lekcji indywidualnych, w parach lub w niewielkich, kameralnych grupach. Lektor naucza indywidualnie i skupia si\u0119 na Twojej sytuacji \u017cyciowej, planach i realnych wyzwaniach zwi\u0105zanych z przeprowadzk\u0105.<\/p>\n\n\n\n<p class=\"has-gray-text-color has-text-color has-link-color wp-elements-6f8d4b9f1c55a43b49235aac3b3fefc8\">Wykorzystujemy warto\u015bciowe i anga\u017cuj\u0105ce materia\u0142y: autentyczne formularze, umowy, og\u0142oszenia, dialogi z urz\u0119d\u00f3w, nagrania rozm\u00f3w i scenki z \u017cycia codziennego.<\/p>\n\n\n\n<p class=\"has-gray-text-color has-text-color has-link-color wp-elements-4d9a17fa8edfd943ad9b802a5a863b1e\">Stosujemy mechanizm immersji j\u0119zykowej \u2013 metod\u0119 maksymalnego zanurzenia w j\u0119zyku. Wi\u0119kszo\u015b\u0107 zaj\u0119\u0107 odbywa si\u0119 po polsku, w kontek\u015bcie prawdziwych sytuacji \u017cyciowych.<\/p>\n\n\n\n<p class=\"has-gray-text-color has-text-color has-link-color wp-elements-ac3e57756501a38db06d53608ca4bbdd\">Systematycznie monitorujemy Twoje post\u0119py i regularnie przekazujemy informacje zwrotne na temat rozwoju kompetencji j\u0119zykowych. Dzi\u0119ki temu nauka jest przejrzysta, mierzalna i motywuj\u0105ca.<\/p>\n\n\n\n<p class=\"has-gray-text-color has-text-color has-link-color wp-elements-4be1564e8d58488de0c71a7dbb51b3f1\"><strong>J\u0119zyk polski dla emigracji<\/strong> to przede wszystkim szansa na samodzielno\u015b\u0107 i pouk\u0142adanie \u017cycia w nowych realiach. Zobacz jakie korzy\u015bci zapewnia nauka z nami:<\/p>\n\n\n\n<p class=\"has-gray-text-color has-text-color has-link-color wp-elements-a5c7623fb43d31cafba6543d09b03303\">nauczanie indywidualne lub w kameralnych, kilkuosobowych grupach.<\/p>\n\n\n\n<p class=\"has-gray-text-color has-text-color has-link-color wp-elements-c1c828bb7b54af8b300c9e5b511660be\">nacisk na prawid\u0142ow\u0105 wymow\u0119 w j\u0119zyku polskim \u2013 aby\u015b by\u0142 rozumiany i czu\u0142 si\u0119 pewnie,<\/p>\n\n\n\n<p class=\"has-gray-text-color has-text-color has-link-color wp-elements-46c238fdb29c913e85cacf3914e6b46e\">zorientowanie na praktyczn\u0105 nauk\u0119 j\u0119zyka i \u0107wiczenia, w tym konwersacje po polsku,<\/p>\n\n\n\n<p class=\"has-gray-text-color has-text-color has-link-color wp-elements-ac78f504acf587a14c0a04f5b0df3cda\">prze\u0142amanie bariery j\u0119zykowej dzi\u0119ki przyjaznej, wspieraj\u0105cej atmosferze,<\/p>\n\n\n\n<h2 class=\"text-2xl md:text-3xl lg:text-4xl wp-block-mrblocks-generictext has-primary-color has-text-color has-link-color wp-elements-e4f7cfb5bd0e2fd8da7a2e57e7d87f6d\"><strong>Zr\u00f3b pierwszy krok<\/strong><\/h2>\n\n\n\n<p class=\"has-gray-text-color has-text-color has-link-color wp-elements-826c07e8f3b21b4fc129169ff60dd60c\">Um\u00f3w si\u0119 na bezp\u0142atn\u0105 lekcj\u0119 pr\u00f3bn\u0105 i sprawd\u017a, czy odpowiadaj\u0105 Ci warunki naszego kursu. Zobacz, jak szybko mo\u017cesz zacz\u0105\u0107 m\u00f3wi\u0107 po polsku i przygotowa\u0107 si\u0119 do nowego \u017cycia w Polsce \u2013 pewnie, spokojnie i bez bariery j\u0119zykowej.<\/p>\n\n    <\/div>\n  <\/div>\n\n<\/div>","protected":false},"excerpt":{"rendered":"","protected":false},"author":1,"featured_media":217,"parent":154,"menu_order":0,"comment_status":"closed","ping_status":"closed","template":"","meta":{"_acf_changed":false,"footnotes":""},"class_list":["post-158","page","type-page","status-publish","has-post-thumbnail","hentry"],"acf":[],"_links":{"self":[{"href":"https:\/\/www.polski360.com\/pl\/wp-json\/wp\/v2\/pages\/158","targetHints":{"allow":["GET"]}}],"collection":[{"href":"https:\/\/www.polski360.com\/pl\/wp-json\/wp\/v2\/pages"}],"about":[{"href":"https:\/\/www.polski360.com\/pl\/wp-json\/wp\/v2\/types\/page"}],"author":[{"embeddable":true,"href":"https:\/\/www.polski360.com\/pl\/wp-json\/wp\/v2\/users\/1"}],"replies":[{"embeddable":true,"href":"https:\/\/www.polski360.com\/pl\/wp-json\/wp\/v2\/comments?post=158"}],"version-history":[{"count":8,"href":"https:\/\/www.polski360.com\/pl\/wp-json\/wp\/v2\/pages\/158\/revisions"}],"predecessor-version":[{"id":1630,"href":"https:\/\/www.polski360.com\/pl\/wp-json\/wp\/v2\/pages\/158\/revisions\/1630"}],"up":[{"embeddable":true,"href":"https:\/\/www.polski360.com\/pl\/wp-json\/wp\/v2\/pages\/154"}],"wp:featuredmedia":[{"embeddable":true,"href":"https:\/\/www.polski360.com\/pl\/wp-json\/wp\/v2\/media\/217"}],"wp:attachment":[{"href":"https:\/\/www.polski360.com\/pl\/wp-json\/wp\/v2\/media?parent=158"}],"curies":[{"name":"wp","href":"https:\/\/api.w.org\/{rel}","templated":true}]}}