{"id":154,"date":"2025-11-19T09:45:00","date_gmt":"2025-11-19T08:45:00","guid":{"rendered":"https:\/\/polski360.com\/?page_id=154"},"modified":"2026-02-16T14:16:42","modified_gmt":"2026-02-16T13:16:42","slug":"cel-nauki","status":"publish","type":"page","link":"https:\/\/www.polski360.com\/pl\/uslugi\/cel-nauki\/","title":{"rendered":"Cel nauki &#8211; nauka j\u0119zyka polskiego"},"content":{"rendered":"\n<div class=\"wp-block-group px-5 main-wrapper is-layout-flow wp-block-group-is-layout-flow\"><!-- pages -->\n\n\n<section class=\"xxl-wrapper overflow-hidden \">\n  <div class=\"grid w-full grid-cols-1 gap-5 justify-items-center md:gap-y-5 md:grid-cols-3\">\n    \n        <div class=\"flex flex-col  overflow-hidden w-full group max-w-[380px] md:max-w-none \" href=\"https:\/\/www.polski360.com\/pl\/uslugi\/cel-nauki\/do-pracy\/\">\n          <a href=\"https:\/\/www.polski360.com\/pl\/uslugi\/cel-nauki\/do-pracy\/\" class=\"block relative w-full overflow-hidden h-60 md:h-[250px] lg:h-[350px] max-w-sm  md:max-w-none\"><img decoding=\"async\"\n              srcset=\" https:\/\/www.polski360.com\/wp-content\/uploads\/2025\/11\/w-pracy-768x513.webp 768w, https:\/\/www.polski360.com\/wp-content\/uploads\/2025\/11\/w-pracy.webp 1200w\"\n              sizes=\"(max-width: 900px) 768px\"\n              src=\"https:\/\/www.polski360.com\/wp-content\/uploads\/2025\/11\/w-pracy.webp\"\n              alt=\"nauka j\u0119zyka polskiego do pracy\"\n              class=\" absolute w-full h-full  object-cover hover:scale-[110%] hover:translate-x-2 duration-1000 \" \/><\/a>\n          <h3 class=\"pt-10 text-xl md:text-4xl text-primary link basic link-basic\"><a href=\"https:\/\/www.polski360.com\/pl\/uslugi\/cel-nauki\/do-pracy\/\">Nauka j\u0119zyka polskiego do pracy &#8211; kurs j\u0119zyka polskiego<\/a><\/h3>\n\n          <div class=\"flex flex-col justify-end duration-300 grow \">\n\n            <!-- <p class=\"pt-10 \">Nauka j\u0119zyka polskiego do pracy &#8211; kurs j\u0119zyka polskiego<\/p> -->\n            <a href=\"https:\/\/www.polski360.com\/pl\/uslugi\/cel-nauki\/do-pracy\/\" class=\"flex  items-center gap-2 pt-5 group\/item !text-primary\">Poznaj szczeg\u00f3\u0142y <svg xmlns=\"http:\/\/www.w3.org\/2000\/svg\" width=\"16\" height=\"16\" class=\"duration-300 group-hover\/item:translate-x-1 fill-primary\" viewBox=\"0 0 16 16\">\n                <path fill-rule=\"evenodd\" d=\"M1 8a.5.5 0 0 1 .5-.5h11.793l-3.147-3.146a.5.5 0 0 1 .708-.708l4 4a.5.5 0 0 1 0 .708l-4 4a.5.5 0 0 1-.708-.708L13.293 8.5H1.5A.5.5 0 0 1 1 8\" \/>\n              <\/svg><\/a>\n\n          <\/div>\n\n\n\n        <\/div>\n\n\n\n\n\n\n\n\n\n\n    \n        <div class=\"flex flex-col  overflow-hidden w-full group max-w-[380px] md:max-w-none \" href=\"https:\/\/www.polski360.com\/pl\/uslugi\/cel-nauki\/do-wyjazdu-do-polski\/\">\n          <a href=\"https:\/\/www.polski360.com\/pl\/uslugi\/cel-nauki\/do-wyjazdu-do-polski\/\" class=\"block relative w-full overflow-hidden h-60 md:h-[250px] lg:h-[350px] max-w-sm  md:max-w-none\"><img decoding=\"async\"\n              srcset=\" https:\/\/www.polski360.com\/wp-content\/uploads\/2025\/11\/do-wyjazdu-do-polski-768x512.webp 768w, https:\/\/www.polski360.com\/wp-content\/uploads\/2025\/11\/do-wyjazdu-do-polski.webp 1200w\"\n              sizes=\"(max-width: 900px) 768px\"\n              src=\"https:\/\/www.polski360.com\/wp-content\/uploads\/2025\/11\/do-wyjazdu-do-polski.webp\"\n              alt=\"j\u0119zyk polski do wyjazdu\"\n              class=\" absolute w-full h-full  object-cover hover:scale-[110%] hover:translate-x-2 duration-1000 \" \/><\/a>\n          <h3 class=\"pt-10 text-xl md:text-4xl text-primary link basic link-basic\"><a href=\"https:\/\/www.polski360.com\/pl\/uslugi\/cel-nauki\/do-wyjazdu-do-polski\/\">Kurs j\u0119zyka polskiego do wyjazdu do Polski &#8211; korepetycje z j\u0119zyka polskiego do imigracji<\/a><\/h3>\n\n          <div class=\"flex flex-col justify-end duration-300 grow \">\n\n            <!-- <p class=\"pt-10 \">Kurs j\u0119zyka polskiego do wyjazdu do Polski &#8211; korepetycje z j\u0119zyka polskiego do imigracji<\/p> -->\n            <a href=\"https:\/\/www.polski360.com\/pl\/uslugi\/cel-nauki\/do-wyjazdu-do-polski\/\" class=\"flex  items-center gap-2 pt-5 group\/item !text-primary\">Poznaj szczeg\u00f3\u0142y <svg xmlns=\"http:\/\/www.w3.org\/2000\/svg\" width=\"16\" height=\"16\" class=\"duration-300 group-hover\/item:translate-x-1 fill-primary\" viewBox=\"0 0 16 16\">\n                <path fill-rule=\"evenodd\" d=\"M1 8a.5.5 0 0 1 .5-.5h11.793l-3.147-3.146a.5.5 0 0 1 .708-.708l4 4a.5.5 0 0 1 0 .708l-4 4a.5.5 0 0 1-.708-.708L13.293 8.5H1.5A.5.5 0 0 1 1 8\" \/>\n              <\/svg><\/a>\n\n          <\/div>\n\n\n\n        <\/div>\n\n\n\n\n\n\n\n\n\n\n    \n        <div class=\"flex flex-col  overflow-hidden w-full group max-w-[380px] md:max-w-none \" href=\"https:\/\/www.polski360.com\/pl\/uslugi\/cel-nauki\/do-komunikacji\/\">\n          <a href=\"https:\/\/www.polski360.com\/pl\/uslugi\/cel-nauki\/do-komunikacji\/\" class=\"block relative w-full overflow-hidden h-60 md:h-[250px] lg:h-[350px] max-w-sm  md:max-w-none\"><img decoding=\"async\"\n              srcset=\" https:\/\/www.polski360.com\/wp-content\/uploads\/2025\/11\/do-komunikacji-768x512.webp 768w, https:\/\/www.polski360.com\/wp-content\/uploads\/2025\/11\/do-komunikacji.webp 1200w\"\n              sizes=\"(max-width: 900px) 768px\"\n              src=\"https:\/\/www.polski360.com\/wp-content\/uploads\/2025\/11\/do-komunikacji.webp\"\n              alt=\"j\u0119zyk polski do komunikacji\"\n              class=\" absolute w-full h-full  object-cover hover:scale-[110%] hover:translate-x-2 duration-1000 \" \/><\/a>\n          <h3 class=\"pt-10 text-xl md:text-4xl text-primary link basic link-basic\"><a href=\"https:\/\/www.polski360.com\/pl\/uslugi\/cel-nauki\/do-komunikacji\/\">Kurs j\u0119zyka polskiego do komunikacji &#8211; nauka j\u0119zyka polskiego komunikacyjnego<\/a><\/h3>\n\n          <div class=\"flex flex-col justify-end duration-300 grow \">\n\n            <!-- <p class=\"pt-10 \">Kurs j\u0119zyka polskiego do komunikacji &#8211; nauka j\u0119zyka polskiego komunikacyjnego<\/p> -->\n            <a href=\"https:\/\/www.polski360.com\/pl\/uslugi\/cel-nauki\/do-komunikacji\/\" class=\"flex  items-center gap-2 pt-5 group\/item !text-primary\">Poznaj szczeg\u00f3\u0142y <svg xmlns=\"http:\/\/www.w3.org\/2000\/svg\" width=\"16\" height=\"16\" class=\"duration-300 group-hover\/item:translate-x-1 fill-primary\" viewBox=\"0 0 16 16\">\n                <path fill-rule=\"evenodd\" d=\"M1 8a.5.5 0 0 1 .5-.5h11.793l-3.147-3.146a.5.5 0 0 1 .708-.708l4 4a.5.5 0 0 1 0 .708l-4 4a.5.5 0 0 1-.708-.708L13.293 8.5H1.5A.5.5 0 0 1 1 8\" \/>\n              <\/svg><\/a>\n\n          <\/div>\n\n\n\n        <\/div>\n\n\n\n\n\n\n\n\n\n\n    \n        <div class=\"flex flex-col  overflow-hidden w-full group max-w-[380px] md:max-w-none \" href=\"https:\/\/www.polski360.com\/pl\/uslugi\/cel-nauki\/dla-biznesu\/\">\n          <a href=\"https:\/\/www.polski360.com\/pl\/uslugi\/cel-nauki\/dla-biznesu\/\" class=\"block relative w-full overflow-hidden h-60 md:h-[250px] lg:h-[350px] max-w-sm  md:max-w-none\"><img decoding=\"async\"\n              srcset=\" https:\/\/www.polski360.com\/wp-content\/uploads\/2025\/11\/do-biznesu-768x554.webp 768w, https:\/\/www.polski360.com\/wp-content\/uploads\/2025\/11\/do-biznesu.webp 1200w\"\n              sizes=\"(max-width: 900px) 768px\"\n              src=\"https:\/\/www.polski360.com\/wp-content\/uploads\/2025\/11\/do-biznesu.webp\"\n              alt=\"j\u0119zyk polski biznesowy\"\n              class=\" absolute w-full h-full  object-cover hover:scale-[110%] hover:translate-x-2 duration-1000 \" \/><\/a>\n          <h3 class=\"pt-10 text-xl md:text-4xl text-primary link basic link-basic\"><a href=\"https:\/\/www.polski360.com\/pl\/uslugi\/cel-nauki\/dla-biznesu\/\">Nauka j\u0119zyka polskiego dla biznesu \u2013 kurs polskiego biznesowego<\/a><\/h3>\n\n          <div class=\"flex flex-col justify-end duration-300 grow \">\n\n            <!-- <p class=\"pt-10 \">Nauka j\u0119zyka polskiego dla biznesu \u2013 kurs polskiego biznesowego<\/p> -->\n            <a href=\"https:\/\/www.polski360.com\/pl\/uslugi\/cel-nauki\/dla-biznesu\/\" class=\"flex  items-center gap-2 pt-5 group\/item !text-primary\">Poznaj szczeg\u00f3\u0142y <svg xmlns=\"http:\/\/www.w3.org\/2000\/svg\" width=\"16\" height=\"16\" class=\"duration-300 group-hover\/item:translate-x-1 fill-primary\" viewBox=\"0 0 16 16\">\n                <path fill-rule=\"evenodd\" d=\"M1 8a.5.5 0 0 1 .5-.5h11.793l-3.147-3.146a.5.5 0 0 1 .708-.708l4 4a.5.5 0 0 1 0 .708l-4 4a.5.5 0 0 1-.708-.708L13.293 8.5H1.5A.5.5 0 0 1 1 8\" \/>\n              <\/svg><\/a>\n\n          <\/div>\n\n\n\n        <\/div>\n\n\n\n\n\n\n\n\n\n\n    \n        <div class=\"flex flex-col  overflow-hidden w-full group max-w-[380px] md:max-w-none \" href=\"https:\/\/www.polski360.com\/pl\/uslugi\/cel-nauki\/do-egzaminu\/\">\n          <a href=\"https:\/\/www.polski360.com\/pl\/uslugi\/cel-nauki\/do-egzaminu\/\" class=\"block relative w-full overflow-hidden h-60 md:h-[250px] lg:h-[350px] max-w-sm  md:max-w-none\"><img decoding=\"async\"\n              srcset=\" https:\/\/www.polski360.com\/wp-content\/uploads\/2025\/11\/do-egzaminu-768x512.webp 768w, https:\/\/www.polski360.com\/wp-content\/uploads\/2025\/11\/do-egzaminu.webp 1200w\"\n              sizes=\"(max-width: 900px) 768px\"\n              src=\"https:\/\/www.polski360.com\/wp-content\/uploads\/2025\/11\/do-egzaminu.webp\"\n              alt=\"nauka j\u0119zyka polskiego do egzaminu\"\n              class=\" absolute w-full h-full  object-cover hover:scale-[110%] hover:translate-x-2 duration-1000 \" \/><\/a>\n          <h3 class=\"pt-10 text-xl md:text-4xl text-primary link basic link-basic\"><a href=\"https:\/\/www.polski360.com\/pl\/uslugi\/cel-nauki\/do-egzaminu\/\">Nauka j\u0119zyka polskiego do egzaminu &#8211; korepetycje z polskiego<\/a><\/h3>\n\n          <div class=\"flex flex-col justify-end duration-300 grow \">\n\n            <!-- <p class=\"pt-10 \">Nauka j\u0119zyka polskiego do egzaminu &#8211; korepetycje z polskiego<\/p> -->\n            <a href=\"https:\/\/www.polski360.com\/pl\/uslugi\/cel-nauki\/do-egzaminu\/\" class=\"flex  items-center gap-2 pt-5 group\/item !text-primary\">Poznaj szczeg\u00f3\u0142y <svg xmlns=\"http:\/\/www.w3.org\/2000\/svg\" width=\"16\" height=\"16\" class=\"duration-300 group-hover\/item:translate-x-1 fill-primary\" viewBox=\"0 0 16 16\">\n                <path fill-rule=\"evenodd\" d=\"M1 8a.5.5 0 0 1 .5-.5h11.793l-3.147-3.146a.5.5 0 0 1 .708-.708l4 4a.5.5 0 0 1 0 .708l-4 4a.5.5 0 0 1-.708-.708L13.293 8.5H1.5A.5.5 0 0 1 1 8\" \/>\n              <\/svg><\/a>\n\n          <\/div>\n\n\n\n        <\/div>\n\n\n\n\n\n\n\n\n\n\n    \n        <div class=\"flex flex-col  overflow-hidden w-full group max-w-[380px] md:max-w-none \" href=\"https:\/\/www.polski360.com\/pl\/uslugi\/cel-nauki\/do-rozmowy-kwalifikacyjnej\/\">\n          <a href=\"https:\/\/www.polski360.com\/pl\/uslugi\/cel-nauki\/do-rozmowy-kwalifikacyjnej\/\" class=\"block relative w-full overflow-hidden h-60 md:h-[250px] lg:h-[350px] max-w-sm  md:max-w-none\"><img decoding=\"async\"\n              srcset=\" https:\/\/www.polski360.com\/wp-content\/uploads\/2025\/11\/rozmowy-kwalifikacyjnej-1-768x512.webp 768w, https:\/\/www.polski360.com\/wp-content\/uploads\/2025\/11\/rozmowy-kwalifikacyjnej-1.webp 1200w\"\n              sizes=\"(max-width: 900px) 768px\"\n              src=\"https:\/\/www.polski360.com\/wp-content\/uploads\/2025\/11\/rozmowy-kwalifikacyjnej-1.webp\"\n              alt=\"\"\n              class=\" absolute w-full h-full  object-cover hover:scale-[110%] hover:translate-x-2 duration-1000 \" \/><\/a>\n          <h3 class=\"pt-10 text-xl md:text-4xl text-primary link basic link-basic\"><a href=\"https:\/\/www.polski360.com\/pl\/uslugi\/cel-nauki\/do-rozmowy-kwalifikacyjnej\/\">Do rozmowy kwalifikacyjnej<\/a><\/h3>\n\n          <div class=\"flex flex-col justify-end duration-300 grow \">\n\n            <!-- <p class=\"pt-10 \">Do rozmowy kwalifikacyjnej<\/p> -->\n            <a href=\"https:\/\/www.polski360.com\/pl\/uslugi\/cel-nauki\/do-rozmowy-kwalifikacyjnej\/\" class=\"flex  items-center gap-2 pt-5 group\/item !text-primary\">Poznaj szczeg\u00f3\u0142y <svg xmlns=\"http:\/\/www.w3.org\/2000\/svg\" width=\"16\" height=\"16\" class=\"duration-300 group-hover\/item:translate-x-1 fill-primary\" viewBox=\"0 0 16 16\">\n                <path fill-rule=\"evenodd\" d=\"M1 8a.5.5 0 0 1 .5-.5h11.793l-3.147-3.146a.5.5 0 0 1 .708-.708l4 4a.5.5 0 0 1 0 .708l-4 4a.5.5 0 0 1-.708-.708L13.293 8.5H1.5A.5.5 0 0 1 1 8\" \/>\n              <\/svg><\/a>\n\n          <\/div>\n\n\n\n        <\/div>\n\n\n\n\n\n\n\n\n\n\n      <\/div>\n<\/section>\n\n<div class=\" spacing-top main-wrapper \" \/>\n<\/div>\n\n<div style=\"background-color: \">\n  <div class=\"main-wrapper px-5 gap-10 flex flex-col  md:grid md:grid-cols-2  relative  \">\n\n    <div class=\"flex   flex-col gap-5 sm:flex-row md:row-start-1 md:row-end-2 \">\n      <div class=\"w-full \"><img decoding=\"async\" src=\"https:\/\/polski360.com\/wp-content\/uploads\/2025\/12\/zajecia-w-grupie-online.webp\" alt=\"Zaj\u0119cia online grupowe z polskiego\" class=\"intersect:animate-fade-up intersect:animate-delay-200 intersect:animate-duration-[500ms] intersect-once  max-w-full h-auto object-cover sticky top-0 \" \/><\/div>\n\n    <\/div>\n    <div class=\"   md:row-start-1 md:row-end-2 \">\n      \n\n<h3 class=\"text-base wp-block-mrblocks-generictext has-secondary-color has-text-color has-link-color wp-elements-7f70c0a0c566b9fac70880fc2781b839\"><strong>POLSKI360<\/strong><\/h3>\n\n\n\n<div style=\"height:20px\" aria-hidden=\"true\" class=\"wp-block-spacer\"><\/div>\n\n\n\n<h2 class=\"text-2xl md:text-3xl lg:text-4xl wp-block-mrblocks-generictext has-primary-color has-text-color has-link-color wp-elements-1fdc54e02d8c6babface4af739b2edcc\"><strong>Nauka j\u0119zyka polskiego<\/strong><\/h2>\n\n\n\n<p class=\"has-gray-text-color has-text-color has-link-color wp-elements-f2fb04e2b4f760885d2030c7c3df98e2\">Ka\u017cdy, kto decyduje si\u0119 na nauk\u0119 nowego j\u0119zyka, ma sw\u00f3j indywidualny <strong>cel nauki j\u0119zyka polskiego<\/strong>. Dla jednego b\u0119dzie to mo\u017cliwo\u015b\u0107 znalezienia lepszej pracy, dla innego swobodna integracja w nowym kraju, a dla jeszcze innej osoby zdanie wa\u017cnego egzaminu. W\u0142a\u015bnie dlatego oferujemy kursy, kt\u00f3re realizuj\u0105 r\u00f3\u017cne, specyficzne cele.<\/p>\n\n\n\n<p class=\"has-gray-text-color has-text-color has-link-color wp-elements-e2f91e6d96a4e7c2ebbbd891b044674b\">Nasze poszczeg\u00f3lne programy r\u00f3\u017cni\u0105 si\u0119 kluczowymi elementami, takimi jak:<\/p>\n\n\n\n<ul class=\"wp-block-list\">\n<li class=\"has-gray-text-color has-text-color has-link-color wp-elements-dc96da4f998c0bff8391e1a97c0dc496\"><strong>Leksyka:<\/strong> Opanujesz s\u0142ownictwo \u015bci\u015ble zwi\u0105zane z Twoimi potrzebami (np. bran\u017cowe, administracyjne, potoczne).<\/li>\n\n\n\n<li class=\"has-gray-text-color has-text-color has-link-color wp-elements-5eac1438dc19847bf34dd2f91dc1efd1\"><strong>Forma konwersacji:<\/strong> \u0106wiczysz dialogi adekwatne do Twoich cel\u00f3w (np. negocjacje, codzienne rozmowy, sytuacje formalne).<\/li>\n\n\n\n<li class=\"has-gray-text-color has-text-color has-link-color wp-elements-900d279bdbcbc864664ace9728b8afc0\"><strong>Materia\u0142y szkoleniowe:<\/strong> Wykorzystujemy specjalistyczne podr\u0119czniki i autorskie materia\u0142y dostosowane do specyfiki danego kursu.<\/li>\n<\/ul>\n\n\n\n<p class=\"has-gray-text-color has-text-color has-link-color wp-elements-5d5f94e7ac3958dc6d598cca1fd6bbd7\">To, co jest wsp\u00f3lne dla wszystkich naszych program\u00f3w, to:<\/p>\n\n\n\n<p class=\"has-gray-text-color has-text-color has-link-color wp-elements-3aaa454ef8a48130d3deb45e43e8a16a\"><strong>Wymowa i prawid\u0142owe akcentowanie:<\/strong> Skupiamy si\u0119 na poprawno\u015bci fonetycznej, co pozwala unikn\u0105\u0107 niezrozumienia i \u2013 co najwa\u017cniejsze \u2013 u\u0142atwia prze\u0142amanie bariery komunikacyjnej, daj\u0105c Ci pewno\u015b\u0107 siebie w rozmowie.<\/p>\n\n\n\n<p class=\"has-gray-text-color has-text-color has-link-color wp-elements-d463778f9141641ee967208b8aa806c6\"><strong>Wysoki poziom nauczania:<\/strong> Gwarantujemy jako\u015b\u0107 i skuteczno\u015b\u0107, opart\u0105 na metodyce dostosowanej do nauki j\u0119zyka polskiego jako obcego.<\/p>\n\n\n\n<p class=\"has-gray-text-color has-text-color has-link-color wp-elements-32a250316afdb108e1f086fc8db967ae\"><strong>Do\u015bwiadczona kadra native speaker\u00f3w:<\/strong> Nasi lektorzy to wykwalifikowani specjali\u015bci, kt\u00f3rzy nie tylko doskonale znaj\u0105 j\u0119zyk, ale r\u00f3wnie\u017c wiedz\u0105, jak skutecznie uczy\u0107 obcokrajowc\u00f3w.<\/p>\n\n\n\n<p class=\"has-gray-text-color has-text-color has-link-color wp-elements-ea0ecfcf0ea42b256c958fc640e81490\"><strong>Nacisk na praktyczne zastosowanie j\u0119zyka:<\/strong> Stawiamy na umiej\u0119tno\u015b\u0107 m\u00f3wienia i rozumienia w rzeczywistych sytuacjach.<\/p>\n\n\n\n<div class=\"wp-block-group gap-10 is-horizontal is-layout-flex wp-block-group-is-layout-flex\"><a class=\"button-secondary \" href=\"https:\/\/www.polski360.com\/pl\/kontakt\/\">\n  Zapisz si\u0119 na zaj\u0119cia<\/a>\n\n<a class=\"mr-button \" href=\"https:\/\/www.polski360.com\/pl\/cennik\/\">\n  Zobacz cennik<\/a>\n<\/div>\n\n    <\/div>\n  <\/div>\n\n<\/div>\n\n<div class=\" spacing-top main-wrapper \" \/>\n<\/div>\n\n<div style=\"background-color: \">\n  <div class=\"main-wrapper px-5 gap-10 flex flex-col  md:grid md:grid-cols-2  relative  \">\n\n    <div class=\"flex   flex-col gap-5 sm:flex-row md:row-start-1 md:row-end-2  md:col-start-2 md:col-end-3\">\n      <div class=\"w-full \"><img decoding=\"async\" src=\"https:\/\/www.polski360.com\/wp-content\/uploads\/2026\/01\/jezyk-polski-dla-grup.webp\" alt=\"j\u0119zyk polski dla grup\" class=\"intersect:animate-fade-up intersect:animate-delay-200 intersect:animate-duration-[500ms] intersect-once  max-w-full h-auto object-cover sticky top-0 \" \/><\/div>\n\n    <\/div>\n    <div class=\"   md:row-start-1 md:row-end-2  md:col-start-1 md:col-end-2\">\n      \n\n<h2 class=\"text-2xl md:text-3xl lg:text-4xl wp-block-mrblocks-generictext has-primary-color has-text-color has-link-color wp-elements-44fff7db228acd6084dd6cb9aa3438e5\"><strong>Nasze programy nauki polskiego<\/strong><\/h2>\n\n\n\n<p class=\"has-gray-text-color has-text-color has-link-color wp-elements-060f9c0b7d66b0c299c58be9afcb993b\"><strong>J\u0119zyk polski zawodowy (do pracy)<\/strong><\/p>\n\n\n\n<p class=\"has-gray-text-color has-text-color has-link-color wp-elements-09b6b3d367944a6bfdc9d54f718c90b8\">Ten kurs przygotowuje do skutecznej komunikacji w \u015brodowisku pracy. Nauczysz si\u0119 specjalistycznego s\u0142ownictwa, fraz przydatnych na stanowisku pracy oraz zwrot\u00f3w stosowanych w kontaktach z prze\u0142o\u017conymi i wsp\u00f3\u0142pracownikami. Zdob\u0119dziesz tak\u017ce umiej\u0119tno\u015bci pisania formalnych dokument\u00f3w i e-maili.<\/p>\n\n\n\n<p class=\"has-gray-text-color has-text-color has-link-color wp-elements-2a77517d489006b0ab0fceab2191ec80\"><strong>J\u0119zyk polski do emigracji i \u017cycia w Polsce<\/strong><\/p>\n\n\n\n<p class=\"has-gray-text-color has-text-color has-link-color wp-elements-da1255768e74cc1def29f35da06b7411\">Kurs ten jest idealny dla os\u00f3b planuj\u0105cych osiedlenie si\u0119 w Polsce. Skupiamy si\u0119 na praktycznych sytuacjach codziennych, takich jak za\u0142atwianie spraw urz\u0119dowych, zakupy czy kontakty s\u0105siedzkie. Poznasz tak\u017ce najwa\u017cniejsze aspekty kulturowe oraz zwyczaje, kt\u00f3re u\u0142atwi\u0105 Ci integracj\u0119.<\/p>\n\n\n\n<p class=\"has-gray-text-color has-text-color has-link-color wp-elements-4a04957351283cc4de15f6412339bd76\"><strong>J\u0119zyk polski do komunikacji (konwersacje)<\/strong><\/p>\n\n\n\n<p class=\"has-gray-text-color has-text-color has-link-color wp-elements-d8d69423876f54ef94983a415406bf15\">Program skoncentrowany na rozwijaniu umiej\u0119tno\u015bci swobodnej rozmowy. Zaj\u0119cia oparte s\u0105 na dialogach i dyskusjach, kt\u00f3re pomagaj\u0105 prze\u0142ama\u0107 barier\u0119 j\u0119zykow\u0105. Kurs pozwala na \u0107wiczenie naturalnej wymowy oraz poszerzanie repertuaru codziennych zwrot\u00f3w i wyra\u017ce\u0144.<\/p>\n\n\n\n<p class=\"has-gray-text-color has-text-color has-link-color wp-elements-b81503a93411d3f1caa88527a81f02df\"><strong>J\u0119zyk polski dla biznesu<\/strong><\/p>\n\n\n\n<p class=\"has-gray-text-color has-text-color has-link-color wp-elements-6847f7814e82fc6373dbde3db2ce8faa\">Kurs skierowany do os\u00f3b, kt\u00f3re potrzebuj\u0105 j\u0119zyka polskiego w \u015brodowisku biznesowym. Obejmuje terminologi\u0119 bran\u017cow\u0105, prowadzenie negocjacji, prezentacji oraz pisanie oficjalnych dokument\u00f3w. Uczysz si\u0119 profesjonalnego stylu komunikacji i etykiety biznesowej w polskim \u015brodowisku.<\/p>\n\n\n\n<p class=\"has-gray-text-color has-text-color has-link-color wp-elements-5adb92575a385ea1b5151b034b4b6249\"><strong>J\u0119zyk polski \u2013 przygotowanie do egzamin\u00f3w<\/strong><\/p>\n\n\n\n<p class=\"has-gray-text-color has-text-color has-link-color wp-elements-18ca3fd995e4509b30da40b7475c1ecc\">Program rekomendowany kandydatom przygotowuj\u0105cym si\u0119 do certyfikowanych egzamin\u00f3w j\u0119zykowych. Kurs obejmuje wszystkie wymagane dzia\u0142y: gramatyk\u0119, s\u0142ownictwo oraz praktyk\u0119 testow\u0105. Po zdaniu egzaminu otrzymujesz oficjalny certyfikat potwierdzaj\u0105cy znajomo\u015b\u0107 j\u0119zyka polskiego.<\/p>\n\n\n\n<p class=\"has-gray-text-color has-text-color has-link-color wp-elements-0e78dab5fd07a9c3b8e8bf934901c280\"><strong>J\u0119zyk polski do rozmowy kwalifikacyjnej<\/strong><\/p>\n\n\n\n<p class=\"has-gray-text-color has-text-color has-link-color wp-elements-32aa1f3bb391808f95314fbe4daa8405\">Profesjonalne przygotowanie do rozmowy o prac\u0119. Pomagamy w opanowaniu przydatnych fraz, prowadzeniu autoprezentacji oraz odpowiadaniu na trudne pytania.<\/p>\n\n\n\n<h2 class=\"text-2xl md:text-3xl lg:text-4xl wp-block-mrblocks-generictext has-primary-color has-text-color has-link-color wp-elements-d74d82b80f84ff03940d0e381e18c101\"><strong>Zapisz si\u0119 na kurs online<\/strong><\/h2>\n\n\n\n<p class=\"has-gray-text-color has-text-color has-link-color wp-elements-9f471c01110b17b3d84749c694097a18\">Je\u015bli chcesz nauczy\u0107 si\u0119 j\u0119zyka polskiego, wybierz program zgodny z Twoimi priorytetami i zapisz si\u0119 na kurs online w Polski360. Ucz si\u0119 z dowolnego miejsca, w swoim tempie, a my zadbamy o to, aby efekty nauki by\u0142y widoczne w codziennej komunikacji.<\/p>\n\n    <\/div>\n  <\/div>\n\n<\/div><\/div>\n","protected":false},"excerpt":{"rendered":"","protected":false},"author":1,"featured_media":0,"parent":23,"menu_order":0,"comment_status":"closed","ping_status":"closed","template":"","meta":{"_acf_changed":false,"footnotes":""},"class_list":["post-154","page","type-page","status-publish","hentry"],"acf":[],"_links":{"self":[{"href":"https:\/\/www.polski360.com\/pl\/wp-json\/wp\/v2\/pages\/154","targetHints":{"allow":["GET"]}}],"collection":[{"href":"https:\/\/www.polski360.com\/pl\/wp-json\/wp\/v2\/pages"}],"about":[{"href":"https:\/\/www.polski360.com\/pl\/wp-json\/wp\/v2\/types\/page"}],"author":[{"embeddable":true,"href":"https:\/\/www.polski360.com\/pl\/wp-json\/wp\/v2\/users\/1"}],"replies":[{"embeddable":true,"href":"https:\/\/www.polski360.com\/pl\/wp-json\/wp\/v2\/comments?post=154"}],"version-history":[{"count":3,"href":"https:\/\/www.polski360.com\/pl\/wp-json\/wp\/v2\/pages\/154\/revisions"}],"predecessor-version":[{"id":1553,"href":"https:\/\/www.polski360.com\/pl\/wp-json\/wp\/v2\/pages\/154\/revisions\/1553"}],"up":[{"embeddable":true,"href":"https:\/\/www.polski360.com\/pl\/wp-json\/wp\/v2\/pages\/23"}],"wp:attachment":[{"href":"https:\/\/www.polski360.com\/pl\/wp-json\/wp\/v2\/media?parent=154"}],"curies":[{"name":"wp","href":"https:\/\/api.w.org\/{rel}","templated":true}]}}