{"id":152,"date":"2025-11-19T09:44:33","date_gmt":"2025-11-19T08:44:33","guid":{"rendered":"https:\/\/polski360.com\/?page_id=152"},"modified":"2026-04-10T14:35:53","modified_gmt":"2026-04-10T12:35:53","slug":"jezyk-polski-online","status":"publish","type":"page","link":"https:\/\/www.polski360.com\/pl\/uslugi\/jezyk-polski-online\/","title":{"rendered":"J\u0119zyk polski online &#8211; korepetycje online z j\u0119zyka polskiego"},"content":{"rendered":"<div style=\"background-color: \">\n  <div class=\"main-wrapper px-5 gap-10 flex flex-col  md:grid md:grid-cols-2  relative  \">\n\n    <div class=\"flex   flex-col gap-5 sm:flex-row md:row-start-1 md:row-end-2 \">\n      <div class=\"w-full \"><img decoding=\"async\" src=\"https:\/\/polski360.com\/wp-content\/uploads\/2025\/11\/jezyk-polski-kurs-online-e1765277786716.webp\" alt=\"\" class=\"intersect:animate-fade-up intersect:animate-delay-200 intersect:animate-duration-[500ms] intersect-once  max-w-full h-auto object-cover sticky top-0 \" \/><\/div>\n\n    <\/div>\n    <div class=\"   md:row-start-1 md:row-end-2 \">\n      \n\n<h3 class=\"text-base wp-block-mrblocks-generictext has-secondary-color has-text-color has-link-color wp-elements-7f70c0a0c566b9fac70880fc2781b839\"><strong>POLSKI360<\/strong><\/h3>\n\n\n\n<div style=\"height:20px\" aria-hidden=\"true\" class=\"wp-block-spacer\"><\/div>\n\n\n\n<h2 class=\"text-2xl md:text-3xl lg:text-4xl wp-block-mrblocks-generictext has-primary-color has-text-color has-link-color wp-elements-ba71045f21f64b0c46521b3afacb8c70\">J\u0119zyk polski online<\/h2>\n\n\n\n<div style=\"height:50px\" aria-hidden=\"true\" class=\"wp-block-spacer\"><\/div>\n\n\n\n<p class=\"has-gray-text-color has-text-color has-link-color wp-elements-b8de730a3bdf7faf8c58108af1e41516\">Kurs j\u0119zyka polskiego online to wygodna forma nauki dla obcokrajowc\u00f3w, kt\u00f3re chc\u0105 uczy\u0107 si\u0119 z dowolnego miejsca i w elastycznym czasie. Zaj\u0119cia odbywaj\u0105 si\u0119 indywidualnie lub w ma\u0142ych grupach, a program dostosowany jest do poziomu i potrzeb uczestnika. Nauka obejmuje praktyczne s\u0142ownictwo, gramatyk\u0119 oraz konwersacje, dzi\u0119ki kt\u00f3rym \u0142atwo zacz\u0105\u0107 swobodnie komunikowa\u0107 si\u0119 po polsku.<\/p>\n\n\n\n<div style=\"height:50px\" aria-hidden=\"true\" class=\"wp-block-spacer\"><\/div>\n\n\n\n<p class=\"has-gray-text-color has-text-color has-link-color wp-elements-5cc4cb05173d03bd7d09db74564e46e0\">Online kurs pozwala \u0142\u0105czy\u0107 nauk\u0119 z codziennymi obowi\u0105zkami, uczy\u0107 si\u0119 w tempie dopasowanym do siebie i regularnie rozwija\u0107 umiej\u0119tno\u015bci j\u0119zykowe. To doskona\u0142e rozwi\u0105zanie dla os\u00f3b pracuj\u0105cych, studiuj\u0105cych lub mieszkaj\u0105cych poza du\u017cymi miastami, kt\u00f3re chc\u0105 szybko i skutecznie podnie\u015b\u0107 poziom polskiego.<\/p>\n\n\n\n<div style=\"height:72px\" aria-hidden=\"true\" class=\"wp-block-spacer\"><\/div>\n\n\n\n<div class=\"wp-block-group gap-10 is-horizontal is-layout-flex wp-block-group-is-layout-flex\"><a class=\"button-secondary \" href=\"https:\/\/www.polski360.com\/pl\/kontakt\/\">\n  Zapisz si\u0119 na zaj\u0119cia<\/a>\n\n<a class=\"mr-button \" href=\"https:\/\/www.polski360.com\/pl\/cennik\/\">\n  Zobacz cennik<\/a>\n<\/div>\n\n    <\/div>\n  <\/div>\n\n<\/div>\n\n<div class=\" spacing-top main-wrapper \" \/>\n<\/div>\n\n\n<div class=\"wp-block-group px-5 main-wrapper is-layout-constrained wp-block-group-is-layout-constrained\"><div style=\"background-color: \">\n  <div class=\"main-wrapper px-5 gap-10 flex flex-col  md:grid md:grid-cols-2  relative  \">\n\n    <div class=\"flex   flex-col gap-5 sm:flex-row md:row-start-1 md:row-end-2  md:col-start-2 md:col-end-3\">\n      <div class=\"w-full \"><img decoding=\"async\" src=\"https:\/\/www.polski360.com\/wp-content\/uploads\/2026\/01\/jak-rozpoczac-nauke.webp\" alt=\"korepetycje z polskiego online\" class=\"intersect:animate-fade-up intersect:animate-delay-200 intersect:animate-duration-[500ms] intersect-once  max-w-full h-auto object-cover sticky top-0 \" \/><\/div>\n\n    <\/div>\n    <div class=\"   md:row-start-1 md:row-end-2  md:col-start-1 md:col-end-2\">\n      \n\n<h2 class=\"text-2xl md:text-3xl lg:text-4xl wp-block-mrblocks-generictext has-primary-color has-text-color has-link-color wp-elements-0f328fdfc259d0cec71dccc9cf2d1e16\"><strong><strong><strong><strong><strong>Dlaczego warto uczy\u0107 si\u0119 j\u0119zyka polskiego z nami?<\/strong><\/strong><\/strong><\/strong><\/strong><\/h2>\n\n\n\n<p class=\"has-gray-text-color has-text-color has-link-color wp-elements-d1cc16dfef7c951661cbb52df7642a89\">Wybieraj\u0105c nas, zyskujesz realne korzy\u015bci, kt\u00f3re wyr\u00f3\u017cniaj\u0105 nas na rynku:<\/p>\n\n\n\n<p class=\"has-gray-text-color has-text-color has-link-color wp-elements-3f87155d537a1537ec1d7982f8181676\">\u2022 <strong>Elastyczna nauka online z dowolnego miejsca<\/strong> \u2013 zaj\u0119cia odbywaj\u0105 si\u0119 zzdalnie o dogodnej dla Ciebie porze. Nie tracisz czasu na dojazdy, mo\u017cesz uczy\u0107 si\u0119 z domu, biura czy nawet podczas podr\u00f3\u017cy.<\/p>\n\n\n\n<p class=\"has-gray-text-color has-text-color has-link-color wp-elements-9617c89b6b4af2d7fe296a7a173f0972\">\u2022 <strong>Dopasowanie programu nauczania do poziomu i potrzeb kursanta<\/strong> \u2013 przed startem dok\u0142adnie analizujemy Twoje umiej\u0119tno\u015bci i cele, dzi\u0119ki czemu lekcje s\u0105 maksymalnie efektywne i nie marnujesz czasu na powtarzanie znanego materia\u0142u.<\/p>\n\n\n\n<p class=\"has-gray-text-color has-text-color has-link-color wp-elements-ac34965cd95959dc1b0efc1880165b72\">\u2022 <strong>Monitorowanie post\u0119p\u00f3w i informacja zwrotna na temat progresu j\u0119zykowego i b\u0142\u0119d\u00f3w<\/strong> \u2013 po ka\u017cdej lekcji otrzymujesz szczeg\u00f3\u0142owe podsumowanie, wskaz\u00f3wki oraz raporty z post\u0119p\u00f3w, co pozwala szybko korygowa\u0107 b\u0142\u0119dy i widzie\u0107 realne efekty.<\/p>\n\n\n\n<p class=\"has-gray-text-color has-text-color has-link-color wp-elements-6ecbd660f72c4faee20e6468b4e7cc1a\">\u2022 <strong>Materia\u0142y dostosowane do praktycznych sytuacji \u017cyciowych<\/strong> \u2013 pracujemy na autentycznych przyk\u0142adach: rozmowach w urz\u0119dzie, zakupach, rozmowach z s\u0105siadami czy korespondencji s\u0142u\u017cbowej.<\/p>\n\n\n\n<p class=\"has-gray-text-color has-text-color has-link-color wp-elements-ccf5b7d51204abfff0140909eadecda5\">\u2022 <strong>Przyjazna i komfortowa atmosfera (bez presji, pozwalaj\u0105ca prze\u0142ama\u0107 barier\u0119 j\u0119zykow\u0105)<\/strong> \u2013 lekcje prowadzone s\u0105 w ciep\u0142ej, wspieraj\u0105cej atmosferze. Zach\u0119camy do m\u00f3wienia od pierwszej minuty, dzi\u0119ki czemu szybko nabierasz pewno\u015bci siebie.<\/p>\n\n\n\n<p class=\"has-gray-text-color has-text-color has-link-color wp-elements-44389b72c7692bc9f1a21513ca9b247e\">\u2022 <strong>Przygotowanie do reali\u00f3w \u017cycia prywatnego i zawodowego w Polsce<\/strong> \u2013 uczymy j\u0119zyka, kt\u00f3ry naprawd\u0119 przyda si\u0119 w codziennym \u017cyciu i karierze \u2013 od formalnej korespondencji po swobodne rozmowy przy kawie.<\/p>\n\n    <\/div>\n  <\/div>\n\n<\/div><\/div>\n\n\n<div class=\" spacing-top main-wrapper \" \/>\n<\/div>\n\n<div style=\"background-color: \">\n  <div class=\"main-wrapper px-5 gap-10 flex flex-col  md:grid md:grid-cols-2  relative  \">\n\n    <div class=\"flex   flex-col gap-5 sm:flex-row md:row-start-1 md:row-end-2 \">\n      <div class=\"w-full \"><img decoding=\"async\" src=\"https:\/\/www.polski360.com\/wp-content\/uploads\/2026\/01\/jezyk-polski-dla-poczatkujacych.webp\" alt=\"kurs j\u0119zyka polskiego online\" class=\"intersect:animate-fade-up intersect:animate-delay-200 intersect:animate-duration-[500ms] intersect-once  max-w-full h-auto object-cover sticky top-0 \" \/><\/div>\n\n    <\/div>\n    <div class=\"   md:row-start-1 md:row-end-2 \">\n      \n\n<h2 class=\"text-2xl md:text-3xl lg:text-4xl wp-block-mrblocks-generictext has-primary-color has-text-color has-link-color wp-elements-ce76ead0b998117275b1ef295981308d\"><strong><strong><strong><strong><strong><strong>J\u0119zyk polski zdalnie \u2013 wybierz cel nauki<\/strong><\/strong><\/strong><\/strong><\/strong><\/strong><\/h2>\n\n\n\n<p class=\"has-gray-text-color has-text-color has-link-color wp-elements-5884f5fb0bb3f00271b2cceebdf3153a\">Dobrze zdefiniowany cel nauki j\u0119zyka polskiego to ju\u017c po\u0142owa sukcesu. Dla obcokrajowc\u00f3w, kt\u00f3rzy planuj\u0105 zwi\u0105za\u0107 si\u0119 z Polsk\u0105 oferujemy specjalistyczny, ukierunkowany na konkretne potrzeby kurs:<\/p>\n\n\n\n<p class=\"has-gray-text-color has-text-color has-link-color wp-elements-78d22c940b91034e972e9358d5d42768\"><a href=\"https:\/\/www.polski360.com\/pl\/uslugi\/cel-nauki\/do-komunikacji\/\"><strong><mark style=\"background-color:rgba(0, 0, 0, 0)\" class=\"has-inline-color has-primary-color\">Przygotowanie do konwersacji w j\u0119zyku polskim<\/mark><\/strong><\/a> \u2013 swobodne prowadzenie rozm\u00f3w towarzyskich, rozumienie humoru i kulturowych niuans\u00f3w.<\/p>\n\n\n\n<p class=\"has-gray-text-color has-text-color has-link-color wp-elements-03452dbeedfaf026e0965e1a65cc47c6\"><a href=\"https:\/\/www.polski360.com\/pl\/kurs-jezyka-polskiego-do-certyfikatu\/\"><strong><mark style=\"background-color:rgba(0, 0, 0, 0)\" class=\"has-inline-color has-primary-color\">Kursy j\u0119zyka polskiego do certyfikatu<\/mark><\/strong><\/a><strong> \u2013 <\/strong>uzyskanie certyfikatu j\u0119zykowego (np. B1 lub B2), kt\u00f3ry otwiera wiele perspektyw zawodowych w Polsce i u\u0142atwia formalno\u015bci urz\u0119dowe.<\/p>\n\n\n\n<p class=\"has-gray-text-color has-text-color has-link-color wp-elements-15a127a415da6c5610ccdafd9e3f207c\"><a href=\"https:\/\/www.polski360.com\/pl\/uslugi\/cel-nauki\/do-pracy\/\"><strong><mark style=\"background-color:rgba(0, 0, 0, 0)\" class=\"has-inline-color has-primary-color\">Nauka j\u0119zyka polskiego do pracy w Polsce<\/mark><\/strong><\/a> \u2013 opanowanie specjalistycznego s\u0142ownictwa bran\u017cowego oraz umiej\u0119tno\u015bci prowadzenia rozm\u00f3w rekrutacyjnych i codziennej komunikacji w firmie.<\/p>\n\n\n\n<p class=\"has-gray-text-color has-text-color has-link-color wp-elements-f261ec2e82a12e9fca14036987e042df\"><a href=\"https:\/\/www.polski360.com\/pl\/uslugi\/cel-nauki\/do-wyjazdu-do-polski\/\"><strong><mark style=\"background-color:rgba(0, 0, 0, 0)\" class=\"has-inline-color has-primary-color\">Przystosowanie do wyjazdu i \u017cycia w Polsce<\/mark><\/strong><\/a> \u2013 p\u0142ynne porozumiewanie si\u0119 w sklepach, bankach, przy wynajmie mieszkania czy kontaktach z lekarzem.<\/p>\n\n\n\n<h2 class=\"text-2xl md:text-3xl lg:text-4xl wp-block-mrblocks-generictext has-primary-color has-text-color has-link-color wp-elements-f2894b61109ea71af76b3cf159f0e48d\"><strong><strong><strong><strong><strong><strong><strong>Jak wygl\u0105da nauka j\u0119zyka polskiego online na naszym kursie?<\/strong><\/strong><\/strong><\/strong><\/strong><\/strong><\/strong><\/h2>\n\n\n\n<p class=\"has-gray-text-color has-text-color has-link-color wp-elements-7a2318213bdb17de69633a68000ab876\">Proces jest prosty i przejrzysty. Na pocz\u0105tku ustalamy Tw\u00f3j cel i potrzeby j\u0119zykowe, okre\u015blamy dok\u0142adny poziom j\u0119zykowy. Nast\u0119pnie wyznaczamy obszary, w kt\u00f3rych potrzebny jest najwi\u0119kszy rozw\u00f3j (np. m\u00f3wienie, pisanie, gramatyka, s\u0142ownictwo specjalistyczne) i k\u0142adziemy na nie wi\u0119kszy nacisk.<\/p>\n\n\n\n<p class=\"has-gray-text-color has-text-color has-link-color wp-elements-91571dc538272e1db434ac4be67076d9\">Realizujemy zaj\u0119cia w formie online na \u017cywo z wykorzystaniem interaktywnych materia\u0142\u00f3w. Na bie\u017c\u0105co monitorujemy post\u0119py w nauce, a na ko\u0144cu przygotowujemy Ci\u0119 do ewentualnego egzaminu lub konkretnej sytuacji \u017cyciowej. Ca\u0142y kurs jest elastyczny \u2013 mo\u017cesz zmienia\u0107 intensywno\u015b\u0107 w zale\u017cno\u015bci od post\u0119p\u00f3w i dost\u0119pnego czasu.<\/p>\n\n    <\/div>\n  <\/div>\n\n<\/div>\n\n<div class=\" spacing-top main-wrapper \" \/>\n<\/div>\n\n<div style=\"background-color: \">\n  <div class=\"main-wrapper px-5 gap-10 flex flex-col  md:grid md:grid-cols-2  relative  \">\n\n    <div class=\"flex   flex-col gap-5 sm:flex-row md:row-start-1 md:row-end-2  md:col-start-2 md:col-end-3\">\n      <div class=\"w-full \"><img decoding=\"async\" src=\"https:\/\/www.polski360.com\/wp-content\/uploads\/2026\/03\/korepetycje-z-jezyka-polskiego.webp\" alt=\"korepetycje z polskiego online\" class=\"intersect:animate-fade-up intersect:animate-delay-200 intersect:animate-duration-[500ms] intersect-once  max-w-full h-auto object-cover sticky top-0 \" \/><\/div>\n\n    <\/div>\n    <div class=\"   md:row-start-1 md:row-end-2  md:col-start-1 md:col-end-2\">\n      \n\n<h2 class=\"text-2xl md:text-3xl lg:text-4xl wp-block-mrblocks-generictext has-primary-color has-text-color has-link-color wp-elements-c0a7ab52078ee6304dc4bc895335381b\"><strong>Kursy polskiego online \u2013 najwa\u017cniejsze elementy nauki<\/strong><\/h2>\n\n\n\n<p class=\"has-gray-text-color has-text-color has-link-color wp-elements-07f86e6e943744dba4aaf73e72af5823\">Nasze zaj\u0119cia skupiaj\u0105 si\u0119 na czterech kluczowych obszarach, kt\u00f3re gwarantuj\u0105 kompleksowe opanowanie <strong>j\u0119zyka <\/strong><strong>polskiego zdalnie<\/strong>:<\/p>\n\n\n\n<p class=\"has-gray-text-color has-text-color has-link-color wp-elements-70c0646111133d497f903f627d2aa72a\">\u2022 <strong>Konwersacje<\/strong> \u2013 du\u017cy nacisk na m\u00f3wienie w celu prze\u0142amania bariery j\u0119zykowej. Wszystkie tematy odzwierciedlaj\u0105 codzienne sytuacje \u017cyciowe: od zamawiania jedzenia po dyskusj\u0119 o pracy czy<\/p>\n\n\n\n<p class=\"has-gray-text-color has-text-color has-link-color wp-elements-9f62f2e3fe00ad621869c31df94620a0\">hobby.<br>\u2022 <strong>Gramatyka<\/strong> \u2013 uczymy poprawno\u015bci i praktycznego zastosowania podstawowych zasad gramatycznych j\u0119zyka polskiego. Wszystko wyja\u015bniamy w prosty, zrozumia\u0142y spos\u00f3b.<\/p>\n\n\n\n<p class=\"has-gray-text-color has-text-color has-link-color wp-elements-fc787e3ff55e5372c6aa8dcee6496a15\">\u2022 <strong>Praca na tekstach u\u017cytkowych i oficjalnych<\/strong> \u2013 \u0107wiczymy pisanie pism urz\u0119dowych, wiadomo\u015bci mailowych, CV czy poda\u0144. Dzi\u0119ki temu b\u0119dziesz gotowy na realne wyzwania biurokratyczne w Polsce.<\/p>\n\n\n\n<p class=\"has-gray-text-color has-text-color has-link-color wp-elements-de10b04845315485135784dce322aa5b\">\u2022 <strong>Akcentowanie i intonacja<\/strong> \u2013 pracujemy nad naturalnym brzmieniem, aby\u015b zyska\u0142 pewno\u015b\u0107 siebie pos\u0142uguj\u0105c si\u0119 j\u0119zykiem polskim i by\u0142 dobrze zrozumiany przez Polak\u00f3w.<\/p>\n\n\n\n<h2 class=\"text-2xl md:text-3xl lg:text-4xl wp-block-mrblocks-generictext has-primary-color has-text-color has-link-color wp-elements-4e3875a2efbb179ad55edbf3fc4b7be7\"><strong>Zapisz si\u0119 na bezp\u0142atn\u0105 lekcj\u0119 pr\u00f3bn\u0105 ju\u017c dzi\u015b!<\/strong><\/h2>\n\n\n\n<p class=\"has-gray-text-color has-text-color has-link-color wp-elements-2e8ac6d83397b82713d4313d8b58de5d\">Chcesz sprawdzi\u0107, czy nasza metodyka nauczania i spos\u00f3b prowadzenia zaj\u0119\u0107 przypadn\u0105 Ci do gustu? Wype\u0142nij formularz i um\u00f3w si\u0119 na <strong>bezp\u0142atn\u0105 lekcj\u0119 pr\u00f3bn\u0105<\/strong>. Nie wi\u0105\u017ce Ci\u0119 \u017cadne d\u0142ugoterminowe zobowi\u0105zanie \u2013 to po prostu okazja, by przekona\u0107 si\u0119 na w\u0142asnej sk\u00f3rze, jak skuteczna mo\u017ce by\u0107 <strong>zdalna nauka polskiego<\/strong> i <strong>korepetycje z polskiego online.<\/strong><\/p>\n\n    <\/div>\n  <\/div>\n\n<\/div>","protected":false},"excerpt":{"rendered":"","protected":false},"author":1,"featured_media":173,"parent":23,"menu_order":0,"comment_status":"closed","ping_status":"closed","template":"","meta":{"_acf_changed":false,"footnotes":""},"class_list":["post-152","page","type-page","status-publish","has-post-thumbnail","hentry"],"acf":[],"_links":{"self":[{"href":"https:\/\/www.polski360.com\/pl\/wp-json\/wp\/v2\/pages\/152","targetHints":{"allow":["GET"]}}],"collection":[{"href":"https:\/\/www.polski360.com\/pl\/wp-json\/wp\/v2\/pages"}],"about":[{"href":"https:\/\/www.polski360.com\/pl\/wp-json\/wp\/v2\/types\/page"}],"author":[{"embeddable":true,"href":"https:\/\/www.polski360.com\/pl\/wp-json\/wp\/v2\/users\/1"}],"replies":[{"embeddable":true,"href":"https:\/\/www.polski360.com\/pl\/wp-json\/wp\/v2\/comments?post=152"}],"version-history":[{"count":8,"href":"https:\/\/www.polski360.com\/pl\/wp-json\/wp\/v2\/pages\/152\/revisions"}],"predecessor-version":[{"id":2018,"href":"https:\/\/www.polski360.com\/pl\/wp-json\/wp\/v2\/pages\/152\/revisions\/2018"}],"up":[{"embeddable":true,"href":"https:\/\/www.polski360.com\/pl\/wp-json\/wp\/v2\/pages\/23"}],"wp:featuredmedia":[{"embeddable":true,"href":"https:\/\/www.polski360.com\/pl\/wp-json\/wp\/v2\/media\/173"}],"wp:attachment":[{"href":"https:\/\/www.polski360.com\/pl\/wp-json\/wp\/v2\/media?parent=152"}],"curies":[{"name":"wp","href":"https:\/\/api.w.org\/{rel}","templated":true}]}}