{"id":554,"date":"2025-07-02T08:45:12","date_gmt":"2025-07-02T06:45:12","guid":{"rendered":"https:\/\/polski360.com\/uslugi\/"},"modified":"2025-07-02T08:45:12","modified_gmt":"2025-07-02T06:45:12","slug":"dienstleistungen","status":"publish","type":"page","link":"https:\/\/www.polski360.com\/de\/dienstleistungen\/","title":{"rendered":"Dienstleistungen"},"content":{"rendered":"\n<div class=\"wp-block-group px-5 main-wrapper is-layout-flow wp-block-group-is-layout-flow\"><!-- pages -->\n\n\n<section class=\"xxl-wrapper overflow-hidden \">\n  <div class=\"grid w-full grid-cols-1 gap-5 justify-items-center md:gap-y-5 md:grid-cols-4\">\n    \n        <div class=\"flex flex-col  overflow-hidden w-full group max-w-[380px] md:max-w-none \" href=\"https:\/\/www.polski360.com\/de\/dienstleistungen\/unterricht-zu-zweit\/\">\n          <a href=\"https:\/\/www.polski360.com\/de\/dienstleistungen\/unterricht-zu-zweit\/\" class=\"block relative w-full overflow-hidden h-60 md:h-[250px] lg:h-[350px] max-w-sm  md:max-w-none\"><img decoding=\"async\"\n              srcset=\" https:\/\/www.polski360.com\/wp-content\/uploads\/2025\/12\/zajecia-w-parze.webp 768w, https:\/\/www.polski360.com\/wp-content\/uploads\/2025\/12\/zajecia-w-parze.webp 1200w\"\n              sizes=\"(max-width: 900px) 768px\"\n              src=\"https:\/\/www.polski360.com\/wp-content\/uploads\/2025\/12\/zajecia-w-parze.webp\"\n              alt=\"j\u0119zyk polski do komunikacji\"\n              class=\" absolute w-full h-full  object-cover hover:scale-[110%] hover:translate-x-2 duration-1000 \" \/><\/a>\n          <h3 class=\"pt-10 text-xl md:text-4xl text-primary link basic link-basic\"><a href=\"https:\/\/www.polski360.com\/de\/dienstleistungen\/unterricht-zu-zweit\/\">Unterricht zu zweit<\/a><\/h3>\n\n          <div class=\"flex flex-col justify-end duration-300 grow \">\n\n            <!-- <p class=\"pt-10 \">Unterricht zu zweit<\/p> -->\n            <a href=\"https:\/\/www.polski360.com\/de\/dienstleistungen\/unterricht-zu-zweit\/\" class=\"flex  items-center gap-2 pt-5 group\/item !text-primary\">Erfahren Sie mehr <svg xmlns=\"http:\/\/www.w3.org\/2000\/svg\" width=\"16\" height=\"16\" class=\"duration-300 group-hover\/item:translate-x-1 fill-primary\" viewBox=\"0 0 16 16\">\n                <path fill-rule=\"evenodd\" d=\"M1 8a.5.5 0 0 1 .5-.5h11.793l-3.147-3.146a.5.5 0 0 1 .708-.708l4 4a.5.5 0 0 1 0 .708l-4 4a.5.5 0 0 1-.708-.708L13.293 8.5H1.5A.5.5 0 0 1 1 8\" \/>\n              <\/svg><\/a>\n\n          <\/div>\n\n\n\n        <\/div>\n\n\n\n\n\n\n\n\n\n\n    \n        <div class=\"flex flex-col  overflow-hidden w-full group max-w-[380px] md:max-w-none \" href=\"https:\/\/www.polski360.com\/de\/dienstleistungen\/polnisch-online\/\">\n          <a href=\"https:\/\/www.polski360.com\/de\/dienstleistungen\/polnisch-online\/\" class=\"block relative w-full overflow-hidden h-60 md:h-[250px] lg:h-[350px] max-w-sm  md:max-w-none\"><img decoding=\"async\"\n              srcset=\" https:\/\/www.polski360.com\/wp-content\/uploads\/2025\/11\/jezyk-polski-kurs-online-e1765277786716-768x476.webp 768w, https:\/\/www.polski360.com\/wp-content\/uploads\/2025\/11\/jezyk-polski-kurs-online-e1765277786716.webp 1200w\"\n              sizes=\"(max-width: 900px) 768px\"\n              src=\"https:\/\/www.polski360.com\/wp-content\/uploads\/2025\/11\/jezyk-polski-kurs-online-e1765277786716.webp\"\n              alt=\"\"\n              class=\" absolute w-full h-full  object-cover hover:scale-[110%] hover:translate-x-2 duration-1000 \" \/><\/a>\n          <h3 class=\"pt-10 text-xl md:text-4xl text-primary link basic link-basic\"><a href=\"https:\/\/www.polski360.com\/de\/dienstleistungen\/polnisch-online\/\">Polnisch online<\/a><\/h3>\n\n          <div class=\"flex flex-col justify-end duration-300 grow \">\n\n            <!-- <p class=\"pt-10 \">Polnisch online<\/p> -->\n            <a href=\"https:\/\/www.polski360.com\/de\/dienstleistungen\/polnisch-online\/\" class=\"flex  items-center gap-2 pt-5 group\/item !text-primary\">Erfahren Sie mehr <svg xmlns=\"http:\/\/www.w3.org\/2000\/svg\" width=\"16\" height=\"16\" class=\"duration-300 group-hover\/item:translate-x-1 fill-primary\" viewBox=\"0 0 16 16\">\n                <path fill-rule=\"evenodd\" d=\"M1 8a.5.5 0 0 1 .5-.5h11.793l-3.147-3.146a.5.5 0 0 1 .708-.708l4 4a.5.5 0 0 1 0 .708l-4 4a.5.5 0 0 1-.708-.708L13.293 8.5H1.5A.5.5 0 0 1 1 8\" \/>\n              <\/svg><\/a>\n\n          <\/div>\n\n\n\n        <\/div>\n\n\n\n\n\n\n\n\n\n\n    \n        <div class=\"flex flex-col  overflow-hidden w-full group max-w-[380px] md:max-w-none \" href=\"https:\/\/www.polski360.com\/de\/dienstleistungen\/gruppenunterricht-in-polnisch\/\">\n          <a href=\"https:\/\/www.polski360.com\/de\/dienstleistungen\/gruppenunterricht-in-polnisch\/\" class=\"block relative w-full overflow-hidden h-60 md:h-[250px] lg:h-[350px] max-w-sm  md:max-w-none\"><img decoding=\"async\"\n              srcset=\" https:\/\/www.polski360.com\/wp-content\/uploads\/2025\/12\/zajecia-w-grupie-online-768x512.webp 768w, https:\/\/www.polski360.com\/wp-content\/uploads\/2025\/12\/zajecia-w-grupie-online.webp 1200w\"\n              sizes=\"(max-width: 900px) 768px\"\n              src=\"https:\/\/www.polski360.com\/wp-content\/uploads\/2025\/12\/zajecia-w-grupie-online.webp\"\n              alt=\"Zaj\u0119cia online grupowe z polskiego\"\n              class=\" absolute w-full h-full  object-cover hover:scale-[110%] hover:translate-x-2 duration-1000 \" \/><\/a>\n          <h3 class=\"pt-10 text-xl md:text-4xl text-primary link basic link-basic\"><a href=\"https:\/\/www.polski360.com\/de\/dienstleistungen\/gruppenunterricht-in-polnisch\/\">Gruppenunterricht in Polnisch<\/a><\/h3>\n\n          <div class=\"flex flex-col justify-end duration-300 grow \">\n\n            <!-- <p class=\"pt-10 \">Befreien Sie sich von Staub, Schmutz und Bauschutt. Wir sind auf die gr\u00fcndliche Reinigung nach Renovierungsarbeiten spezialisiert \u2013 sowohl in Privathaushalten als auch\nin gewerblichen Objekten.<\/p> -->\n            <a href=\"https:\/\/www.polski360.com\/de\/dienstleistungen\/gruppenunterricht-in-polnisch\/\" class=\"flex  items-center gap-2 pt-5 group\/item !text-primary\">Erfahren Sie mehr <svg xmlns=\"http:\/\/www.w3.org\/2000\/svg\" width=\"16\" height=\"16\" class=\"duration-300 group-hover\/item:translate-x-1 fill-primary\" viewBox=\"0 0 16 16\">\n                <path fill-rule=\"evenodd\" d=\"M1 8a.5.5 0 0 1 .5-.5h11.793l-3.147-3.146a.5.5 0 0 1 .708-.708l4 4a.5.5 0 0 1 0 .708l-4 4a.5.5 0 0 1-.708-.708L13.293 8.5H1.5A.5.5 0 0 1 1 8\" \/>\n              <\/svg><\/a>\n\n          <\/div>\n\n\n\n        <\/div>\n\n\n\n\n\n\n\n\n\n\n    \n        <div class=\"flex flex-col  overflow-hidden w-full group max-w-[380px] md:max-w-none \" href=\"https:\/\/www.polski360.com\/de\/dienstleistungen\/individueller-polnischunterricht\/\">\n          <a href=\"https:\/\/www.polski360.com\/de\/dienstleistungen\/individueller-polnischunterricht\/\" class=\"block relative w-full overflow-hidden h-60 md:h-[250px] lg:h-[350px] max-w-sm  md:max-w-none\"><img decoding=\"async\"\n              srcset=\" https:\/\/www.polski360.com\/wp-content\/uploads\/2025\/07\/zajecia-indywidualne.webp 768w, https:\/\/www.polski360.com\/wp-content\/uploads\/2025\/07\/zajecia-indywidualne.webp 1200w\"\n              sizes=\"(max-width: 900px) 768px\"\n              src=\"https:\/\/www.polski360.com\/wp-content\/uploads\/2025\/07\/zajecia-indywidualne.webp\"\n              alt=\"zaj\u0119cia indywidualne z j\u0119zyka polskiego\"\n              class=\" absolute w-full h-full  object-cover hover:scale-[110%] hover:translate-x-2 duration-1000 \" \/><\/a>\n          <h3 class=\"pt-10 text-xl md:text-4xl text-primary link basic link-basic\"><a href=\"https:\/\/www.polski360.com\/de\/dienstleistungen\/individueller-polnischunterricht\/\">Individueller Polnischunterricht<\/a><\/h3>\n\n          <div class=\"flex flex-col justify-end duration-300 grow \">\n\n            <!-- <p class=\"pt-10 \">Kehren Sie in einen sauberen Raum zur\u00fcck, ohne Stress\nund Anstrengung. Wir reinigen H\u00e4user\nund Wohnungen umfassend \u2013 regelm\u00e4\u00dfig oder nur\ngelegentlich.<\/p> -->\n            <a href=\"https:\/\/www.polski360.com\/de\/dienstleistungen\/individueller-polnischunterricht\/\" class=\"flex  items-center gap-2 pt-5 group\/item !text-primary\">Erfahren Sie mehr <svg xmlns=\"http:\/\/www.w3.org\/2000\/svg\" width=\"16\" height=\"16\" class=\"duration-300 group-hover\/item:translate-x-1 fill-primary\" viewBox=\"0 0 16 16\">\n                <path fill-rule=\"evenodd\" d=\"M1 8a.5.5 0 0 1 .5-.5h11.793l-3.147-3.146a.5.5 0 0 1 .708-.708l4 4a.5.5 0 0 1 0 .708l-4 4a.5.5 0 0 1-.708-.708L13.293 8.5H1.5A.5.5 0 0 1 1 8\" \/>\n              <\/svg><\/a>\n\n          <\/div>\n\n\n\n        <\/div>\n\n\n\n\n\n\n\n\n\n\n    \n        <div class=\"flex flex-col  overflow-hidden w-full group max-w-[380px] md:max-w-none \" href=\"https:\/\/www.polski360.com\/de\/dienstleistungen\/polnisch-fur-anfanger\/\">\n          <a href=\"https:\/\/www.polski360.com\/de\/dienstleistungen\/polnisch-fur-anfanger\/\" class=\"block relative w-full overflow-hidden h-60 md:h-[250px] lg:h-[350px] max-w-sm  md:max-w-none\"><img decoding=\"async\"\n              srcset=\" https:\/\/www.polski360.com\/wp-content\/uploads\/2025\/12\/jezyk-polski-dla-poczatkujacych-768x512.webp 768w, https:\/\/www.polski360.com\/wp-content\/uploads\/2025\/12\/jezyk-polski-dla-poczatkujacych.webp 1200w\"\n              sizes=\"(max-width: 900px) 768px\"\n              src=\"https:\/\/www.polski360.com\/wp-content\/uploads\/2025\/12\/jezyk-polski-dla-poczatkujacych.webp\"\n              alt=\"\"\n              class=\" absolute w-full h-full  object-cover hover:scale-[110%] hover:translate-x-2 duration-1000 \" \/><\/a>\n          <h3 class=\"pt-10 text-xl md:text-4xl text-primary link basic link-basic\"><a href=\"https:\/\/www.polski360.com\/de\/dienstleistungen\/polnisch-fur-anfanger\/\">Polnisch f\u00fcr Anf\u00e4nger<\/a><\/h3>\n\n          <div class=\"flex flex-col justify-end duration-300 grow \">\n\n            <!-- <p class=\"pt-10 \">Sorgen Sie f\u00fcr einen sauberen und komfortablen Arbeitsplatz. Wir bieten regelm\u00e4\u00dfige und einmalige Reinigungen von B\u00fcros, Praxen, Gesch\u00e4fts-\nund Dienstleistungsr\u00e4umen an. <\/p> -->\n            <a href=\"https:\/\/www.polski360.com\/de\/dienstleistungen\/polnisch-fur-anfanger\/\" class=\"flex  items-center gap-2 pt-5 group\/item !text-primary\">Erfahren Sie mehr <svg xmlns=\"http:\/\/www.w3.org\/2000\/svg\" width=\"16\" height=\"16\" class=\"duration-300 group-hover\/item:translate-x-1 fill-primary\" viewBox=\"0 0 16 16\">\n                <path fill-rule=\"evenodd\" d=\"M1 8a.5.5 0 0 1 .5-.5h11.793l-3.147-3.146a.5.5 0 0 1 .708-.708l4 4a.5.5 0 0 1 0 .708l-4 4a.5.5 0 0 1-.708-.708L13.293 8.5H1.5A.5.5 0 0 1 1 8\" \/>\n              <\/svg><\/a>\n\n          <\/div>\n\n\n\n        <\/div>\n\n\n\n\n\n\n\n\n\n\n      <\/div>\n<\/section><\/div>\n","protected":false},"excerpt":{"rendered":"","protected":false},"author":1,"featured_media":0,"parent":0,"menu_order":0,"comment_status":"closed","ping_status":"closed","template":"","meta":{"_acf_changed":false,"footnotes":""},"class_list":["post-554","page","type-page","status-publish","hentry"],"acf":[],"_links":{"self":[{"href":"https:\/\/www.polski360.com\/de\/wp-json\/wp\/v2\/pages\/554","targetHints":{"allow":["GET"]}}],"collection":[{"href":"https:\/\/www.polski360.com\/de\/wp-json\/wp\/v2\/pages"}],"about":[{"href":"https:\/\/www.polski360.com\/de\/wp-json\/wp\/v2\/types\/page"}],"author":[{"embeddable":true,"href":"https:\/\/www.polski360.com\/de\/wp-json\/wp\/v2\/users\/1"}],"replies":[{"embeddable":true,"href":"https:\/\/www.polski360.com\/de\/wp-json\/wp\/v2\/comments?post=554"}],"version-history":[{"count":0,"href":"https:\/\/www.polski360.com\/de\/wp-json\/wp\/v2\/pages\/554\/revisions"}],"wp:attachment":[{"href":"https:\/\/www.polski360.com\/de\/wp-json\/wp\/v2\/media?parent=554"}],"curies":[{"name":"wp","href":"https:\/\/api.w.org\/{rel}","templated":true}]}}