{"id":551,"date":"2025-07-02T08:45:53","date_gmt":"2025-07-02T06:45:53","guid":{"rendered":"https:\/\/polski360.com\/jezyk-polski-dla-poczatkujacych\/"},"modified":"2025-07-02T08:45:53","modified_gmt":"2025-07-02T06:45:53","slug":"polnisch-fur-anfanger","status":"publish","type":"page","link":"https:\/\/www.polski360.com\/de\/dienstleistungen\/polnisch-fur-anfanger\/","title":{"rendered":"Polnisch f\u00fcr Anf\u00e4nger"},"content":{"rendered":"<div style=\"background-color: \">\n  <div class=\"main-wrapper px-5 gap-10 flex flex-col  md:grid md:grid-cols-2  relative  \">\n\n    <div class=\"flex   flex-col gap-5 sm:flex-row md:row-start-1 md:row-end-2 \">\n      <div class=\"w-full \"><img decoding=\"async\" src=\"https:\/\/polski360.com\/wp-content\/uploads\/2025\/12\/jezyk-polski-dla-poczatkujacych.webp\" alt=\"\" class=\"intersect:animate-fade-up intersect:animate-delay-200 intersect:animate-duration-[500ms] intersect-once  max-w-full h-auto object-cover sticky top-0 \" \/><\/div>\n\n    <\/div>\n    <div class=\"   md:row-start-1 md:row-end-2 \">\n      \n\n<h3 class=\"text-base wp-block-mrblocks-generictext has-secondary-color has-text-color has-link-color wp-elements-c522c2abaa434303d3cf9aecd10d885b\"><strong>POLSKI360<\/strong><\/h3>\n\n\n\n<div style=\"height:20px\" aria-hidden=\"true\" class=\"wp-block-spacer\"><\/div>\n\n\n\n<h2 class=\"text-2xl md:text-3xl lg:text-4xl wp-block-mrblocks-generictext has-primary-color has-text-color has-link-color wp-elements-efa3c5ab4b9463dcac6366a755a0d645\">Polnisch f\u00fcr Anf\u00e4nger<\/h2>\n\n\n\n<div style=\"height:50px\" aria-hidden=\"true\" class=\"wp-block-spacer\"><\/div>\n\n\n\n<p class=\"has-gray-text-color has-text-color has-link-color wp-elements-9e4e0fb7ba29322bdb46cb445204d7f8\">Der Polnischkurs f\u00fcr Anf\u00e4nger ist die ideale Wahl f\u00fcr Ausl\u00e4nder, die gerade erst mit dem Lernen beginnen. Der Unterricht wird auf einfache, klare und freundliche Weise durchgef\u00fchrt, damit Sie von der ersten Stunde an Selbstvertrauen in der Kommunikation aufbauen k\u00f6nnen. Das Programm umfasst Grundwortschatz, die wichtigsten Grammatikregeln und praktische Redewendungen, die Sie in allt\u00e4glichen Situationen ben\u00f6tigen.<\/p>\n\n\n\n<div style=\"height:50px\" aria-hidden=\"true\" class=\"wp-block-spacer\"><\/div>\n\n\n\n<p class=\"has-gray-text-color has-text-color has-link-color wp-elements-7f91477119893b3f51dd4c964cb746f4\">Der Unterricht erfolgt Schritt f\u00fcr Schritt, wobei der Schwerpunkt auf dem Sprechen und aktiven \u00dcbungen liegt. Der Kurs hilft Ihnen, schnell die Grundlagen der Sprache zu verstehen, sich mit der polnischen Aussprache vertraut zu machen und eigene S\u00e4tze zu bilden. Er ist eine hervorragende Einf\u00fchrung f\u00fcr Personen, die in Polen leben, einen Umzug planen oder sich in einem polnischsprachigen Umfeld freier bewegen m\u00f6chten.<\/p>\n\n\n\n<div style=\"height:72px\" aria-hidden=\"true\" class=\"wp-block-spacer\"><\/div>\n\n\n<a class=\"button-secondary \" href=\"\/de\/kontakt\/\">\n  Melden Sie sich f\u00fcr den Kurs an<\/a>\n    <\/div>\n  <\/div>\n\n<\/div>","protected":false},"excerpt":{"rendered":"<p>Sorgen Sie f\u00fcr einen sauberen und komfortablen Arbeitsplatz. Wir bieten regelm\u00e4\u00dfige und einmalige Reinigungen von B\u00fcros, Praxen, Gesch\u00e4fts-<br \/>\nund Dienstleistungsr\u00e4umen an. <\/p>\n","protected":false},"author":1,"featured_media":553,"parent":554,"menu_order":0,"comment_status":"closed","ping_status":"closed","template":"","meta":{"_acf_changed":false,"footnotes":""},"class_list":["post-551","page","type-page","status-publish","has-post-thumbnail","hentry"],"acf":[],"_links":{"self":[{"href":"https:\/\/www.polski360.com\/de\/wp-json\/wp\/v2\/pages\/551","targetHints":{"allow":["GET"]}}],"collection":[{"href":"https:\/\/www.polski360.com\/de\/wp-json\/wp\/v2\/pages"}],"about":[{"href":"https:\/\/www.polski360.com\/de\/wp-json\/wp\/v2\/types\/page"}],"author":[{"embeddable":true,"href":"https:\/\/www.polski360.com\/de\/wp-json\/wp\/v2\/users\/1"}],"replies":[{"embeddable":true,"href":"https:\/\/www.polski360.com\/de\/wp-json\/wp\/v2\/comments?post=551"}],"version-history":[{"count":0,"href":"https:\/\/www.polski360.com\/de\/wp-json\/wp\/v2\/pages\/551\/revisions"}],"up":[{"embeddable":true,"href":"https:\/\/www.polski360.com\/de\/wp-json\/wp\/v2\/pages\/554"}],"wp:featuredmedia":[{"embeddable":true,"href":"https:\/\/www.polski360.com\/de\/wp-json\/wp\/v2\/media\/553"}],"wp:attachment":[{"href":"https:\/\/www.polski360.com\/de\/wp-json\/wp\/v2\/media?parent=551"}],"curies":[{"name":"wp","href":"https:\/\/api.w.org\/{rel}","templated":true}]}}