{"id":545,"date":"2025-07-02T08:48:00","date_gmt":"2025-07-02T06:48:00","guid":{"rendered":"https:\/\/polski360.com\/grupowe-zajecia-z-polskiego\/"},"modified":"2026-01-08T13:48:02","modified_gmt":"2026-01-08T12:48:02","slug":"gruppenunterricht-in-polnisch","status":"publish","type":"page","link":"https:\/\/www.polski360.com\/de\/dienstleistungen\/gruppenunterricht-in-polnisch\/","title":{"rendered":"Gruppenunterricht in Polnisch"},"content":{"rendered":"\n<section class=\"wp-block-group is-layout-flow wp-block-group-is-layout-flow\"><div style=\"background-color: \">\n  <div class=\"main-wrapper px-5 gap-10 flex flex-col  md:grid md:grid-cols-2  relative  \">\n\n    <div class=\"flex   flex-col gap-5 sm:flex-row md:row-start-1 md:row-end-2 \">\n      <div class=\"w-full \"><img decoding=\"async\" src=\"https:\/\/polski360.com\/wp-content\/uploads\/2025\/12\/zajecia-w-grupie-online.webp\" alt=\"Zaj\u0119cia online grupowe z polskiego\" class=\"intersect:animate-fade-up intersect:animate-delay-200 intersect:animate-duration-[500ms] intersect-once  max-w-full h-auto object-cover sticky top-0 \" \/><\/div>\n\n    <\/div>\n    <div class=\"   md:row-start-1 md:row-end-2 \">\n      \n\n<h3 class=\"text-base wp-block-mrblocks-generictext has-secondary-color has-text-color has-link-color wp-elements-c522c2abaa434303d3cf9aecd10d885b\"><strong>POLSKI360<\/strong><\/h3>\n\n\n\n<div style=\"height:20px\" aria-hidden=\"true\" class=\"wp-block-spacer\"><\/div>\n\n\n\n<h2 class=\"text-2xl md:text-3xl lg:text-4xl wp-block-mrblocks-generictext has-primary-color has-text-color has-link-color wp-elements-1e8007ff3a510604c0b2b699b7e50b0d\">Gruppenunterricht in Polnisch f\u00fcr Ausl\u00e4nder<\/h2>\n\n\n\n<div style=\"height:50px\" aria-hidden=\"true\" class=\"wp-block-spacer\"><\/div>\n\n\n\n<p class=\"has-gray-text-color has-text-color has-link-color wp-elements-d997a7bc774fb4d57acbf35e375c2a45\">Gruppenunterricht in Polnisch ist eine effektive Methode, um die Sprache in einer freundlichen Atmosph\u00e4re schnell zu erlernen. Wir arbeiten in kleinen Gruppen, sodass jeder Teilnehmer die M\u00f6glichkeit hat, zu sprechen, Fragen zu stellen und sich aktiv zu beteiligen. Das Unterrichtsprogramm umfasst praktischen Wortschatz, Grammatik und Konversations\u00fcbungen, die Ihnen helfen, sich in allt\u00e4glichen Situationen frei zu verst\u00e4ndigen.<\/p>\n\n\n\n<div style=\"height:50px\" aria-hidden=\"true\" class=\"wp-block-spacer\"><\/div>\n\n\n\n<p class=\"has-gray-text-color has-text-color has-link-color wp-elements-b211d171e8bfacca537cdaf5fcab6129\">Die Kurse richten sich an Ausl\u00e4nder, die in Polen leben, arbeiten, studieren oder einen Umzug planen. Der Unterricht wird Schritt f\u00fcr Schritt in einem Tempo durchgef\u00fchrt, das dem Niveau der Gruppe angepasst ist, was einen angenehmen Lernprozess und schnelle Fortschritte gew\u00e4hrleistet. Dank regelm\u00e4\u00dfiger Treffen gewinnen die Teilnehmer Selbstvertrauen und entwickeln reale F\u00e4higkeiten im Umgang mit der polnischen Sprache.<\/p>\n\n\n\n<div style=\"height:72px\" aria-hidden=\"true\" class=\"wp-block-spacer\"><\/div>\n\n\n\n<div class=\"wp-block-group gap-10 is-horizontal is-layout-flex wp-block-group-is-layout-flex\"><a class=\"button-secondary \" href=\"\/de\/kontakt\/\">\n  Melden Sie sich f\u00fcr den Kurs an<\/a>\n\n<a class=\"mr-button \" href=\"https:\/\/www.polski360.com\/de\/preisliste\/\">\n  Siehe Preisliste<\/a>\n<\/div>\n\n    <\/div>\n  <\/div>\n\n<\/div><\/section>\n\n\n\n<p><\/p>\n","protected":false},"excerpt":{"rendered":"<p>Befreien Sie sich von Staub, Schmutz und Bauschutt. Wir sind auf die gr\u00fcndliche Reinigung nach Renovierungsarbeiten spezialisiert \u2013 sowohl in Privathaushalten als auch<br \/>\nin gewerblichen Objekten.<\/p>\n","protected":false},"author":1,"featured_media":547,"parent":554,"menu_order":0,"comment_status":"closed","ping_status":"closed","template":"","meta":{"_acf_changed":false,"footnotes":""},"class_list":["post-545","page","type-page","status-publish","has-post-thumbnail","hentry"],"acf":[],"_links":{"self":[{"href":"https:\/\/www.polski360.com\/de\/wp-json\/wp\/v2\/pages\/545","targetHints":{"allow":["GET"]}}],"collection":[{"href":"https:\/\/www.polski360.com\/de\/wp-json\/wp\/v2\/pages"}],"about":[{"href":"https:\/\/www.polski360.com\/de\/wp-json\/wp\/v2\/types\/page"}],"author":[{"embeddable":true,"href":"https:\/\/www.polski360.com\/de\/wp-json\/wp\/v2\/users\/1"}],"replies":[{"embeddable":true,"href":"https:\/\/www.polski360.com\/de\/wp-json\/wp\/v2\/comments?post=545"}],"version-history":[{"count":1,"href":"https:\/\/www.polski360.com\/de\/wp-json\/wp\/v2\/pages\/545\/revisions"}],"predecessor-version":[{"id":838,"href":"https:\/\/www.polski360.com\/de\/wp-json\/wp\/v2\/pages\/545\/revisions\/838"}],"up":[{"embeddable":true,"href":"https:\/\/www.polski360.com\/de\/wp-json\/wp\/v2\/pages\/554"}],"wp:featuredmedia":[{"embeddable":true,"href":"https:\/\/www.polski360.com\/de\/wp-json\/wp\/v2\/media\/547"}],"wp:attachment":[{"href":"https:\/\/www.polski360.com\/de\/wp-json\/wp\/v2\/media?parent=545"}],"curies":[{"name":"wp","href":"https:\/\/api.w.org\/{rel}","templated":true}]}}