{"id":535,"date":"2025-11-19T09:44:33","date_gmt":"2025-11-19T08:44:33","guid":{"rendered":"https:\/\/polski360.com\/jezyk-polski-online\/"},"modified":"2025-11-19T09:44:33","modified_gmt":"2025-11-19T08:44:33","slug":"polnisch-online","status":"publish","type":"page","link":"https:\/\/www.polski360.com\/de\/dienstleistungen\/polnisch-online\/","title":{"rendered":"Polnisch online"},"content":{"rendered":"<div style=\"background-color: \">\n  <div class=\"main-wrapper px-5 gap-10 flex flex-col  md:grid md:grid-cols-2  relative  \">\n\n    <div class=\"flex   flex-col gap-5 sm:flex-row md:row-start-1 md:row-end-2 \">\n      <div class=\"w-full \"><img decoding=\"async\" src=\"https:\/\/polski360.com\/wp-content\/uploads\/2025\/11\/jezyk-polski-kurs-online-e1765277786716.webp\" alt=\"\" class=\"intersect:animate-fade-up intersect:animate-delay-200 intersect:animate-duration-[500ms] intersect-once  max-w-full h-auto object-cover sticky top-0 \" \/><\/div>\n\n    <\/div>\n    <div class=\"   md:row-start-1 md:row-end-2 \">\n      \n\n<h3 class=\"text-base wp-block-mrblocks-generictext has-secondary-color has-text-color has-link-color wp-elements-c522c2abaa434303d3cf9aecd10d885b\"><strong>POLSKI360<\/strong><\/h3>\n\n\n\n<div style=\"height:20px\" aria-hidden=\"true\" class=\"wp-block-spacer\"><\/div>\n\n\n\n<h2 class=\"text-2xl md:text-3xl lg:text-4xl wp-block-mrblocks-generictext has-primary-color has-text-color has-link-color wp-elements-42a3b38ef2e0156525977575525602d0\">Polnisch online<\/h2>\n\n\n\n<div style=\"height:50px\" aria-hidden=\"true\" class=\"wp-block-spacer\"><\/div>\n\n\n\n<p class=\"has-gray-text-color has-text-color has-link-color wp-elements-621e507c83d099f682726124369d2b46\">Der Online-Polnischkurs ist eine bequeme Lernform f\u00fcr Ausl\u00e4nder, die von jedem Ort aus und zu flexiblen Zeiten lernen m\u00f6chten. Der Unterricht findet einzeln oder in kleinen Gruppen statt, und das Programm ist an das Niveau und die Bed\u00fcrfnisse der Teilnehmer angepasst. Der Unterricht umfasst praktischen Wortschatz, Grammatik und Konversation, dank derer man leicht anfangen kann, sich frei auf Polnisch zu verst\u00e4ndigen.<\/p>\n\n\n\n<div style=\"height:50px\" aria-hidden=\"true\" class=\"wp-block-spacer\"><\/div>\n\n\n\n<p class=\"has-gray-text-color has-text-color has-link-color wp-elements-4f8d7ef5f095635202f3debc6661b584\">Der Online-Kurs erm\u00f6glicht es Ihnen, das Lernen mit Ihren t\u00e4glichen Verpflichtungen zu verbinden, in Ihrem eigenen Tempo zu lernen und Ihre Sprachkenntnisse regelm\u00e4\u00dfig zu verbessern. Es ist eine perfekte L\u00f6sung f\u00fcr Menschen, die arbeiten, studieren oder au\u00dferhalb von Gro\u00dfst\u00e4dten leben und ihre Polnischkenntnisse schnell und effektiv verbessern m\u00f6chten.<\/p>\n\n\n\n<div style=\"height:72px\" aria-hidden=\"true\" class=\"wp-block-spacer\"><\/div>\n\n\n\n<div class=\"wp-block-group gap-10 is-horizontal is-layout-flex wp-block-group-is-layout-flex\"><a class=\"button-secondary \" href=\"\/de\/kontakt\/\">\n  Melden Sie sich f\u00fcr den Kurs an<\/a>\n\n<a class=\"mr-button \" href=\"https:\/\/polski360.com\/cennik\/\">\n  Siehe Preisliste<\/a>\n<\/div>\n\n    <\/div>\n  <\/div>\n\n<\/div>","protected":false},"excerpt":{"rendered":"","protected":false},"author":1,"featured_media":537,"parent":554,"menu_order":0,"comment_status":"closed","ping_status":"closed","template":"","meta":{"_acf_changed":false,"footnotes":""},"class_list":["post-535","page","type-page","status-publish","has-post-thumbnail","hentry"],"acf":[],"_links":{"self":[{"href":"https:\/\/www.polski360.com\/de\/wp-json\/wp\/v2\/pages\/535","targetHints":{"allow":["GET"]}}],"collection":[{"href":"https:\/\/www.polski360.com\/de\/wp-json\/wp\/v2\/pages"}],"about":[{"href":"https:\/\/www.polski360.com\/de\/wp-json\/wp\/v2\/types\/page"}],"author":[{"embeddable":true,"href":"https:\/\/www.polski360.com\/de\/wp-json\/wp\/v2\/users\/1"}],"replies":[{"embeddable":true,"href":"https:\/\/www.polski360.com\/de\/wp-json\/wp\/v2\/comments?post=535"}],"version-history":[{"count":0,"href":"https:\/\/www.polski360.com\/de\/wp-json\/wp\/v2\/pages\/535\/revisions"}],"up":[{"embeddable":true,"href":"https:\/\/www.polski360.com\/de\/wp-json\/wp\/v2\/pages\/554"}],"wp:featuredmedia":[{"embeddable":true,"href":"https:\/\/www.polski360.com\/de\/wp-json\/wp\/v2\/media\/537"}],"wp:attachment":[{"href":"https:\/\/www.polski360.com\/de\/wp-json\/wp\/v2\/media?parent=535"}],"curies":[{"name":"wp","href":"https:\/\/api.w.org\/{rel}","templated":true}]}}