{"id":532,"date":"2025-11-19T09:45:19","date_gmt":"2025-11-19T08:45:19","guid":{"rendered":"https:\/\/polski360.com\/do-pracy\/"},"modified":"2025-11-19T09:45:19","modified_gmt":"2025-11-19T08:45:19","slug":"zur-arbeit","status":"publish","type":"page","link":"https:\/\/www.polski360.com\/de\/dienstleistungen\/ziel-des-unterrichts\/zur-arbeit\/","title":{"rendered":"Zur Arbeit"},"content":{"rendered":"\n<div class=\"wp-block-group is-layout-constrained wp-block-group-is-layout-constrained\"><div style=\"background-color: \">\n  <div class=\"main-wrapper px-5 gap-10 flex flex-col  md:grid md:grid-cols-2  relative  \">\n\n    <div class=\"flex   flex-col gap-5 sm:flex-row md:row-start-1 md:row-end-2 \">\n      <div class=\"w-full \"><img decoding=\"async\" src=\"https:\/\/polski360.com\/wp-content\/uploads\/2025\/11\/do-komunikacji.webp\" alt=\"\" class=\"intersect:animate-fade-up intersect:animate-delay-200 intersect:animate-duration-[500ms] intersect-once  max-w-full h-auto object-cover sticky top-0 \" \/><\/div>\n\n    <\/div>\n    <div class=\"   md:row-start-1 md:row-end-2 \">\n      \n\n<h3 class=\"text-base wp-block-mrblocks-generictext has-secondary-color has-text-color has-link-color wp-elements-c522c2abaa434303d3cf9aecd10d885b\"><strong>POLSKI360<\/strong><\/h3>\n\n\n\n<div style=\"height:20px\" aria-hidden=\"true\" class=\"wp-block-spacer\"><\/div>\n\n\n\n<h2 class=\"text-2xl md:text-3xl lg:text-4xl wp-block-mrblocks-generictext has-primary-color has-text-color has-link-color wp-elements-5da22e8842646efd90d4ef5c0c53c014\">Polnisch f\u00fcr die Arbeit<\/h2>\n\n\n\n<div style=\"height:50px\" aria-hidden=\"true\" class=\"wp-block-spacer\"><\/div>\n\n\n\n<p class=\"has-gray-text-color has-text-color has-link-color wp-elements-292b46e588d87ad3da1391ad41eb5edb\">Der Polnischkurs f\u00fcr den Beruf wurde f\u00fcr Ausl\u00e4nder entwickelt, die praktische Sprachkenntnisse im beruflichen Umfeld ben\u00f6tigen. Der Unterricht konzentriert sich auf Fachvokabular, Kommunikation am Arbeitsplatz, Gespr\u00e4che mit Vorgesetzten und Kollegen sowie die Vorbereitung auf Vorstellungsgespr\u00e4che.<\/p>\n\n\n\n<div style=\"height:50px\" aria-hidden=\"true\" class=\"wp-block-spacer\"><\/div>\n\n\n\n<p class=\"has-gray-text-color has-text-color has-link-color wp-elements-0ba477395fe8e163839b998f1925d5e6\">Dank des Kurses gewinnen die Teilnehmer schnell Sicherheit im Umgang mit der polnischen Sprache am Arbeitsplatz, lernen, sich effektiv zu verst\u00e4ndigen und ihre beruflichen Aufgaben zu verstehen, und entwickeln F\u00e4higkeiten, die im beruflichen Alltag in Polen n\u00fctzlich sind. Es handelt sich um eine praktische L\u00f6sung f\u00fcr Arbeitnehmer und Personen, die eine Karriere in einem polnischen Arbeitsumfeld planen.<\/p>\n\n\n\n<div style=\"height:72px\" aria-hidden=\"true\" class=\"wp-block-spacer\"><\/div>\n\n\n<a class=\"button-secondary \" href=\"\/de\/kontakt\/\">\n  Melden Sie sich f\u00fcr den Kurs an<\/a>\n    <\/div>\n  <\/div>\n\n<\/div><\/div>\n","protected":false},"excerpt":{"rendered":"","protected":false},"author":1,"featured_media":533,"parent":534,"menu_order":0,"comment_status":"closed","ping_status":"closed","template":"","meta":{"_acf_changed":false,"footnotes":""},"class_list":["post-532","page","type-page","status-publish","has-post-thumbnail","hentry"],"acf":[],"_links":{"self":[{"href":"https:\/\/www.polski360.com\/de\/wp-json\/wp\/v2\/pages\/532","targetHints":{"allow":["GET"]}}],"collection":[{"href":"https:\/\/www.polski360.com\/de\/wp-json\/wp\/v2\/pages"}],"about":[{"href":"https:\/\/www.polski360.com\/de\/wp-json\/wp\/v2\/types\/page"}],"author":[{"embeddable":true,"href":"https:\/\/www.polski360.com\/de\/wp-json\/wp\/v2\/users\/1"}],"replies":[{"embeddable":true,"href":"https:\/\/www.polski360.com\/de\/wp-json\/wp\/v2\/comments?post=532"}],"version-history":[{"count":0,"href":"https:\/\/www.polski360.com\/de\/wp-json\/wp\/v2\/pages\/532\/revisions"}],"up":[{"embeddable":true,"href":"https:\/\/www.polski360.com\/de\/wp-json\/wp\/v2\/pages\/534"}],"wp:featuredmedia":[{"embeddable":true,"href":"https:\/\/www.polski360.com\/de\/wp-json\/wp\/v2\/media\/533"}],"wp:attachment":[{"href":"https:\/\/www.polski360.com\/de\/wp-json\/wp\/v2\/media?parent=532"}],"curies":[{"name":"wp","href":"https:\/\/api.w.org\/{rel}","templated":true}]}}