{"id":530,"date":"2025-11-19T09:45:47","date_gmt":"2025-11-19T08:45:47","guid":{"rendered":"https:\/\/polski360.com\/do-wyjazdu-do-polski\/"},"modified":"2025-11-19T09:45:47","modified_gmt":"2025-11-19T08:45:47","slug":"vor-der-abreise-nach-polen","status":"publish","type":"page","link":"https:\/\/www.polski360.com\/de\/dienstleistungen\/ziel-des-unterrichts\/vor-der-abreise-nach-polen\/","title":{"rendered":"Vor der Abreise nach Polen"},"content":{"rendered":"\n<div class=\"wp-block-group main-wrapper px-5 is-layout-flow wp-block-group-is-layout-flow\"><div style=\"background-color: \">\n  <div class=\"main-wrapper gap-10 flex flex-col  md:grid md:grid-cols-2  relative  \">\n\n    <div class=\"flex   flex-col gap-5 sm:flex-row md:row-start-1 md:row-end-2 \">\n      <div class=\"w-full \"><img decoding=\"async\" src=\"https:\/\/polski360.com\/wp-content\/uploads\/2025\/11\/do-wyjazdu-do-polski.webp\" alt=\"\" class=\"intersect:animate-fade-up intersect:animate-delay-200 intersect:animate-duration-[500ms] intersect-once  max-w-full h-auto object-cover sticky top-0 \" \/><\/div>\n\n    <\/div>\n    <div class=\"   md:row-start-1 md:row-end-2 \">\n      \n\n<h3 class=\"text-base wp-block-mrblocks-generictext has-secondary-color has-text-color has-link-color wp-elements-c522c2abaa434303d3cf9aecd10d885b\"><strong>POLSKI360<\/strong><\/h3>\n\n\n\n<div style=\"height:20px\" aria-hidden=\"true\" class=\"wp-block-spacer\"><\/div>\n\n\n\n<h2 class=\"text-2xl md:text-3xl lg:text-4xl wp-block-mrblocks-generictext has-primary-color has-text-color has-link-color wp-elements-92e4cb0f296e974ba9bd2c6aadc0a33c\">Polnisch f\u00fcr die Reise nach Polen<\/h2>\n\n\n\n<div style=\"height:50px\" aria-hidden=\"true\" class=\"wp-block-spacer\"><\/div>\n\n\n\n<p class=\"has-gray-text-color has-text-color has-link-color wp-elements-a49a28d07fcd8f8bf31cf42867eb4e60\">Der Vorbereitungskurs f\u00fcr die Ausreise nach Polen wurde f\u00fcr Ausl\u00e4nder entwickelt, die planen, in Polen zu arbeiten, zu wohnen oder ihr t\u00e4gliches Leben zu beginnen. Das Programm umfasst praktische Themen, die f\u00fcr ein reibungsloses Funktionieren im neuen Land notwendig sind \u2013 sowohl in sprachlicher als auch in organisatorischer Hinsicht.<\/p>\n\n\n\n<div style=\"height:20px\" aria-hidden=\"true\" class=\"wp-block-spacer\"><\/div>\n\n\n\n<p class=\"has-gray-text-color has-text-color has-link-color wp-elements-73cf34bb491f6d706ec1fb693973c8da\">W\u00e4hrend des Unterrichts lernen die Teilnehmer wichtige Vokabeln und Redewendungen, die sie f\u00fcr Beh\u00f6rdeng\u00e4nge, bei der Arbeit, beim Einkaufen, in \u00f6ffentlichen Verkehrsmitteln und in anderen Alltagssituationen ben\u00f6tigen. Es werden auch reale Szenarien besprochen, mit denen jeder, der nach Polen kommt, konfrontiert wird, wie z. B. die Anmeldung, das Ausf\u00fcllen von Dokumenten, Besuche bei Beh\u00f6rden, in Arztpraxen oder Gespr\u00e4che mit dem Arbeitgeber.<\/p>\n\n\n\n<div style=\"height:20px\" aria-hidden=\"true\" class=\"wp-block-spacer\"><\/div>\n\n\n\n<p class=\"has-gray-text-color has-text-color has-link-color wp-elements-c6ca7ca6f674eca5c508a764d2b60004\">Der Kurs erm\u00f6glicht es Ihnen, schnell Selbstvertrauen zu gewinnen, die Grundprinzipien des Lebens in Polen zu verstehen und in den wichtigsten Situationen effektiv zu kommunizieren. Es handelt sich um eine praktische und umfassende Vorbereitung f\u00fcr alle, die stressfrei ein Leben und eine Arbeit in einem polnischen Umfeld beginnen m\u00f6chten. Eine L\u00f6sung f\u00fcr Arbeitnehmer und Personen, die eine Karriere in einem polnischen Arbeitsumfeld planen.<\/p>\n\n\n\n<div style=\"height:40px\" aria-hidden=\"true\" class=\"wp-block-spacer\"><\/div>\n\n\n<a class=\"button-secondary \" href=\"https:\/\/polski360.com\/de\/kontakt\/\">\n  Melden Sie sich f\u00fcr den Unterricht an<\/a>\n    <\/div>\n  <\/div>\n\n<\/div><\/div>\n","protected":false},"excerpt":{"rendered":"","protected":false},"author":1,"featured_media":531,"parent":534,"menu_order":0,"comment_status":"closed","ping_status":"closed","template":"","meta":{"_acf_changed":false,"footnotes":""},"class_list":["post-530","page","type-page","status-publish","has-post-thumbnail","hentry"],"acf":[],"_links":{"self":[{"href":"https:\/\/www.polski360.com\/de\/wp-json\/wp\/v2\/pages\/530","targetHints":{"allow":["GET"]}}],"collection":[{"href":"https:\/\/www.polski360.com\/de\/wp-json\/wp\/v2\/pages"}],"about":[{"href":"https:\/\/www.polski360.com\/de\/wp-json\/wp\/v2\/types\/page"}],"author":[{"embeddable":true,"href":"https:\/\/www.polski360.com\/de\/wp-json\/wp\/v2\/users\/1"}],"replies":[{"embeddable":true,"href":"https:\/\/www.polski360.com\/de\/wp-json\/wp\/v2\/comments?post=530"}],"version-history":[{"count":0,"href":"https:\/\/www.polski360.com\/de\/wp-json\/wp\/v2\/pages\/530\/revisions"}],"up":[{"embeddable":true,"href":"https:\/\/www.polski360.com\/de\/wp-json\/wp\/v2\/pages\/534"}],"wp:featuredmedia":[{"embeddable":true,"href":"https:\/\/www.polski360.com\/de\/wp-json\/wp\/v2\/media\/531"}],"wp:attachment":[{"href":"https:\/\/www.polski360.com\/de\/wp-json\/wp\/v2\/media?parent=530"}],"curies":[{"name":"wp","href":"https:\/\/api.w.org\/{rel}","templated":true}]}}