{"id":527,"date":"2025-11-19T09:46:24","date_gmt":"2025-11-19T08:46:24","guid":{"rendered":"https:\/\/polski360.com\/do-komunikacji\/"},"modified":"2025-11-19T09:46:24","modified_gmt":"2025-11-19T08:46:24","slug":"zur-kommunikation","status":"publish","type":"page","link":"https:\/\/www.polski360.com\/de\/dienstleistungen\/ziel-des-unterrichts\/zur-kommunikation\/","title":{"rendered":"Zur Kommunikation"},"content":{"rendered":"\n<div class=\"wp-block-group is-layout-constrained wp-block-group-is-layout-constrained\"><div style=\"background-color: \">\n  <div class=\"main-wrapper px-5 gap-10 flex flex-col  md:grid md:grid-cols-2  relative  \">\n\n    <div class=\"flex   flex-col gap-5 sm:flex-row md:row-start-1 md:row-end-2 \">\n      <div class=\"w-full \"><img decoding=\"async\" src=\"https:\/\/polski360.com\/wp-content\/uploads\/2025\/11\/do-komunikacji.webp\" alt=\"\" class=\"intersect:animate-fade-up intersect:animate-delay-200 intersect:animate-duration-[500ms] intersect-once  max-w-full h-auto object-cover sticky top-0 \" \/><\/div>\n\n    <\/div>\n    <div class=\"   md:row-start-1 md:row-end-2 \">\n      \n\n<h3 class=\"text-base wp-block-mrblocks-generictext has-secondary-color has-text-color has-link-color wp-elements-c522c2abaa434303d3cf9aecd10d885b\"><strong>POLSKI360<\/strong><\/h3>\n\n\n\n<div style=\"height:20px\" aria-hidden=\"true\" class=\"wp-block-spacer\"><\/div>\n\n\n\n<h2 class=\"text-2xl md:text-3xl lg:text-4xl wp-block-mrblocks-generictext has-primary-color has-text-color has-link-color wp-elements-02f40f9be85ae9606ec74559523578f2\">Polnisch f\u00fcr die Kommunikation<\/h2>\n\n\n\n<div style=\"height:50px\" aria-hidden=\"true\" class=\"wp-block-spacer\"><\/div>\n\n\n\n<p class=\"has-gray-text-color has-text-color has-link-color wp-elements-51eb14eb71cc009c343db5aa58b618ad\">Der Polnischkurs f\u00fcr Kommunikation richtet sich an Ausl\u00e4nder, die schnell lernen m\u00f6chten, sich in allt\u00e4glichen Situationen zu verst\u00e4ndigen. Der Unterricht konzentriert sich auf praktisches Vokabular, Ausdr\u00fccke aus dem Alltag und Konversations\u00fcbungen, die dabei helfen, sich frei auf Polnisch zu unterhalten.<\/p>\n\n\n\n<div style=\"height:50px\" aria-hidden=\"true\" class=\"wp-block-spacer\"><\/div>\n\n\n\n<p class=\"has-gray-text-color has-text-color has-link-color wp-elements-3aa94ae3f2c6bc83c7bcb82e154122d7\">Der Kurs erm\u00f6glicht es Ihnen, Sprachbarrieren effektiv zu \u00fcberwinden, Selbstvertrauen in Gespr\u00e4chen aufzubauen und Ihre Sprach- und Verst\u00e4ndnisf\u00e4higkeiten schnell zu entwickeln. Er ist ideal f\u00fcr Personen, die in Polen leben und allt\u00e4gliche Eink\u00e4ufe, Beh\u00f6rdeng\u00e4nge, gesellschaftliche Treffen oder andere allt\u00e4gliche Situationen planen, die Polnischkenntnisse erfordern.<\/p>\n\n\n\n<div style=\"height:72px\" aria-hidden=\"true\" class=\"wp-block-spacer\"><\/div>\n\n\n<a class=\"button-secondary \" href=\"\/de\/kontakt\/\">\n  Melden Sie sich f\u00fcr den Kurs an<\/a>\n    <\/div>\n  <\/div>\n\n<\/div><\/div>\n","protected":false},"excerpt":{"rendered":"","protected":false},"author":1,"featured_media":529,"parent":534,"menu_order":0,"comment_status":"closed","ping_status":"closed","template":"","meta":{"_acf_changed":false,"footnotes":""},"class_list":["post-527","page","type-page","status-publish","has-post-thumbnail","hentry"],"acf":[],"_links":{"self":[{"href":"https:\/\/www.polski360.com\/de\/wp-json\/wp\/v2\/pages\/527","targetHints":{"allow":["GET"]}}],"collection":[{"href":"https:\/\/www.polski360.com\/de\/wp-json\/wp\/v2\/pages"}],"about":[{"href":"https:\/\/www.polski360.com\/de\/wp-json\/wp\/v2\/types\/page"}],"author":[{"embeddable":true,"href":"https:\/\/www.polski360.com\/de\/wp-json\/wp\/v2\/users\/1"}],"replies":[{"embeddable":true,"href":"https:\/\/www.polski360.com\/de\/wp-json\/wp\/v2\/comments?post=527"}],"version-history":[{"count":0,"href":"https:\/\/www.polski360.com\/de\/wp-json\/wp\/v2\/pages\/527\/revisions"}],"up":[{"embeddable":true,"href":"https:\/\/www.polski360.com\/de\/wp-json\/wp\/v2\/pages\/534"}],"wp:featuredmedia":[{"embeddable":true,"href":"https:\/\/www.polski360.com\/de\/wp-json\/wp\/v2\/media\/529"}],"wp:attachment":[{"href":"https:\/\/www.polski360.com\/de\/wp-json\/wp\/v2\/media?parent=527"}],"curies":[{"name":"wp","href":"https:\/\/api.w.org\/{rel}","templated":true}]}}