{"id":524,"date":"2025-11-19T09:46:44","date_gmt":"2025-11-19T08:46:44","guid":{"rendered":"https:\/\/polski360.com\/dla-biznesu\/"},"modified":"2025-11-19T09:46:44","modified_gmt":"2025-11-19T08:46:44","slug":"fur-unternehmen","status":"publish","type":"page","link":"https:\/\/www.polski360.com\/de\/dienstleistungen\/ziel-des-unterrichts\/fur-unternehmen\/","title":{"rendered":"F\u00fcr Unternehmen"},"content":{"rendered":"\n<section class=\"wp-block-group is-layout-constrained wp-block-group-is-layout-constrained\"><div style=\"background-color: \">\n  <div class=\"main-wrapper px-5 gap-10 flex flex-col  md:grid md:grid-cols-2  relative  \">\n\n    <div class=\"flex   flex-col gap-5 sm:flex-row md:row-start-1 md:row-end-2 \">\n      <div class=\"w-full \"><img decoding=\"async\" src=\"https:\/\/polski360.com\/wp-content\/uploads\/2025\/11\/do-biznesu.webp\" alt=\"\" class=\"intersect:animate-fade-up intersect:animate-delay-200 intersect:animate-duration-[500ms] intersect-once  max-w-full h-auto object-cover sticky top-0 \" \/><\/div>\n\n    <\/div>\n    <div class=\"   md:row-start-1 md:row-end-2 \">\n      \n\n<h3 class=\"text-base wp-block-mrblocks-generictext has-secondary-color has-text-color has-link-color wp-elements-c522c2abaa434303d3cf9aecd10d885b\"><strong>POLSKI360<\/strong><\/h3>\n\n\n\n<div style=\"height:20px\" aria-hidden=\"true\" class=\"wp-block-spacer\"><\/div>\n\n\n\n<h2 class=\"text-2xl md:text-3xl lg:text-4xl wp-block-mrblocks-generictext has-primary-color has-text-color has-link-color wp-elements-381c9c61b4deab969e7eb65c7f36c461\">Polnisch f\u00fcr den Beruf<\/h2>\n\n\n\n<div style=\"height:50px\" aria-hidden=\"true\" class=\"wp-block-spacer\"><\/div>\n\n\n\n<p class=\"has-gray-text-color has-text-color has-link-color wp-elements-951c95ec5be9dfe0d5154b81199064ca\">Der Polnischkurs f\u00fcr den Beruf wurde f\u00fcr Ausl\u00e4nder entwickelt, die professionelle Sprachkenntnisse f\u00fcr ihre Arbeit und ihr berufliches Umfeld ben\u00f6tigen. Der Unterricht konzentriert sich auf praktisches Vokabular, Fachterminologie, Gesch\u00e4ftskorrespondenz sowie die Durchf\u00fchrung von Besprechungen und Pr\u00e4sentationen auf Polnisch.<\/p>\n\n\n\n<div style=\"height:50px\" aria-hidden=\"true\" class=\"wp-block-spacer\"><\/div>\n\n\n\n<p class=\"has-gray-text-color has-text-color has-link-color wp-elements-766f8ef3c11df7b71f23f2ba0dedbd1c\">Der Kurs erm\u00f6glicht es Ihnen, Ihre Kommunikationsf\u00e4higkeiten am Arbeitsplatz zu verbessern, Selbstvertrauen in beruflichen Gespr\u00e4chen aufzubauen und sich im polnischen Gesch\u00e4ftsumfeld sicher zu bewegen. Er ist die ideale L\u00f6sung f\u00fcr Arbeitnehmer, Unternehmer und Personen, die eine Karriere in Polen planen und die Sprache im beruflichen Kontext schnell und effektiv beherrschen m\u00f6chten.<\/p>\n\n\n\n<div style=\"height:72px\" aria-hidden=\"true\" class=\"wp-block-spacer\"><\/div>\n\n\n<a class=\"button-secondary \" href=\"\/de\/kontakt\/\">\n  Melden Sie sich f\u00fcr den Kurs an<\/a>\n    <\/div>\n  <\/div>\n\n<\/div><\/section>\n","protected":false},"excerpt":{"rendered":"","protected":false},"author":1,"featured_media":526,"parent":534,"menu_order":0,"comment_status":"closed","ping_status":"closed","template":"","meta":{"_acf_changed":false,"footnotes":""},"class_list":["post-524","page","type-page","status-publish","has-post-thumbnail","hentry"],"acf":[],"_links":{"self":[{"href":"https:\/\/www.polski360.com\/de\/wp-json\/wp\/v2\/pages\/524","targetHints":{"allow":["GET"]}}],"collection":[{"href":"https:\/\/www.polski360.com\/de\/wp-json\/wp\/v2\/pages"}],"about":[{"href":"https:\/\/www.polski360.com\/de\/wp-json\/wp\/v2\/types\/page"}],"author":[{"embeddable":true,"href":"https:\/\/www.polski360.com\/de\/wp-json\/wp\/v2\/users\/1"}],"replies":[{"embeddable":true,"href":"https:\/\/www.polski360.com\/de\/wp-json\/wp\/v2\/comments?post=524"}],"version-history":[{"count":0,"href":"https:\/\/www.polski360.com\/de\/wp-json\/wp\/v2\/pages\/524\/revisions"}],"up":[{"embeddable":true,"href":"https:\/\/www.polski360.com\/de\/wp-json\/wp\/v2\/pages\/534"}],"wp:featuredmedia":[{"embeddable":true,"href":"https:\/\/www.polski360.com\/de\/wp-json\/wp\/v2\/media\/526"}],"wp:attachment":[{"href":"https:\/\/www.polski360.com\/de\/wp-json\/wp\/v2\/media?parent=524"}],"curies":[{"name":"wp","href":"https:\/\/api.w.org\/{rel}","templated":true}]}}