{"id":521,"date":"2025-11-19T09:47:07","date_gmt":"2025-11-19T08:47:07","guid":{"rendered":"https:\/\/polski360.com\/do-egzaminu-certyfikatu\/"},"modified":"2025-11-19T09:47:07","modified_gmt":"2025-11-19T08:47:07","slug":"zur-prufung-zum-zertifikat","status":"publish","type":"page","link":"https:\/\/www.polski360.com\/de\/dienstleistungen\/ziel-des-unterrichts\/zur-prufung-zum-zertifikat\/","title":{"rendered":"Zur Pr\u00fcfung \/ zum Zertifikat"},"content":{"rendered":"\n<div class=\"wp-block-group is-layout-constrained wp-block-group-is-layout-constrained\"><div style=\"background-color: \">\n  <div class=\"main-wrapper px-5 gap-10 flex flex-col  md:grid md:grid-cols-2  relative  \">\n\n    <div class=\"flex   flex-col gap-5 sm:flex-row md:row-start-1 md:row-end-2 \">\n      <div class=\"w-full \"><img decoding=\"async\" src=\"https:\/\/polski360.com\/wp-content\/uploads\/2025\/11\/do-biznesu.webp\" alt=\"\" class=\"intersect:animate-fade-up intersect:animate-delay-200 intersect:animate-duration-[500ms] intersect-once  max-w-full h-auto object-cover sticky top-0 \" \/><\/div>\n\n    <\/div>\n    <div class=\"   md:row-start-1 md:row-end-2 \">\n      \n\n<h3 class=\"text-base wp-block-mrblocks-generictext has-secondary-color has-text-color has-link-color wp-elements-c522c2abaa434303d3cf9aecd10d885b\"><strong>POLSKI360<\/strong><\/h3>\n\n\n\n<div style=\"height:20px\" aria-hidden=\"true\" class=\"wp-block-spacer\"><\/div>\n\n\n\n<h2 class=\"text-2xl md:text-3xl lg:text-4xl wp-block-mrblocks-generictext has-primary-color has-text-color has-link-color wp-elements-cb19191e72cfe2cc2b9917790e31238a\">Polnisch f\u00fcr Pr\u00fcfung und Zertifikat<\/h2>\n\n\n\n<div style=\"height:50px\" aria-hidden=\"true\" class=\"wp-block-spacer\"><\/div>\n\n\n\n<p class=\"has-gray-text-color has-text-color has-link-color wp-elements-6767b12c589d8d813f158d41e978202f\">Der Polnischkurs f\u00fcr die Pr\u00fcfung und das Zertifikat richtet sich an Ausl\u00e4nder, die sich effektiv auf offizielle Sprachpr\u00fcfungen wie das C1-, B2-Zertifikat oder die staatliche Pr\u00fcfung vorbereiten m\u00f6chten. Der Unterricht umfasst alle wichtigen Bereiche: Grammatik, Wortschatz, Lesen, Schreiben, H\u00f6ren und Konversations\u00fcbungen, entsprechend den Pr\u00fcfungsanforderungen.<\/p>\n\n\n\n<div style=\"height:50px\" aria-hidden=\"true\" class=\"wp-block-spacer\"><\/div>\n\n\n\n<p class=\"has-gray-text-color has-text-color has-link-color wp-elements-bd8754c6a663d3458c091ec4485bd0c3\">Der Kursplan ist an das Niveau der Teilnehmer angepasst und erm\u00f6glicht eine systematische \u00dcberwachung der Fortschritte. Dadurch gewinnen die Kursteilnehmer Selbstvertrauen, lernen Pr\u00fcfungsstrategien und bereiten sich effektiv auf den Erwerb eines offiziellen Sprachzertifikats vor, das ihre Polnischkenntnisse im beruflichen und privaten Leben best\u00e4tigt.<\/p>\n\n\n\n<div style=\"height:72px\" aria-hidden=\"true\" class=\"wp-block-spacer\"><\/div>\n\n\n<a class=\"button-secondary \" href=\"\/de\/kontakt\/\">\n  Melden Sie sich f\u00fcr den Kurs an<\/a>\n    <\/div>\n  <\/div>\n\n<\/div><\/div>\n","protected":false},"excerpt":{"rendered":"","protected":false},"author":1,"featured_media":523,"parent":534,"menu_order":0,"comment_status":"closed","ping_status":"closed","template":"","meta":{"_acf_changed":false,"footnotes":""},"class_list":["post-521","page","type-page","status-publish","has-post-thumbnail","hentry"],"acf":[],"_links":{"self":[{"href":"https:\/\/www.polski360.com\/de\/wp-json\/wp\/v2\/pages\/521","targetHints":{"allow":["GET"]}}],"collection":[{"href":"https:\/\/www.polski360.com\/de\/wp-json\/wp\/v2\/pages"}],"about":[{"href":"https:\/\/www.polski360.com\/de\/wp-json\/wp\/v2\/types\/page"}],"author":[{"embeddable":true,"href":"https:\/\/www.polski360.com\/de\/wp-json\/wp\/v2\/users\/1"}],"replies":[{"embeddable":true,"href":"https:\/\/www.polski360.com\/de\/wp-json\/wp\/v2\/comments?post=521"}],"version-history":[{"count":0,"href":"https:\/\/www.polski360.com\/de\/wp-json\/wp\/v2\/pages\/521\/revisions"}],"up":[{"embeddable":true,"href":"https:\/\/www.polski360.com\/de\/wp-json\/wp\/v2\/pages\/534"}],"wp:featuredmedia":[{"embeddable":true,"href":"https:\/\/www.polski360.com\/de\/wp-json\/wp\/v2\/media\/523"}],"wp:attachment":[{"href":"https:\/\/www.polski360.com\/de\/wp-json\/wp\/v2\/media?parent=521"}],"curies":[{"name":"wp","href":"https:\/\/api.w.org\/{rel}","templated":true}]}}