{"id":517,"date":"2025-12-09T11:39:33","date_gmt":"2025-12-09T10:39:33","guid":{"rendered":"https:\/\/polski360.com\/zajecia-w-parze\/"},"modified":"2026-01-08T13:48:25","modified_gmt":"2026-01-08T12:48:25","slug":"unterricht-zu-zweit","status":"publish","type":"page","link":"https:\/\/www.polski360.com\/de\/dienstleistungen\/unterricht-zu-zweit\/","title":{"rendered":"Unterricht zu zweit"},"content":{"rendered":"\n<section class=\"wp-block-group is-layout-flow wp-block-group-is-layout-flow\"><div style=\"background-color: \">\n  <div class=\"main-wrapper px-5 gap-10 flex flex-col  md:grid md:grid-cols-2  relative  \">\n\n    <div class=\"flex   flex-col gap-5 sm:flex-row md:row-start-1 md:row-end-2 \">\n      <div class=\"w-full \"><img decoding=\"async\" src=\"https:\/\/polski360.com\/wp-content\/uploads\/2025\/12\/zajecia-w-parze.webp\" alt=\"\" class=\"intersect:animate-fade-up intersect:animate-delay-200 intersect:animate-duration-[500ms] intersect-once  max-w-full h-auto object-cover sticky top-0 \" \/><\/div>\n\n    <\/div>\n    <div class=\"   md:row-start-1 md:row-end-2 \">\n      \n\n<h3 class=\"text-base wp-block-mrblocks-generictext has-secondary-color has-text-color has-link-color wp-elements-c522c2abaa434303d3cf9aecd10d885b\"><strong>POLSKI360<\/strong><\/h3>\n\n\n\n<div style=\"height:20px\" aria-hidden=\"true\" class=\"wp-block-spacer\"><\/div>\n\n\n\n<h2 class=\"text-2xl md:text-3xl lg:text-4xl wp-block-mrblocks-generictext has-primary-color has-text-color has-link-color wp-elements-e08a9cf45aa196c4b5409ededf50868d\">Polnischunterricht zu zweit<\/h2>\n\n\n\n<div style=\"height:50px\" aria-hidden=\"true\" class=\"wp-block-spacer\"><\/div>\n\n\n\n<p class=\"has-gray-text-color has-text-color has-link-color wp-elements-d6d3ff9244531c80a2d14cada206ba25\">Unser Paarunterricht ist die ideale Wahl f\u00fcr alle, die in einer intimeren und effektiveren Form lernen m\u00f6chten. Jede Unterrichtsstunde ist auf das Niveau und die Bed\u00fcrfnisse der Teilnehmer zugeschnitten \u2013 unabh\u00e4ngig davon, ob Sie gerade erst anfangen oder Ihre bereits vorhandenen Kenntnisse vertiefen m\u00f6chten. So sind Komfort und Motivation garantiert, und das Lernen wird pers\u00f6nlicher und effektiver.<\/p>\n\n\n\n<div style=\"height:50px\" aria-hidden=\"true\" class=\"wp-block-spacer\"><\/div>\n\n\n\n<p class=\"has-gray-text-color has-text-color has-link-color wp-elements-5d9587fc0cbcf8c189ac8ab58466e1db\">In Zweiergruppen arbeiten wir an allen wichtigen F\u00e4higkeiten: Konversation, Wortschatz, Aussprache und Grammatik. Der Unterricht ist interaktiv gestaltet \u2013 wir verwenden h\u00e4ufig Dialoge, praktische \u00dcbungen und Situationsszenen. So k\u00f6nnen Sie die Sprache in nat\u00fcrlichen Situationen frei anwenden und Selbstvertrauen gewinnen. Dadurch stellen sich schneller Erfolge ein und das Lernen macht Spa\u00df.<\/p>\n\n\n\n<div style=\"height:72px\" aria-hidden=\"true\" class=\"wp-block-spacer\"><\/div>\n\n\n\n<div class=\"wp-block-group gap-10 is-horizontal is-layout-flex wp-block-group-is-layout-flex\"><a class=\"button-secondary \" href=\"\/de\/kontakt\/\">\n  Melden Sie sich f\u00fcr den Kurs an<\/a>\n\n<a class=\"mr-button \" href=\"https:\/\/www.polski360.com\/de\/preisliste\/\">\n  Siehe Preisliste<\/a>\n<\/div>\n\n    <\/div>\n  <\/div>\n\n<\/div><\/section>\n","protected":false},"excerpt":{"rendered":"","protected":false},"author":1,"featured_media":518,"parent":554,"menu_order":0,"comment_status":"closed","ping_status":"closed","template":"","meta":{"_acf_changed":false,"footnotes":""},"class_list":["post-517","page","type-page","status-publish","has-post-thumbnail","hentry"],"acf":[],"_links":{"self":[{"href":"https:\/\/www.polski360.com\/de\/wp-json\/wp\/v2\/pages\/517","targetHints":{"allow":["GET"]}}],"collection":[{"href":"https:\/\/www.polski360.com\/de\/wp-json\/wp\/v2\/pages"}],"about":[{"href":"https:\/\/www.polski360.com\/de\/wp-json\/wp\/v2\/types\/page"}],"author":[{"embeddable":true,"href":"https:\/\/www.polski360.com\/de\/wp-json\/wp\/v2\/users\/1"}],"replies":[{"embeddable":true,"href":"https:\/\/www.polski360.com\/de\/wp-json\/wp\/v2\/comments?post=517"}],"version-history":[{"count":1,"href":"https:\/\/www.polski360.com\/de\/wp-json\/wp\/v2\/pages\/517\/revisions"}],"predecessor-version":[{"id":842,"href":"https:\/\/www.polski360.com\/de\/wp-json\/wp\/v2\/pages\/517\/revisions\/842"}],"up":[{"embeddable":true,"href":"https:\/\/www.polski360.com\/de\/wp-json\/wp\/v2\/pages\/554"}],"wp:featuredmedia":[{"embeddable":true,"href":"https:\/\/www.polski360.com\/de\/wp-json\/wp\/v2\/media\/518"}],"wp:attachment":[{"href":"https:\/\/www.polski360.com\/de\/wp-json\/wp\/v2\/media?parent=517"}],"curies":[{"name":"wp","href":"https:\/\/api.w.org\/{rel}","templated":true}]}}