{"id":1028,"date":"2026-01-16T14:22:52","date_gmt":"2026-01-16T13:22:52","guid":{"rendered":"https:\/\/www.polski360.com\/polnischer-sprachkurs-fuer-das-zertifikat\/"},"modified":"2026-01-21T16:40:15","modified_gmt":"2026-01-21T15:40:15","slug":"polnischer-sprachkurs-fuer-das-zertifikat","status":"publish","type":"page","link":"https:\/\/www.polski360.com\/de\/polnischer-sprachkurs-fuer-das-zertifikat\/","title":{"rendered":"Polnischer Sprachkurs f\u00fcr das Zertifikat"},"content":{"rendered":"\n<style>\n    \/* KONTENER G\u0141\u00d3WNY *\/\n    .features-section-wrapper {\n        width: 100%;\n        max-width: 1240px;\n        margin: 0 auto 50px auto;\n        padding: 0 20px;\n        box-sizing: border-box;\n        font-family: 'Helvetica Neue', Helvetica, Arial, sans-serif;\n        position: relative;\n    }\n\n    \/* NAG\u0141\u00d3WEK *\/\n    .features-header {\n        text-align: center;\n        margin-bottom: 30px;\n        max-width: 800px;\n        margin-left: auto;\n        margin-right: auto;\n    }\n\n    .features-title {\n        color: #233a6e;\n        font-size: 2rem;\n        font-weight: 800;\n        margin-bottom: 15px;\n        line-height: 1.2;\n    }\n\n    .features-lead {\n        font-size: 1.05rem;\n        color: #555;\n        line-height: 1.6;\n    }\n\n    \/* KONTENER KARUZELI *\/\n    .carousel-container {\n        position: relative;\n        display: flex;\n        align-items: center;\n    }\n\n    \/* OBSZAR PRZEWIJANIA *\/\n    .features-scroll-area {\n        display: flex;\n        gap: 20px; \/* Odst\u0119p mi\u0119dzy kartami *\/\n        overflow-x: auto;\n        scroll-behavior: smooth;\n        padding: 20px 20px 40px 5px; \/* Prawy padding 20px pozwala zobaczy\u0107 cie\u0144 ostatniej karty *\/\n        scroll-snap-type: x mandatory;\n        -webkit-overflow-scrolling: touch;\n        scrollbar-width: none; \/* Firefox *\/\n        width: 100%;\n    }\n\n    .features-scroll-area::-webkit-scrollbar {\n        display: none; \/* Chrome\/Safari *\/\n    }\n\n    \/* EFEKT MASKI ZE STRZA\u0141K\u0104 (MOBILE) *\/\n    .mobile-scroll-hint {\n        position: absolute;\n        right: 0;\n        top: 20px; \/* Dopasowane do wysoko\u015bci karty *\/\n        bottom: 40px; \/* Dopasowane do cienia *\/\n        width: 80px;\n        background: linear-gradient(to right, rgba(255,255,255,0), rgba(255,255,255,1) 90%);\n        pointer-events: none; \/* Umo\u017cliwia klikanie \"przez\" mask\u0119 *\/\n        z-index: 5;\n        display: flex;\n        align-items: center;\n        justify-content: flex-end;\n        padding-right: 10px;\n        border-radius: 0 12px 12px 0;\n    }\n\n    .hint-arrow {\n        width: 30px;\n        height: 30px;\n        background-color: #990028; \/* Bordowy *\/\n        color: white;\n        border-radius: 50%;\n        display: flex;\n        align-items: center;\n        justify-content: center;\n        font-weight: bold;\n        box-shadow: 0 4px 10px rgba(0,0,0,0.2);\n        animation: pulseRight 1.5s infinite;\n    }\n\n    @keyframes pulseRight {\n        0% { transform: translateX(0); opacity: 1; }\n        50% { transform: translateX(5px); opacity: 0.8; }\n        100% { transform: translateX(0); opacity: 1; }\n    }\n    \n    \/* Ukrywamy podpowied\u017a na du\u017cych ekranach *\/\n    @media(min-width: 769px) {\n        .mobile-scroll-hint { display: none; }\n    }\n\n    \/* PRZYCISKI NAWIGACJI (DESKTOP) *\/\n    .nav-btn {\n        width: 45px;\n        height: 45px;\n        border-radius: 50%;\n        background-color: #fff;\n        border: 1px solid #eee;\n        box-shadow: 0 4px 10px rgba(0,0,0,0.1);\n        color: #233a6e;\n        display: flex;\n        align-items: center;\n        justify-content: center;\n        cursor: pointer;\n        transition: all 0.3s ease;\n        z-index: 10;\n        position: absolute;\n        top: 45%; \/* Lekka korekta do g\u00f3ry *\/\n        transform: translateY(-50%);\n        font-size: 1.2rem;\n    }\n\n    .nav-btn:hover {\n        background-color: #233a6e;\n        color: #fff;\n        box-shadow: 0 6px 15px rgba(35, 58, 110, 0.2);\n    }\n\n    .nav-prev { left: -25px; }\n    .nav-next { right: -25px; }\n\n    \/* Ukryj przyciski desktopowe na telefonie *\/\n    @media (max-width: 768px) {\n        .nav-btn { display: none; }\n        .features-section-wrapper { padding: 0 10px; }\n    }\n\n    \/* KARTA CECHY *\/\n    .feature-card-pro {\n        \/* KLUCZOWE DLA MOBILE: Karta zajmuje 85% ekranu, dzi\u0119ki czemu wida\u0107 15% nast\u0119pnej *\/\n        flex: 0 0 85%; \n        max-width: 320px; \/* Ale nie wi\u0119cej ni\u017c 320px *\/\n        \n        background-color: #fff;\n        border-radius: 12px;\n        padding: 30px 25px;\n        box-shadow: 0 10px 25px -5px rgba(0,0,0,0.06);\n        border: 1px solid rgba(0,0,0,0.02);\n        scroll-snap-align: center;\n        display: flex;\n        flex-direction: column;\n        position: relative;\n        overflow: hidden;\n        transition: transform 0.3s ease;\n        border-top: 6px solid #990028;\n    }\n\n    \/* Na desktopie sta\u0142a szeroko\u015b\u0107 *\/\n    @media (min-width: 769px) {\n        .feature-card-pro {\n            flex: 0 0 300px;\n        }\n    }\n\n    .feature-card-pro:hover {\n        transform: translateY(-5px);\n        box-shadow: 0 15px 35px -5px rgba(35, 58, 110, 0.12);\n    }\n\n    \/* Numer w tle *\/\n    .card-number {\n        position: absolute;\n        top: 10px;\n        right: 20px;\n        font-size: 3rem;\n        font-weight: 900;\n        color: #f4f4f4;\n        z-index: 0;\n        line-height: 1;\n    }\n\n    \/* Tre\u015b\u0107 *\/\n    .card-content {\n        position: relative;\n        z-index: 1;\n    }\n\n    .card-title {\n        color: #233a6e;\n        font-weight: 700;\n        font-size: 1.2rem;\n        margin-bottom: 12px;\n        margin-top: 10px;\n    }\n\n    .card-text {\n        font-size: 0.95rem;\n        color: #666;\n        line-height: 1.5;\n        margin: 0;\n    }\n\n<\/style>\n\n<div class=\"features-section-wrapper\">\n    \n    <div class=\"features-header\">\n        <h2 class=\"features-title\">Was macht unseren Kurs Polnisch f\u00fcr Zertifikate anders?<\/h2>\n        <p class=\"features-lead\">\n  Ein firmeneigenes System, das Sie stressfrei durch das Legalisierungsverfahren f\u00fcr Ihren Aufenthalt bringt.\n        <\/p>\n    <\/div>\n\n    <div class=\"carousel-container\">\n        <button class=\"nav-btn nav-prev\" onclick=\"scrollFeatures(-1)\">\u276e<\/button>\n\n        <div class=\"features-scroll-area\" id=\"featuresScroll\">\n            \n            <div class=\"feature-card-pro\">\n                <div class=\"card-number\">01<\/div>\n                <div class=\"card-content\">\n                    <h3 class=\"card-title\">Staatliche Standards<\/h3>\n                    <p class=\"card-text\">\n  Volle \u00dcbereinstimmung mit den offiziellen JPJO-Richtlinien. Sie lernen genau das, was der Pr\u00fcfungsausschuss verlangt.\n                    <\/p>\n                <\/div>\n            <\/div>\n\n            <div class=\"feature-card-pro\">\n                <div class=\"card-number\">02<\/div>\n                <div class=\"card-content\">\n                    <h3 class=\"card-title\">Eigenes Lehrmaterial<\/h3>\n                    <p class=\"card-text\">\n  Anstelle von langweiligen B\u00fcchern &#8211; ma\u00dfgebliches Material, das sich auf Strukturen konzentriert, die realistisch in Tests vorkommen.\n                    <\/p>\n                <\/div>\n            <\/div>\n\n            <div class=\"feature-card-pro\">\n                <div class=\"card-number\">03<\/div>\n                <div class=\"card-content\">\n                    <h3 class=\"card-title\">Expertenpraxis<\/h3>\n                    <p class=\"card-text\">\n  Wir wissen, wo Passanten Punkte verlieren. Wir beseitigen h\u00e4ufige Fehler, bevor sie auf Ihrem Blatt erscheinen.\n                    <\/p>\n                <\/div>\n            <\/div>\n\n            <div class=\"feature-card-pro\">\n                <div class=\"card-number\">04<\/div>\n                <div class=\"card-content\">\n                    <h3 class=\"card-title\">Individuelles Tempo<\/h3>\n                    <p class=\"card-text\">\n  Wir schneiden die Methode auf Ihre F\u00e4higkeiten zu. Lernen, das auf schnelle, sichtbare Fortschritte ausgerichtet ist.\n                    <\/p>\n                <\/div>\n            <\/div>\n\n        <\/div>\n        \n        <div class=\"mobile-scroll-hint\" id=\"mobileHint\">\n            <div class=\"hint-arrow\">\u279c<\/div>\n        <\/div>\n\n        <button class=\"nav-btn nav-next\" onclick=\"scrollFeatures(1)\">\u276f<\/button>\n    <\/div>\n\n<\/div>\n\n<script>\n    \/\/ Obs\u0142uga strza\u0142ek desktopowych\n    function scrollFeatures(direction) {\n        const container = document.getElementById('featuresScroll');\n        const scrollAmount = 320; \n        container.scrollBy({\n            left: direction * scrollAmount,\n            behavior: 'smooth'\n        });\n    }\n\n    \/\/ Ukrywanie podpowiedzi mobilnej po pierwszym ruchu palcem\n    const scrollContainer = document.getElementById('featuresScroll');\n    const mobileHint = document.getElementById('mobileHint');\n\n    scrollContainer.addEventListener('scroll', function() {\n        if (mobileHint.style.opacity !== '0') {\n            mobileHint.style.transition = 'opacity 0.5s ease';\n            mobileHint.style.opacity = '0';\n            \/\/ Po chwili usuwamy z \"klikalno\u015bci\"\n            setTimeout(() => {\n                mobileHint.style.display = 'none';\n            }, 500);\n        }\n    });\n<\/script>\n\n\n\n <style>\n        \/* KONTENER *\/\n        .kursy-depth-wrapper {\n            width: 100%;\n            max-width: 1240px;\n            margin: 50px auto;\n            padding: 20px;\n            box-sizing: border-box;\n            font-family: 'Helvetica Neue', Helvetica, Arial, sans-serif;\n            background-color: transparent;\n        }\n\n        \/* SIATKA *\/\n        .kursy-depth-grid {\n            display: grid;\n            grid-template-columns: repeat(auto-fit, minmax(320px, 1fr));\n            gap: 35px;\n        }\n\n        \/* KARTA G\u0141\u00d3WNA *\/\n        .kurs-depth-card {\n            background-color: #fff;\n            border-radius: 12px;\n            box-shadow: 0 10px 30px -5px rgba(0, 0, 0, 0.1);\n            display: flex;\n            flex-direction: column;\n            transition: all 0.4s cubic-bezier(0.175, 0.885, 0.32, 1.275);\n            position: relative;\n            z-index: 1;\n            height: 100%;\n            border: 1px solid rgba(0,0,0,0.02);\n        }\n\n        .kurs-depth-card:hover {\n            transform: translateY(-12px);\n            box-shadow: 0 25px 50px -12px rgba(35, 58, 110, 0.25);\n            z-index: 2;\n        }\n\n        \/* NAG\u0141\u00d3WEK *\/\n        .kurs-depth-header {\n            background: linear-gradient(135deg, #233a6e 0%, #1a2b55 100%);\n            padding: 25px 20px;\n            text-align: center;\n            border-radius: 12px 12px 0 0;\n            position: relative;\n            box-shadow: 0 10px 20px rgba(0,0,0,0.15);\n            z-index: 2;\n            overflow: hidden;\n        }\n\n        .kurs-depth-header::after {\n            content: '';\n            position: absolute;\n            bottom: 0;\n            left: 0;\n            width: 100%;\n            height: 6px;\n            background-color: #990028;\n        }\n\n        .kurs-depth-level {\n            font-size: 4rem;\n            font-weight: 900;\n            color: #fff;\n            line-height: 1;\n            margin-bottom: 5px;\n            text-shadow: 2px 4px 10px rgba(0,0,0,0.3);\n            display: block;\n        }\n\n        .kurs-depth-label {\n            color: rgba(255,255,255,0.85);\n            text-transform: uppercase;\n            font-size: 0.75rem;\n            letter-spacing: 2px;\n            font-weight: 600;\n            display: block;\n        }\n\n        \/* TRE\u015a\u0106 *\/\n        .kurs-depth-body {\n            padding: 30px;\n            padding-top: 35px;\n            display: flex;\n            flex-direction: column;\n            flex-grow: 1;\n            position: relative;\n            z-index: 1;\n        }\n\n        .kurs-depth-title {\n            color: #233a6e;\n            font-size: 1.3rem;\n            font-weight: 700;\n            margin: 0 0 15px 0;\n            line-height: 1.3;\n        }\n\n        .kurs-depth-desc {\n            color: #555;\n            font-size: 0.95rem;\n            line-height: 1.6;\n            margin-bottom: 20px;\n            font-style: italic;\n        }\n\n        .kurs-depth-meta {\n            background-color: #f9f9f9;\n            padding: 10px 15px;\n            border-radius: 6px;\n            margin-bottom: 25px;\n            border-left: 4px solid #990028;\n            color: #333;\n            font-weight: 600;\n            font-size: 0.9rem;\n            display: flex;\n            align-items: center;\n            box-shadow: inset 0 2px 5px rgba(0,0,0,0.03);\n        }\n\n        .meta-icon {\n            margin-right: 10px;\n            font-size: 1.1em;\n        }\n\n        .kurs-depth-list {\n            list-style: none;\n            padding: 0;\n            margin: 0 0 30px 0;\n            flex-grow: 1;\n        }\n\n        .kurs-depth-list li {\n            position: relative;\n            padding-left: 24px;\n            margin-bottom: 12px;\n            font-size: 0.92rem;\n            color: #444;\n            line-height: 1.4;\n        }\n\n        .kurs-depth-list li::before {\n            content: '';\n            position: absolute;\n            left: 0;\n            top: 6px;\n            width: 6px;\n            height: 10px;\n            border: solid #990028;\n            border-width: 0 2px 2px 0;\n            transform: rotate(45deg);\n        }\n\n        \/* STOPKA Z PRZYCISKAMI *\/\n        .kurs-depth-footer {\n            display: flex;\n            gap: 12px;\n            margin-top: auto;\n        }\n\n        \/* PRZYCISKI *\/\n        .kurs-depth-btn {\n            flex: 1;\n            text-align: center;\n            padding: 14px 10px;\n            border-radius: 50px;\n            text-decoration: none;\n            font-weight: 700;\n            font-size: 0.9rem;\n            transition: all 0.3s ease;\n            display: block;\n        }\n\n        .kurs-depth-btn-primary {\n            background-color: #233a6e;\n            color: #fff;\n            border: 2px solid #233a6e;\n            box-shadow: 0 4px 6px rgba(35, 58, 110, 0.1);\n        }\n\n        .kurs-depth-btn-primary:hover {\n            background-color: #1a2b55;\n            border-color: #1a2b55;\n            box-shadow: 0 8px 15px rgba(35, 58, 110, 0.2);\n            transform: translateY(-2px);\n        }\n\n        .kurs-depth-btn-outline {\n            background-color: transparent;\n            color: #233a6e;\n            border: 2px solid #233a6e;\n        }\n\n        .kurs-depth-btn-outline:hover {\n            background-color: rgba(35, 58, 110, 0.05);\n            transform: translateY(-2px);\n        }\n\n        @media (max-width: 480px) {\n            .kurs-depth-footer {\n                flex-direction: column;\n            }\n        }\n    <\/style>\n<\/head>\n<body>\n\n<div class=\"kursy-depth-wrapper\">\n    <div class=\"kursy-depth-grid\">\n\n        <!-- KARTA A1 -->\n        <div class=\"kurs-depth-card\">\n            <div class=\"kurs-depth-header\">\n                <span class=\"kurs-depth-level\">A1<\/span>\n                <span class=\"kurs-depth-label\">Anf\u00e4nger<\/span>\n            <\/div>\n            <div class=\"kurs-depth-body\">\n                <h3 class=\"kurs-depth-title\">Polnischkurs A1<\/h3>\n                <p class=\"kurs-depth-desc\">Fangen Sie gerade erst an? Lernen Sie die Grundlagen mit Lehrern, die Ihre Sprache sprechen.<\/p>\n                \n                <div class=\"kurs-depth-meta\">\n                    <span class=\"meta-icon\">\u23f1<\/span> ca. 30 Stunden\n                <\/div>\n\n                <ul class=\"kurs-depth-list\">\n                    <li>100% Online-Unterricht<\/li>\n                    <li>Betreuung in Ihrer Muttersprache<\/li>\n                    <li>Unterrichtsmaterialien inklusive<\/li>\n                <\/ul>\n\n                <div class=\"kurs-depth-footer\">\n                    <a href=\"https:\/\/www.polski360.com\/de\/polnischkurs-zum-zertifikat-a1\/\" class=\"kurs-depth-btn kurs-depth-btn-outline\">Mehr erfahren<\/a>\n                    <a href=\"https:\/\/www.polski360.com\/de\/kontakt\/\" class=\"kurs-depth-btn kurs-depth-btn-primary\">Anmelden<\/a>\n                <\/div>\n            <\/div>\n        <\/div>\n\n        <!-- KARTA A2 -->\n        <div class=\"kurs-depth-card\">\n            <div class=\"kurs-depth-header\">\n                <span class=\"kurs-depth-level\">A2<\/span>\n                <span class=\"kurs-depth-label\">Grundkenntnisse<\/span>\n            <\/div>\n            <div class=\"kurs-depth-body\">\n                <h3 class=\"kurs-depth-title\">A2 Pr\u00fcfungskurs<\/h3>\n                <p class=\"kurs-depth-desc\">Haben Sie schon Grundlagen? Bereiten Sie sich auf die Zertifikatspr\u00fcfung gem\u00e4\u00df dem Gesetz vor.<\/p>\n                \n                <div class=\"kurs-depth-meta\">\n                    <span class=\"meta-icon\">\u23f1<\/span> ca. 40 Stunden\n                <\/div>\n\n                <ul class=\"kurs-depth-list\">\n                    <li>Der gr\u00f6\u00dfte Niveausprung<\/li>\n                    <li>Polnische Grammatik beherrschen<\/li>\n                    <li>Flie\u00dfend \u00fcber wichtige Themen sprechen<\/li>\n                <\/ul>\n\n                <div class=\"kurs-depth-footer\">\n                    <a href=\"https:\/\/www.polski360.com\/de\/polnischkurs-a2-zum-zertifikat\/\" class=\"kurs-depth-btn kurs-depth-btn-outline\">Mehr erfahren<\/a>\n                    <a href=\"https:\/\/www.polski360.com\/de\/kontakt\/\" class=\"kurs-depth-btn kurs-depth-btn-primary\">Anmelden<\/a>\n                <\/div>\n            <\/div>\n        <\/div>\n\n        <!-- KARTA B1 -->\n        <div class=\"kurs-depth-card\">\n            <div class=\"kurs-depth-header\">\n                <span class=\"kurs-depth-level\">B1<\/span>\n                <span class=\"kurs-depth-label\">Mittelstufe<\/span>\n            <\/div>\n            <div class=\"kurs-depth-body\">\n                <h3 class=\"kurs-depth-title\">B1 Pr\u00fcfungskurs<\/h3>\n                <p class=\"kurs-depth-desc\">Legalisieren Sie Ihren Aufenthalt mit der wichtigsten Pr\u00fcfung. Lernen Sie den notwendigen Stoff.<\/p>\n                \n                <div class=\"kurs-depth-meta\">\n                    <span class=\"meta-icon\">\u23f1<\/span> ca. 35 Stunden\n                <\/div>\n\n                <ul class=\"kurs-depth-list\">\n                    <li>Vorbereitung auf die Hauptpr\u00fcfung<\/li>\n                    <li>Pr\u00fcfungsaufgaben in der Praxis<\/li>\n                    <li>Richtige Aussprache und Schreibweise<\/li>\n                <\/ul>\n\n                <div class=\"kurs-depth-footer\">\n                    <a href=\"https:\/\/www.polski360.com\/de\/polnischkurs-b1-zum-zertifikat\/\" class=\"kurs-depth-btn kurs-depth-btn-outline\">Mehr erfahren<\/a>\n                    <a href=\"https:\/\/www.polski360.com\/de\/kontakt\/\" class=\"kurs-depth-btn kurs-depth-btn-primary\">Anmelden<\/a>\n                <\/div>\n            <\/div>\n        <\/div>\n\n        <!-- KARTA B2 -->\n        <div class=\"kurs-depth-card\">\n            <div class=\"kurs-depth-header\">\n                <span class=\"kurs-depth-level\">B2<\/span>\n                <span class=\"kurs-depth-label\">Obere Mittelstufe<\/span>\n            <\/div>\n            <div class=\"kurs-depth-body\">\n                <h3 class=\"kurs-depth-title\">B2 Pr\u00fcfungskurs<\/h3>\n                <p class=\"kurs-depth-desc\">Machen Sie den n\u00e4chsten Schritt und klingen Sie wie ein Muttersprachler. Studieren Sie auf Polnisch.<\/p>\n                \n                <div class=\"kurs-depth-meta\">\n                    <span class=\"meta-icon\">\u23f1<\/span> ca. 35 Stunden\n                <\/div>\n\n                <ul class=\"kurs-depth-list\">\n                    <li>Studium und Arbeit in Polen<\/li>\n                    <li>Freiheit in jeder Diskussion<\/li>\n                    <li>Fachvokabular<\/li>\n                <\/ul>\n\n                <div class=\"kurs-depth-footer\">\n                    <a href=\"https:\/\/www.polski360.com\/de\/polnischkurs-zum-b2-zertifikat\/\" class=\"kurs-depth-btn kurs-depth-btn-outline\">Mehr erfahren<\/a>\n                    <a href=\"https:\/\/www.polski360.com\/de\/kontakt\/\" class=\"kurs-depth-btn kurs-depth-btn-primary\">Anmelden<\/a>\n                <\/div>\n            <\/div>\n        <\/div>\n\n        <!-- KARTA C1 -->\n        <div class=\"kurs-depth-card\">\n            <div class=\"kurs-depth-header\">\n                <span class=\"kurs-depth-level\">C1<\/span>\n                <span class=\"kurs-depth-label\">Fortgeschritten<\/span>\n            <\/div>\n            <div class=\"kurs-depth-body\">\n                <h3 class=\"kurs-depth-title\">C1 Pr\u00fcfungskurs<\/h3>\n                <p class=\"kurs-depth-desc\">Die C1-Pr\u00fcfung \u00f6ffnet die T\u00fcr zum kostenlosen Studium in Polen. Wir helfen Ihnen dabei.<\/p>\n                \n                <div class=\"kurs-depth-meta\">\n                    <span class=\"meta-icon\">\u23f1<\/span> ca. 40 Stunden\n                <\/div>\n\n                <ul class=\"kurs-depth-list\">\n                    <li>Akademisches Niveau<\/li>\n                    <li>Beherrschung komplexer Texte<\/li>\n                    <li>Sprachliche Unabh\u00e4ngigkeit<\/li>\n                <\/ul>\n\n                <div class=\"kurs-depth-footer\">\n                    <a href=\"https:\/\/www.polski360.com\/de\/polnischkurs-c1-zum-zertifikat\/\" class=\"kurs-depth-btn kurs-depth-btn-outline\">Mehr erfahren<\/a>\n                    <a href=\"https:\/\/www.polski360.com\/de\/kontakt\/\" class=\"kurs-depth-btn kurs-depth-btn-primary\">Anmelden<\/a>\n                <\/div>\n            <\/div>\n        <\/div>\n\n        <!-- KARTA C2 -->\n        <div class=\"kurs-depth-card\">\n            <div class=\"kurs-depth-header\">\n                <span class=\"kurs-depth-level\">C2<\/span>\n                <span class=\"kurs-depth-label\">Experte<\/span>\n            <\/div>\n            <div class=\"kurs-depth-body\">\n                <h3 class=\"kurs-depth-title\">Polnischkurs C2<\/h3>\n                <p class=\"kurs-depth-desc\">Erreichen Sie dieses Niveau und integrieren Sie sich vollst\u00e4ndig. Mit uns ist das m\u00f6glich.<\/p>\n                \n                <div class=\"kurs-depth-meta\">\n                    <span class=\"meta-icon\">\u23f1<\/span> ca. 40 Stunden\n                <\/div>\n\n                <ul class=\"kurs-depth-list\">\n                    <li>Niveau eines gebildeten Muttersprachlers<\/li>\n                    <li>Nuancen, Humor und Kultur<\/li>\n                    <li>Professionelle Texte verfassen<\/li>\n                <\/ul>\n\n                <div class=\"kurs-depth-footer\">\n                    <a href=\"https:\/\/www.polski360.com\/de\/polnischkurs-c2-zum-zertifikat\/\" class=\"kurs-depth-btn kurs-depth-btn-outline\">Mehr erfahren<\/a>\n                    <a href=\"https:\/\/www.polski360.com\/de\/kontakt\/\" class=\"kurs-depth-btn kurs-depth-btn-primary\">Anmelden<\/a>\n                <\/div>\n            <\/div>\n        <\/div>\n\n    <\/div>\n<\/div>\n\n\n\n\n<p><\/p>\n","protected":false},"excerpt":{"rendered":"<p>Was macht unseren Kurs Polnisch f\u00fcr Zertifikate anders? Ein firmeneigenes System, das Sie stressfrei durch das Legalisierungsverfahren f\u00fcr Ihren Aufenthalt bringt. \u276e 01 Staatliche Standards Volle \u00dcbereinstimmung mit den offiziellen JPJO-Richtlinien. Sie lernen genau das, was der Pr\u00fcfungsausschuss verlangt. 02 Eigenes Lehrmaterial Anstelle von langweiligen B\u00fcchern &#8211; ma\u00dfgebliches Material, das sich auf Strukturen konzentriert, die [&hellip;]<\/p>\n","protected":false},"author":2,"featured_media":1622,"parent":0,"menu_order":0,"comment_status":"closed","ping_status":"closed","template":"","meta":{"_acf_changed":false,"footnotes":""},"class_list":["post-1028","page","type-page","status-publish","has-post-thumbnail","hentry"],"acf":[],"_links":{"self":[{"href":"https:\/\/www.polski360.com\/de\/wp-json\/wp\/v2\/pages\/1028","targetHints":{"allow":["GET"]}}],"collection":[{"href":"https:\/\/www.polski360.com\/de\/wp-json\/wp\/v2\/pages"}],"about":[{"href":"https:\/\/www.polski360.com\/de\/wp-json\/wp\/v2\/types\/page"}],"author":[{"embeddable":true,"href":"https:\/\/www.polski360.com\/de\/wp-json\/wp\/v2\/users\/2"}],"replies":[{"embeddable":true,"href":"https:\/\/www.polski360.com\/de\/wp-json\/wp\/v2\/comments?post=1028"}],"version-history":[{"count":4,"href":"https:\/\/www.polski360.com\/de\/wp-json\/wp\/v2\/pages\/1028\/revisions"}],"predecessor-version":[{"id":1178,"href":"https:\/\/www.polski360.com\/de\/wp-json\/wp\/v2\/pages\/1028\/revisions\/1178"}],"wp:featuredmedia":[{"embeddable":true,"href":"https:\/\/www.polski360.com\/de\/wp-json\/wp\/v2\/media\/1622"}],"wp:attachment":[{"href":"https:\/\/www.polski360.com\/de\/wp-json\/wp\/v2\/media?parent=1028"}],"curies":[{"name":"wp","href":"https:\/\/api.w.org\/{rel}","templated":true}]}}