{"id":1004,"date":"2026-01-13T13:13:18","date_gmt":"2026-01-13T12:13:18","guid":{"rendered":"https:\/\/www.polski360.com\/polityka-prywatnosci-cookies\/"},"modified":"2026-01-13T13:44:14","modified_gmt":"2026-01-13T12:44:14","slug":"datenschutzerklarung-cookies","status":"publish","type":"page","link":"https:\/\/www.polski360.com\/de\/datenschutzerklarung-cookies\/","title":{"rendered":"Datenschutzerkl\u00e4rung Cookies"},"content":{"rendered":"\n<div class=\"wp-block-columns is-layout-flex wp-container-core-columns-is-layout-28f84493 wp-block-columns-is-layout-flex\">\n<div class=\"wp-block-column !mx-auto main-wrapper px-5 is-layout-flow wp-block-column-is-layout-flow\">\n<h3 style=\"font-size:1.5em;margin-bottom:1em;\">Datenschutzerkl\u00e4rung f\u00fcr Website und Cookies<\/h3>\n<p style=\"margin-bottom:1em;\">Darunter stellen wir aktuelle Datenschutzrichtlinien der Website und Cookies dar. Diese Richtlinie kann sich \u00e4ndern. Die aktuelle Version finden Sie auf unserer Website.<\/p><br \/>\n<div style=\"width: 100%; overflow-x: auto;\">\n\t<table style=\"width: 100%;border-collapse: collapse;margin-bottom: 20px;\">\n\t\t<tr>\n\t\t\t<td style=\"font-weight: bold; border: 1px solid #ddd;padding: 10px;\">\n\t\t\t\tVerantwortlicher f\u00fcr die Datenverarbeitung\n\t\t\t<\/td>\n\t\t\t<td style=\" border: 1px solid #ddd;padding: 10px;\">\n\t\t\t\tVollst\u00e4ndiger Unternehmensname mit Angabe der Rechtsform Sitzadresse (KRS) oder eines st\u00e4ndigen Sitzes der Gesch\u00e4ftst\u00e4tigkeit (CeiDG)\n\t\t\t<\/td>\n\t\t<\/tr>\n\t\t<tr>\n\t\t\t<td style=\"font-weight: bold; border: 1px solid #ddd;padding: 10px;\">\n\t\t\t\tKontaktdaten des Verantwortlichen f\u00fcr die Verarbeitung personenbezogener Daten\n\t\t\t<\/td>\n\t\t\t<td style=\" border: 1px solid #ddd;padding: 10px;\">\n\t\t\t\t<p>Postanschrift:<\/p>\n\t\t\t\t<p>Polski360 Gabriela Pasek, ul.Le\u015bna 70A, 42-300 Myszk\u00f3w<\/p>\n\t\t\t\t<p>E-Mail-Adresse: biuro@polski360.com<\/p>\n\t\t\t<\/td>\n\t\t<\/tr>\n\t\t<tr>\n\t\t\t<td rowspan=\"5\" style=\"font-weight: bold; border: 1px solid #ddd;padding: 10px;\">\n\t\t\t\tAngabe des Zwecks und der Rechtsgrundlage der Datenverarbeitung\n\t\t\t<\/td>\n\t\t\t<td style=\"border: 1px solid #ddd;padding: 10px;\">\n\t\t\t\tOptimierung der Funktionalit\u00e4ten der Website des Administrators (Art. 6 Abs. 1 Buchstabe f DSGVO)\n\t\t\t<\/td>\n\t\t<\/tr>\n\t\t<tr>\n\t\t\t<td style=\"border: 1px solid #ddd;padding: 10px;\">\n\t\t\t\tAnalyse und Statistik der Nutzung der Website des Administrators durch die Benutzer (Art. 6 Abs. 1 Buchstabe f DSGVO)\n\t\t\t<\/td>\n\t\t<\/tr>\n\t\t<tr>\n\t\t\t<td style=\"border: 1px solid #ddd;padding: 10px;\">\n\t\t\t\tVerfolgung des berechtigten Interesses des Administrators an der Analyse der Benutzeraktivit\u00e4ten und anschlie\u00dfender Nutzung der analytischen Daten f\u00fcr Remarketing (d. h. die Anzeige von Werbungen, die mit den Interessen des Benutzers korrelieren) (Art. 6 Abs. 1 Buchstabe f DSGVO)\n\t\t\t<\/td>\n\t\t<\/tr>\n\t\t<tr>\n\t\t\t<td style=\" border: 1px solid #ddd;padding: 10px;\">\n\t\t\t\tIm Falle einer gesonderten Einwilligung in die Verarbeitung personenbezogener Daten, der in der Einwilligungserkl\u00e4rung angegebene Zweck (Art. 6 Abs.1 Buchstabe a DSGVO)\n\t\t\t<\/td>\n\t\t<\/tr>\n\t\t<tr>\n\t\t\t<td style=\"border: 1px solid #ddd;padding: 10px;\">\n\t\t\t\tErf\u00fcllung der Verpflichtungen aus allgemein geltenden Rechtsvorschriften, insbesondere dem Telekommunikationsgesetz und dem Gesetz \u00fcber die Erbringung von Dienstleistungen auf elektronischem Wege (Art. 6 Abs. 1 Buchstabe c DSGVO)\n\t\t\t<\/td>\n\t\t<\/tr>\n\t\t<tr>\n\t\t\t<td style=\"font-weight: bold; border: 1px solid #ddd;padding: 10px;\">\n\t\t\t\tAngabe der Dauer der Datenverarbeitung\n\t\t\t<\/td>\n\t\t\t<td style=\"border: 1px solid #ddd;padding: 10px;\">\n\t\t\t\tDie Daten werden bis zum Ablauf der Verpflichtung zur Datenverarbeitung gem\u00e4\u00df den einschl\u00e4gigen Rechtsvorschriften, insbesondere dem Telekommunikationsgesetz und dem Gesetz \u00fcber die Erbringung von Dienstleistungen auf elektronischem Wege, verarbeitet. Daten, die auf der Grundlage des berechtigten Interesses des Administrators verarbeitet werden (Art. 6 Abs. 1 Buchstabe f DSGVO), werden bis zur Ber\u00fccksichtigung eines berechtigten Widerspruchs gegen die Verarbeitung verarbeitet. Daten, die auf der Grundlage einer Einwilligung verarbeitet werden (Art. 6 Abs. 1 Buchstabe a DSGVO), werden bis zum Widerruf der Einwilligung verarbeitet.\n\t\t\t<\/td>\n\t\t<\/tr>\n\t\t<tr>\n\t\t\t<td style=\"font-weight: bold; border: 1px solid #ddd;padding: 10px;\">\n\t\t\t\tAngabe der Art der verarbeiteten Daten\n\t\t\t<\/td>\n\t\t\t<td style=\"border: 1px solid #ddd;padding: 10px;\">\n\t\t\t\tIP-Adresse, Informationen aus Cookies und anderen Tracking-Technologien, wie z. B. Ger\u00e4te- und Browserdaten sowie Informationen zur Website- Aktivit\u00e4t. Weitere Informationen finden Sie in den Cookie-Richtlinien\n\t\t\t<\/td>\n\t\t<\/tr>\n\t\t<tr>\n\t\t\t<td style=\"font-weight: bold; border: 1px solid #ddd;padding: 10px;\">\n\t\t\t\tAngabe der Datenquelle\n\t\t\t<\/td>\n\t\t\t<td style=\"border: 1px solid #ddd;padding: 10px;\">\n\t\t\t\tDaten, die gesammelt werden, stammen von Ihnen als Person, die die Website besucht.\n\t\t\t<\/td>\n\t\t<\/tr>\n\t\t<tr>\n\t\t\t<td style=\"font-weight: bold; border: 1px solid #ddd;padding: 10px;\">\n\t\t\t\tDie Folgen der Nichtangabe von Daten\n\t\t\t<\/td>\n\t\t\t<td style=\" border: 1px solid #ddd;padding: 10px;\">\n\t\t\t\tDie Angabe der Daten ist freiwillig und hat keine negativen Konsequenzen f\u00fcr den Nutzer.\n\t\t\t<\/td>\n\t\t<\/tr>\n\t\t<tr>\n\t\t\t<td style=\"font-weight: bold; border: 1px solid #ddd;padding: 10px;\">\n\t\t\t\tOffenlegung der Datenempf\u00e4nger\n\t\t\t<\/td>\n\t\t\t<td style=\"border: 1px solid #ddd;padding: 10px;\">\n\t\t\t\tExterne Empf\u00e4nger der Daten:<br \/>\n\t\t\t\t&#8211; \u00d6ffentliche Stellen oder andere berechtigte Stellen,<br \/>\n\t\t\t\t&#8211; Unsere Lieferanten und Subunternehmer,<br \/>\n\t\t\t\t&#8211; IT-Dienstleister,\n\t\t\t<\/td>\n\t\t<\/tr>\n\t\t<tr>\n\t\t\t<td style=\"font-weight: bold; border: 1px solid #ddd;padding: 10px;\">\n\t\t\t\tExport von Daten au\u00dferhalb des Europ\u00e4ischen Wirtschaftsraums (EWR)\n\t\t\t<\/td>\n\t\t\t<td style=\"border: 1px solid #ddd;padding: 10px;\">\n\t\t\t\tDaten werden nicht in L\u00e4nder au\u00dferhalb des Europ\u00e4ischen Wirtschaftsraums (EWR) \u00fcbertragen.\n\t\t\t<\/td>\n\t\t<\/tr>\n\t\t<tr>\n\t\t\t<td style=\"font-weight: bold; border: 1px solid #ddd;padding: 10px;\">\n\t\t\t\tInformationen \u00fcber die automatisierte Entscheidungsfindung auf der Grundlage von Daten\n\t\t\t<\/td>\n\t\t\t<td style=\" border: 1px solid #ddd;padding: 10px;\">\n\t\t\t\tAuf der Grundlage der von Ihnen zur Verf\u00fcgung gestellten Daten werden keine automatisierten Entscheidungen getroffen.\n\t\t\t<\/td>\n\t\t<\/tr>\n\t\t<tr>\n\t\t\t<td style=\"font-weight: bold; border: 1px solid #ddd;padding: 10px;\">\n\t\t\t\tRechte der betroffenen Person\n\t\t\t<\/td>\n\t\t\t<td style=\" border: 1px solid #ddd;padding: 10px;\">\n\t\t\t\tDie betroffene Person hat das Recht:<br \/>\n\t\t\t\t&#8211; Auskunft zu verlangen (Art. 15 DSGVO)<br \/>\n\t\t\t\t&#8211; Berichtigung zu verlangen (Art. 16 DSGVO)<br \/>\n\t\t\t\t&#8211; L\u00f6schung zu verlangen (Art. 17 DSGVO)<br \/>\n\t\t\t\t&#8211; Einschr\u00e4nkung der Verarbeitung zu verlangen (Art. 18 DSGVO)<br \/>\n\t\t\t\t&#8211; Daten\u00fcbertragbarkeit zu verlangen (Art. 20 DSGVO)<br \/>\n\t\t\t\t&#8211; Die Einwilligung zu widerrufen (Art. 7 Abs. 3 DSGVO)\n\t\t\t<\/td>\n\t\t<\/tr>\n\t\t<tr>\n\t\t\t<td style=\"font-weight: bold; border: 1px solid #ddd;padding: 10px;\">\n\t\t\t\tWiderspruch gegen die Verarbeitung Ihrer Daten \n\t\t\t<\/td>\n\t\t\t<td style=\"border: 1px solid #ddd;padding: 10px;\">\n\t\t\t\tDu hast das Recht, Widerspruch gegen die Verarbeitung deiner Daten einzulegen. Du kannst deinen Widerspruch an folgende E-Mail-Adresse senden: biuro@polski360.com\n\t\t\t<\/td>\n\t\t<\/tr>\n\t\t<tr>\n\t\t\t<td style=\"font-weight: bold; border: 1px solid #ddd;padding: 10px;\">\n\t\t\t\tBeschwerde beim Bundesbeauftragten f\u00fcr den Datenschutz und die Informationsfreiheit (BfDI)\n\t\t\t<\/td>\n\t\t\t<td style=\"border: 1px solid #ddd;padding: 10px;\">\n\t\t\t\tDu hast das Recht, eine Beschwerde \u00fcber die Verarbeitung deiner Daten beim Bundesbeauftragten f\u00fcr den Datenschutz und die Informationsfreiheit (BfDI) einzureichen. Weitere Informationen findest du auf der Website: https:\/\/uodo.gov.pl\/\n\t\t\t<\/td>\n\t\t<\/tr>\n\t<\/table>\n<\/div>\n<h3 style=\"font-size:1.5em;margin-bottom:1em;\">Cookies<\/h3><br \/>\n<h4 style=\"font-size:1.3em;margin-bottom:1em;\">I. Allgemeine Informationen \u00fcber Cookies<\/h4><br \/>\n<ol style=\"list-style:decimal;margin-left:2em;line-height:1.5em;margin-bottom:1em;\">\n\t<li>Cookies sind kleine Textdateien, die von einer Website auf einem Computer oder Mobilger\u00e4t (Handy, Tablet) gespeichert werden, wenn Sie die Website besuchen. Wir haben Cookies in zwei Kategorien eingeteilt:\n\t\t<ol style=\"list-style-type:lower-alpha;margin-left:2em;line-height:1.5em;\">\n\t\t\t<li>\n\t\t\t\t<p>Notwendige Cookies sind f\u00fcr die Funktion der Website erforderlich, ohne diese Cookies kann die Website nicht richtig funktionieren. Gem. Art. 173 Abs. 3 TKG ist f\u00fcr die Verwendung von notwendigen Cookies keine Zustimmung des Nutzers erforderlich. Wir verwenden diese Cookies standardm\u00e4\u00dfig, wenn ein Benutzer unsere Website besucht. Das bedeutet, dass die Cookies auf dem Ger\u00e4t des Benutzers gespeichert werden, sobald er unsere Website aufruft. Diese Cookies messen den Traffic auf der Website und sch\u00fctzen sie vor \u00dcberlastung. Diese Cookies speichern die vom Benutzer ausgew\u00e4hlten Optionen und Informationen zu Datenschutz, Anmeldung und Warenkorb.<\/p>\n\t\t\t<\/li>\n\t\t\t<li>\n\t\t\t\t<p>&#8222;Fakultative&#8220; Cookies sind Cookies, die nicht f\u00fcr die Funktion der Website erforderlich sind. Sie werden nur verwendet, wenn Sie Ihre Zustimmung dazu geben. Wir verwenden analytische Cookies von Google, um die Anzahl der Besucher unserer Website und die Herkunft der Besucher zu messen. Diese Informationen werden verwendet, um die Leistung unserer Website zu verbessern. Informationen \u00fcber die vom Benutzer besuchten Unterseiten und die Navigation auf der Website. Die Zustimmung zur Verwendung der oben genannten Dateien ist freiwillig und hat keinen Einfluss auf die Funktionsweise der Website.<\/p>\n\t\t\t<\/li>\n\t\t<\/ol>\n\t<\/li>\n<\/ol>\n<br \/>\n<a data-cc=\"show-preferencesModal\" class=\"preferencesModal\" style=\"display:block;width:80%;margin:0 auto;cursor:pointer;text-decoration:underline;margin-bottom:1em;text-align:center;\">KLICKE HIER, UM INFORMATIONEN \u00dcBER DIE NAMEN DER VERWENDETEN COOKIES, IHRE FUNKTIONEN UND IHRE SPEICHERFRISTEN ZU ERHALTEN<\/a><br \/><br \/>\n<h4 style=\"font-size:1.3em;margin-bottom:1em;\">II. Auswahl der Einstellungen f\u00fcr optionale Cookies. Sie k\u00f6nnen die Speicherung von Cookies auf verschiedene Weise ablehnen oder akzeptieren.<\/h4><br \/>\n<ol style=\"list-style:decimal;margin-left:2em;line-height:1.5em;margin-bottom:1em;\">\n\t<li>\n\t\tArt. 173 Abs. 3 des Telekommunikationsgesetzes (TKG) besagt, dass die Verwendung von Cookies, die f\u00fcr die Bereitstellung von Telekommunikationsdiensten unbedingt erforderlich sind, nicht der Zustimmung eines Nutzers bedarf.\n\t<\/li>\n\t<li>\n\t\tBeim Besuch unserer Website wird Ihnen ein Banner mit Informationen \u00fcber die Verwendung von Cookies angezeigt.\n\t<\/li>\n\t<li>\n\t\tWenn Sie nicht m\u00f6chten, dass optionale Cookies auf Ihrem Ger\u00e4t gespeichert werden, w\u00e4hlen Sie die Option &#8222;Alle ablehnen&#8220;. Durch Auswahl dieser Option lehnen Sie die Zustimmung zu allen anderen (optionalen) Cookies ab und lehnen somit alle Cookies ab, mit Ausnahme der Cookies, die f\u00fcr die Nutzung der Website erforderlich sind.\n\t<\/li>\n\t<li>\n\t\tWenn Sie die Option &#8222;Alle akzeptieren&#8220; w\u00e4hlen, stimmen Sie der Speicherung aller anderen (optionalen) Cookies auf Ihrem Ger\u00e4t zu.\n\t<\/li>\n\t<li>\n\t\tWenn Sie die Option &#8222;Individuelle Pr\u00e4ferenzen verwalten&#8220; w\u00e4hlen, k\u00f6nnen Sie Ihre Einstellungen verwalten, indem Sie einzelne optionale oben beschriebene Cookies ausw\u00e4hlen, deren Speicherung auf Ihrem Ger\u00e4t Sie genehmigen.\n\t<\/li>\n\t<li>\n\t\tIhre Auswahl best\u00e4tigt au\u00dferdem, dass Sie wissen, was diese Cookies sind, die wir verwenden und zu welchen Zwecken wir sie verwenden.\n\t<\/li>\n\t<li>\n\t\tSie k\u00f6nnen Ihre Cookie-Einstellungen jederzeit \u00e4ndern. Um Ihre Cookie-Einstellungen zu \u00e4ndern, klicken Sie auf das Zahnradsymbol unten links auf unserer Website.\n\t<\/li>\n<\/ol>\n<\/div>\n<\/div>\n","protected":false},"excerpt":{"rendered":"<p>Datenschutzerkl\u00e4rung f\u00fcr Website und Cookies Darunter stellen wir aktuelle Datenschutzrichtlinien der Website und Cookies dar. Diese Richtlinie kann sich \u00e4ndern. Die aktuelle Version finden Sie auf unserer Website. Verantwortlicher f\u00fcr die Datenverarbeitung Vollst\u00e4ndiger Unternehmensname mit Angabe der Rechtsform Sitzadresse (KRS) oder eines st\u00e4ndigen Sitzes der Gesch\u00e4ftst\u00e4tigkeit (CeiDG) Kontaktdaten des Verantwortlichen f\u00fcr die Verarbeitung personenbezogener Daten [&hellip;]<\/p>\n","protected":false},"author":1,"featured_media":0,"parent":0,"menu_order":0,"comment_status":"closed","ping_status":"closed","template":"","meta":{"_acf_changed":false,"footnotes":""},"class_list":["post-1004","page","type-page","status-publish","hentry"],"acf":[],"_links":{"self":[{"href":"https:\/\/www.polski360.com\/de\/wp-json\/wp\/v2\/pages\/1004","targetHints":{"allow":["GET"]}}],"collection":[{"href":"https:\/\/www.polski360.com\/de\/wp-json\/wp\/v2\/pages"}],"about":[{"href":"https:\/\/www.polski360.com\/de\/wp-json\/wp\/v2\/types\/page"}],"author":[{"embeddable":true,"href":"https:\/\/www.polski360.com\/de\/wp-json\/wp\/v2\/users\/1"}],"replies":[{"embeddable":true,"href":"https:\/\/www.polski360.com\/de\/wp-json\/wp\/v2\/comments?post=1004"}],"version-history":[{"count":2,"href":"https:\/\/www.polski360.com\/de\/wp-json\/wp\/v2\/pages\/1004\/revisions"}],"predecessor-version":[{"id":1007,"href":"https:\/\/www.polski360.com\/de\/wp-json\/wp\/v2\/pages\/1004\/revisions\/1007"}],"wp:attachment":[{"href":"https:\/\/www.polski360.com\/de\/wp-json\/wp\/v2\/media?parent=1004"}],"curies":[{"name":"wp","href":"https:\/\/api.w.org\/{rel}","templated":true}]}}